{"id":963,"date":"2025-03-16T12:58:26","date_gmt":"2025-03-16T15:58:26","guid":{"rendered":"https:\/\/ocantinhodepapel.com\/?post_type=product&#038;p=963"},"modified":"2025-12-01T01:46:10","modified_gmt":"2025-12-01T04:46:10","slug":"sorvetinho-da-atencao","status":"publish","type":"product","link":"https:\/\/ocantinhodepapel.com\/index.php\/produto\/sorvetinho-da-atencao\/","title":{"rendered":"Sorvetinho da Aten\u00e7\u00e3o"},"content":{"rendered":"<p>Este recurso pedag\u00f3gico l\u00fadico e interativo auxilia no desenvolvimento da aten\u00e7\u00e3o e concentra\u00e7\u00e3o das crian\u00e7as. A atividade consiste em parear as bolas de sorvete conforme a sequ\u00eancia indicada na ficha, estimulando a percep\u00e7\u00e3o visual, a mem\u00f3ria e a organiza\u00e7\u00e3o. Trabalhar a aten\u00e7\u00e3o de forma divertida favorece o aprendizado, melhora o foco e contribui para o desenvolvimento\u00a0cognitivo.<\/p>\n","protected":false},"excerpt":{"rendered":"<p>Este recurso pedag\u00f3gico l\u00fadico e interativo auxilia no desenvolvimento da aten\u00e7\u00e3o e concentra\u00e7\u00e3o das crian\u00e7as. A atividade consiste em parear as bolas de sorvete conforme a sequ\u00eancia indicada na ficha, estimulando a percep\u00e7\u00e3o visual, a mem\u00f3ria e a organiza\u00e7\u00e3o. Trabalhar a aten\u00e7\u00e3o de forma divertida favorece o aprendizado, melhora o foco e contribui para o [&hellip;]<\/p>\n","protected":false},"featured_media":1314,"comment_status":"open","ping_status":"closed","template":"","meta":[],"product_brand":[],"product_cat":[34,24],"product_tag":[],"class_list":{"0":"post-963","1":"product","2":"type-product","3":"status-publish","4":"has-post-thumbnail","6":"product_cat-que-baratinho","7":"product_cat-recursos-pedagogicos","9":"first","10":"instock","11":"downloadable","12":"shipping-taxable","13":"purchasable","14":"product-type-simple"},"jetpack_sharing_enabled":true,"_links":{"self":[{"href":"https:\/\/ocantinhodepapel.com\/index.php\/wp-json\/wp\/v2\/product\/963","targetHints":{"allow":["GET"]}}],"collection":[{"href":"https:\/\/ocantinhodepapel.com\/index.php\/wp-json\/wp\/v2\/product"}],"about":[{"href":"https:\/\/ocantinhodepapel.com\/index.php\/wp-json\/wp\/v2\/types\/product"}],"replies":[{"embeddable":true,"href":"https:\/\/ocantinhodepapel.com\/index.php\/wp-json\/wp\/v2\/comments?post=963"}],"wp:featuredmedia":[{"embeddable":true,"href":"https:\/\/ocantinhodepapel.com\/index.php\/wp-json\/wp\/v2\/media\/1314"}],"wp:attachment":[{"href":"https:\/\/ocantinhodepapel.com\/index.php\/wp-json\/wp\/v2\/media?parent=963"}],"wp:term":[{"taxonomy":"product_brand","embeddable":true,"href":"https:\/\/ocantinhodepapel.com\/index.php\/wp-json\/wp\/v2\/product_brand?post=963"},{"taxonomy":"product_cat","embeddable":true,"href":"https:\/\/ocantinhodepapel.com\/index.php\/wp-json\/wp\/v2\/product_cat?post=963"},{"taxonomy":"product_tag","embeddable":true,"href":"https:\/\/ocantinhodepapel.com\/index.php\/wp-json\/wp\/v2\/product_tag?post=963"}],"curies":[{"name":"wp","href":"https:\/\/api.w.org\/{rel}","templated":true}]}}