{"id":791,"date":"2025-02-28T19:53:21","date_gmt":"2025-02-28T22:53:21","guid":{"rendered":"https:\/\/ocantinhodepapel.com\/?post_type=product&#038;p=791"},"modified":"2025-12-01T01:46:22","modified_gmt":"2025-12-01T04:46:22","slug":"leitura-divertida","status":"publish","type":"product","link":"https:\/\/ocantinhodepapel.com\/index.php\/produto\/leitura-divertida\/","title":{"rendered":"Leitura divertida"},"content":{"rendered":"<p>Arquivo com 20 fichas de leitura de palavras de s\u00edlabas simples para crian\u00e7as em fase de alfabetiza\u00e7\u00e3o.<br \/>\nMaterial excelente para crian\u00e7as que est\u00e3o iniciando o processo de leitura, pois as palavras possuem argolas nas letras para formar as s\u00edlabas, facilitando a compreens\u00e3o do nosso sistema de leitura e escrita.<\/p>\n<p>Cada ficha inclui 5 palavras para leitura, com letra bast\u00e3o mai\u00fascula.<br \/>\nO arquivo vai em PDF pronto para impress\u00e3o.<\/p>\n<p>Para maior durabilidade recomenda-se plastificar o material.<\/p>\n<p>Objetivos da proposta:<br \/>\nEstimular a flu\u00eancia leitora<br \/>\nEst\u00edmulo ao Interesse pela Leitura<br \/>\nAumento do Vocabul\u00e1rio<br \/>\nDesenvolvimento da Express\u00e3o Oral e Escrita<br \/>\nPromo\u00e7\u00e3o da Aprendizagem Ativa<br \/>\nMelhora da Concentra\u00e7\u00e3o e Foco<br \/>\nMaior confian\u00e7a ao realizar leitura de palavras<\/p>\n","protected":false},"excerpt":{"rendered":"<p>Arquivo com 20 fichas de leitura de palavras de s\u00edlabas simples para crian\u00e7as em fase de alfabetiza\u00e7\u00e3o. Material excelente para crian\u00e7as que est\u00e3o iniciando o processo de leitura, pois as palavras possuem argolas nas letras para formar as s\u00edlabas, facilitando a compreens\u00e3o do nosso sistema de leitura e escrita. Cada ficha inclui 5 palavras para [&hellip;]<\/p>\n","protected":false},"featured_media":793,"comment_status":"open","ping_status":"closed","template":"","meta":[],"product_brand":[],"product_cat":[24],"product_tag":[],"class_list":{"0":"post-791","1":"product","2":"type-product","3":"status-publish","4":"has-post-thumbnail","6":"product_cat-recursos-pedagogicos","8":"first","9":"instock","10":"downloadable","11":"shipping-taxable","12":"purchasable","13":"product-type-simple"},"jetpack_sharing_enabled":true,"_links":{"self":[{"href":"https:\/\/ocantinhodepapel.com\/index.php\/wp-json\/wp\/v2\/product\/791","targetHints":{"allow":["GET"]}}],"collection":[{"href":"https:\/\/ocantinhodepapel.com\/index.php\/wp-json\/wp\/v2\/product"}],"about":[{"href":"https:\/\/ocantinhodepapel.com\/index.php\/wp-json\/wp\/v2\/types\/product"}],"replies":[{"embeddable":true,"href":"https:\/\/ocantinhodepapel.com\/index.php\/wp-json\/wp\/v2\/comments?post=791"}],"wp:featuredmedia":[{"embeddable":true,"href":"https:\/\/ocantinhodepapel.com\/index.php\/wp-json\/wp\/v2\/media\/793"}],"wp:attachment":[{"href":"https:\/\/ocantinhodepapel.com\/index.php\/wp-json\/wp\/v2\/media?parent=791"}],"wp:term":[{"taxonomy":"product_brand","embeddable":true,"href":"https:\/\/ocantinhodepapel.com\/index.php\/wp-json\/wp\/v2\/product_brand?post=791"},{"taxonomy":"product_cat","embeddable":true,"href":"https:\/\/ocantinhodepapel.com\/index.php\/wp-json\/wp\/v2\/product_cat?post=791"},{"taxonomy":"product_tag","embeddable":true,"href":"https:\/\/ocantinhodepapel.com\/index.php\/wp-json\/wp\/v2\/product_tag?post=791"}],"curies":[{"name":"wp","href":"https:\/\/api.w.org\/{rel}","templated":true}]}}