{"id":773,"date":"2025-02-28T18:25:30","date_gmt":"2025-02-28T21:25:30","guid":{"rendered":"https:\/\/ocantinhodepapel.com\/?post_type=product&#038;p=773"},"modified":"2025-12-01T01:46:24","modified_gmt":"2025-12-01T04:46:24","slug":"atividade-grafomotora","status":"publish","type":"product","link":"https:\/\/ocantinhodepapel.com\/index.php\/produto\/atividade-grafomotora\/","title":{"rendered":"Atividade grafomotora"},"content":{"rendered":"<p>A Atividade Grafomotora \u00e9 um recurso utilizado para potencializar a motora fina progressivamente, auxiliando no desenvolvimento dos tra\u00e7ados e no aprimoramento dos movimentos necess\u00e1rios para a escrita.<\/p>\n<p>Recurso com 20 fichas<\/p>\n<p>PDF pronto para impress\u00e3o<\/p>\n","protected":false},"excerpt":{"rendered":"<p>A Atividade Grafomotora \u00e9 um recurso utilizado para potencializar a motora fina progressivamente, auxiliando no desenvolvimento dos tra\u00e7ados e no aprimoramento dos movimentos necess\u00e1rios para a escrita. Recurso com 20 fichas PDF pronto para impress\u00e3o<\/p>\n","protected":false},"featured_media":775,"comment_status":"open","ping_status":"closed","template":"","meta":[],"product_brand":[],"product_cat":[34,24],"product_tag":[],"class_list":{"0":"post-773","1":"product","2":"type-product","3":"status-publish","4":"has-post-thumbnail","6":"product_cat-que-baratinho","7":"product_cat-recursos-pedagogicos","9":"first","10":"instock","11":"downloadable","12":"shipping-taxable","13":"purchasable","14":"product-type-simple"},"jetpack_sharing_enabled":true,"_links":{"self":[{"href":"https:\/\/ocantinhodepapel.com\/index.php\/wp-json\/wp\/v2\/product\/773","targetHints":{"allow":["GET"]}}],"collection":[{"href":"https:\/\/ocantinhodepapel.com\/index.php\/wp-json\/wp\/v2\/product"}],"about":[{"href":"https:\/\/ocantinhodepapel.com\/index.php\/wp-json\/wp\/v2\/types\/product"}],"replies":[{"embeddable":true,"href":"https:\/\/ocantinhodepapel.com\/index.php\/wp-json\/wp\/v2\/comments?post=773"}],"wp:featuredmedia":[{"embeddable":true,"href":"https:\/\/ocantinhodepapel.com\/index.php\/wp-json\/wp\/v2\/media\/775"}],"wp:attachment":[{"href":"https:\/\/ocantinhodepapel.com\/index.php\/wp-json\/wp\/v2\/media?parent=773"}],"wp:term":[{"taxonomy":"product_brand","embeddable":true,"href":"https:\/\/ocantinhodepapel.com\/index.php\/wp-json\/wp\/v2\/product_brand?post=773"},{"taxonomy":"product_cat","embeddable":true,"href":"https:\/\/ocantinhodepapel.com\/index.php\/wp-json\/wp\/v2\/product_cat?post=773"},{"taxonomy":"product_tag","embeddable":true,"href":"https:\/\/ocantinhodepapel.com\/index.php\/wp-json\/wp\/v2\/product_tag?post=773"}],"curies":[{"name":"wp","href":"https:\/\/api.w.org\/{rel}","templated":true}]}}