{"id":7075,"date":"2026-04-10T16:35:44","date_gmt":"2026-04-10T19:35:44","guid":{"rendered":"https:\/\/ocantinhodepapel.com\/?post_type=product&#038;p=7075"},"modified":"2026-04-10T16:35:45","modified_gmt":"2026-04-10T19:35:45","slug":"kit-quem-cuida-de-mim","status":"publish","type":"product","link":"https:\/\/ocantinhodepapel.com\/index.php\/produto\/kit-quem-cuida-de-mim\/","title":{"rendered":"Kit Quem Cuida de Mim"},"content":{"rendered":"<p>Arquivo em PDF pronto para impress\u00e3o.<\/p>\n<p>O arquivo vai com os seguintes itens:<\/p>\n<ul>\n<li>Painel j\u00e1 ampliado<\/li>\n<li>Moldura para foto<\/li>\n<li>Coroa na op\u00e7\u00e3o colorida e para colorir<\/li>\n<li>Porta lembrancinha na op\u00e7\u00e3o colorida e para colorir<\/li>\n<li>Sacolinha<\/li>\n<li>Porta retrato edit\u00e1vel<\/li>\n<li>Jogo \u201cEu e voc\u00ea\u201d na op\u00e7\u00e3o colorida e para colorir<\/li>\n<li>5 p\u00e1ginas de atividades para colorir<\/li>\n<\/ul>\n","protected":false},"excerpt":{"rendered":"<p>Arquivo em PDF pronto para impress\u00e3o. O arquivo vai com os seguintes itens: Painel j\u00e1 ampliado Moldura para foto Coroa na op\u00e7\u00e3o colorida e para colorir Porta lembrancinha na op\u00e7\u00e3o colorida e para colorir Sacolinha Porta retrato edit\u00e1vel Jogo \u201cEu e voc\u00ea\u201d na op\u00e7\u00e3o colorida e para colorir 5 p\u00e1ginas de atividades para colorir<\/p>\n","protected":false},"featured_media":7078,"comment_status":"open","ping_status":"closed","template":"","meta":[],"product_brand":[],"product_cat":[26,15,24],"product_tag":[],"class_list":{"0":"post-7075","1":"product","2":"type-product","3":"status-publish","4":"has-post-thumbnail","6":"product_cat-datas-comemorativas","7":"product_cat-o-cantinho-de-papel","8":"product_cat-recursos-pedagogicos","10":"first","11":"instock","12":"downloadable","13":"shipping-taxable","14":"purchasable","15":"product-type-simple"},"jetpack_sharing_enabled":true,"_links":{"self":[{"href":"https:\/\/ocantinhodepapel.com\/index.php\/wp-json\/wp\/v2\/product\/7075","targetHints":{"allow":["GET"]}}],"collection":[{"href":"https:\/\/ocantinhodepapel.com\/index.php\/wp-json\/wp\/v2\/product"}],"about":[{"href":"https:\/\/ocantinhodepapel.com\/index.php\/wp-json\/wp\/v2\/types\/product"}],"replies":[{"embeddable":true,"href":"https:\/\/ocantinhodepapel.com\/index.php\/wp-json\/wp\/v2\/comments?post=7075"}],"wp:featuredmedia":[{"embeddable":true,"href":"https:\/\/ocantinhodepapel.com\/index.php\/wp-json\/wp\/v2\/media\/7078"}],"wp:attachment":[{"href":"https:\/\/ocantinhodepapel.com\/index.php\/wp-json\/wp\/v2\/media?parent=7075"}],"wp:term":[{"taxonomy":"product_brand","embeddable":true,"href":"https:\/\/ocantinhodepapel.com\/index.php\/wp-json\/wp\/v2\/product_brand?post=7075"},{"taxonomy":"product_cat","embeddable":true,"href":"https:\/\/ocantinhodepapel.com\/index.php\/wp-json\/wp\/v2\/product_cat?post=7075"},{"taxonomy":"product_tag","embeddable":true,"href":"https:\/\/ocantinhodepapel.com\/index.php\/wp-json\/wp\/v2\/product_tag?post=7075"}],"curies":[{"name":"wp","href":"https:\/\/api.w.org\/{rel}","templated":true}]}}