{"id":6771,"date":"2026-03-27T15:48:35","date_gmt":"2026-03-27T18:48:35","guid":{"rendered":"https:\/\/ocantinhodepapel.com\/?post_type=product&#038;p=6771"},"modified":"2026-03-27T15:48:35","modified_gmt":"2026-03-27T18:48:35","slug":"apostila-trabalhando-com-rimas","status":"publish","type":"product","link":"https:\/\/ocantinhodepapel.com\/index.php\/produto\/apostila-trabalhando-com-rimas\/","title":{"rendered":"Apostila Trabalhando com rimas"},"content":{"rendered":"<p>Apostila de atividades para trabalhar rimas com 85 p\u00e1ginas. As atividades s\u00e3o para colorir, e o<br \/>\nmaterial vai em PDF pronto para impress\u00e3o.<\/p>\n<p>Nesse material voc\u00ea encontra propostas e formatos variados para trabalhar rimas, envolvendo<br \/>\nrecorte e colagem,pintura, ligar elementos, jogo das rimas e desenho.<\/p>\n<p>&nbsp;<\/p>\n","protected":false},"excerpt":{"rendered":"<p>Apostila de atividades para trabalhar rimas com 85 p\u00e1ginas. As atividades s\u00e3o para colorir, e o material vai em PDF pronto para impress\u00e3o. Nesse material voc\u00ea encontra propostas e formatos variados para trabalhar rimas, envolvendo recorte e colagem,pintura, ligar elementos, jogo das rimas e desenho. &nbsp;<\/p>\n","protected":false},"featured_media":6773,"comment_status":"open","ping_status":"closed","template":"","meta":[],"product_brand":[],"product_cat":[15],"product_tag":[],"class_list":{"0":"post-6771","1":"product","2":"type-product","3":"status-publish","4":"has-post-thumbnail","6":"product_cat-o-cantinho-de-papel","8":"first","9":"instock","10":"downloadable","11":"shipping-taxable","12":"purchasable","13":"product-type-simple"},"jetpack_sharing_enabled":true,"_links":{"self":[{"href":"https:\/\/ocantinhodepapel.com\/index.php\/wp-json\/wp\/v2\/product\/6771","targetHints":{"allow":["GET"]}}],"collection":[{"href":"https:\/\/ocantinhodepapel.com\/index.php\/wp-json\/wp\/v2\/product"}],"about":[{"href":"https:\/\/ocantinhodepapel.com\/index.php\/wp-json\/wp\/v2\/types\/product"}],"replies":[{"embeddable":true,"href":"https:\/\/ocantinhodepapel.com\/index.php\/wp-json\/wp\/v2\/comments?post=6771"}],"wp:featuredmedia":[{"embeddable":true,"href":"https:\/\/ocantinhodepapel.com\/index.php\/wp-json\/wp\/v2\/media\/6773"}],"wp:attachment":[{"href":"https:\/\/ocantinhodepapel.com\/index.php\/wp-json\/wp\/v2\/media?parent=6771"}],"wp:term":[{"taxonomy":"product_brand","embeddable":true,"href":"https:\/\/ocantinhodepapel.com\/index.php\/wp-json\/wp\/v2\/product_brand?post=6771"},{"taxonomy":"product_cat","embeddable":true,"href":"https:\/\/ocantinhodepapel.com\/index.php\/wp-json\/wp\/v2\/product_cat?post=6771"},{"taxonomy":"product_tag","embeddable":true,"href":"https:\/\/ocantinhodepapel.com\/index.php\/wp-json\/wp\/v2\/product_tag?post=6771"}],"curies":[{"name":"wp","href":"https:\/\/api.w.org\/{rel}","templated":true}]}}