{"id":6712,"date":"2026-03-25T16:29:55","date_gmt":"2026-03-25T19:29:55","guid":{"rendered":"https:\/\/ocantinhodepapel.com\/?post_type=product&#038;p=6712"},"modified":"2026-03-25T16:29:56","modified_gmt":"2026-03-25T19:29:56","slug":"encontre-o-antonimo","status":"publish","type":"product","link":"https:\/\/ocantinhodepapel.com\/index.php\/produto\/encontre-o-antonimo\/","title":{"rendered":"Encontre o Ant\u00f4nimo"},"content":{"rendered":"<p>O aluno l\u00ea a lista de palavras e procura, no ca\u00e7a-palavras, o seu ant\u00f4nimo correspondente, desenvolvendo leitura, vocabul\u00e1rio e aten\u00e7\u00e3o de forma l\u00fadica.<\/p>\n<p>O material est\u00e1 dispon\u00edvel em:<br \/>\n\u2022 Vers\u00e3o A4 \u2013 ideal para uso individual no caderno<br \/>\n\u2022 Vers\u00e3o ampliada (3&#215;3) \u2013 perfeita para atividades coletivas em sala<\/p>\n<p>Arquivo em PDF pronto para impress\u00e3o.<\/p>\n<p>&nbsp;<\/p>\n","protected":false},"excerpt":{"rendered":"<p>O aluno l\u00ea a lista de palavras e procura, no ca\u00e7a-palavras, o seu ant\u00f4nimo correspondente, desenvolvendo leitura, vocabul\u00e1rio e aten\u00e7\u00e3o de forma l\u00fadica. O material est\u00e1 dispon\u00edvel em: \u2022 Vers\u00e3o A4 \u2013 ideal para uso individual no caderno \u2022 Vers\u00e3o ampliada (3&#215;3) \u2013 perfeita para atividades coletivas em sala Arquivo em PDF pronto para impress\u00e3o. [&hellip;]<\/p>\n","protected":false},"featured_media":6714,"comment_status":"open","ping_status":"closed","template":"","meta":[],"product_brand":[],"product_cat":[15,24],"product_tag":[],"class_list":{"0":"post-6712","1":"product","2":"type-product","3":"status-publish","4":"has-post-thumbnail","6":"product_cat-o-cantinho-de-papel","7":"product_cat-recursos-pedagogicos","9":"first","10":"instock","11":"downloadable","12":"shipping-taxable","13":"purchasable","14":"product-type-simple"},"jetpack_sharing_enabled":true,"_links":{"self":[{"href":"https:\/\/ocantinhodepapel.com\/index.php\/wp-json\/wp\/v2\/product\/6712","targetHints":{"allow":["GET"]}}],"collection":[{"href":"https:\/\/ocantinhodepapel.com\/index.php\/wp-json\/wp\/v2\/product"}],"about":[{"href":"https:\/\/ocantinhodepapel.com\/index.php\/wp-json\/wp\/v2\/types\/product"}],"replies":[{"embeddable":true,"href":"https:\/\/ocantinhodepapel.com\/index.php\/wp-json\/wp\/v2\/comments?post=6712"}],"wp:featuredmedia":[{"embeddable":true,"href":"https:\/\/ocantinhodepapel.com\/index.php\/wp-json\/wp\/v2\/media\/6714"}],"wp:attachment":[{"href":"https:\/\/ocantinhodepapel.com\/index.php\/wp-json\/wp\/v2\/media?parent=6712"}],"wp:term":[{"taxonomy":"product_brand","embeddable":true,"href":"https:\/\/ocantinhodepapel.com\/index.php\/wp-json\/wp\/v2\/product_brand?post=6712"},{"taxonomy":"product_cat","embeddable":true,"href":"https:\/\/ocantinhodepapel.com\/index.php\/wp-json\/wp\/v2\/product_cat?post=6712"},{"taxonomy":"product_tag","embeddable":true,"href":"https:\/\/ocantinhodepapel.com\/index.php\/wp-json\/wp\/v2\/product_tag?post=6712"}],"curies":[{"name":"wp","href":"https:\/\/api.w.org\/{rel}","templated":true}]}}