{"id":6533,"date":"2026-03-19T14:56:17","date_gmt":"2026-03-19T17:56:17","guid":{"rendered":"https:\/\/ocantinhodepapel.com\/?post_type=product&#038;p=6533"},"modified":"2026-03-19T14:56:18","modified_gmt":"2026-03-19T17:56:18","slug":"interpretacao-generos-textuais","status":"publish","type":"product","link":"https:\/\/ocantinhodepapel.com\/index.php\/produto\/interpretacao-generos-textuais\/","title":{"rendered":"Interpreta\u00e7\u00e3o G\u00eaneros Textuais"},"content":{"rendered":"<p>Apostila para trabalhar leitura e Interpreta\u00e7\u00e3o de textos de diferentes g\u00eaneros textuais com crian\u00e7as das s\u00e9ries iniciais do Ensino Fundamental. O arquivo vai em PDF pronto para impress\u00e3o e vai nas\u00a0 op\u00e7\u00f5es colorida e para colorir. No total s\u00e3o 38 p\u00e1ginas de atividades.<br \/>\nObjetivos da proposta:<br \/>\n1. Desenvolvimento da Compreens\u00e3o Multig\u00eanero<br \/>\n2. Amplia\u00e7\u00e3o do Vocabul\u00e1rio<br \/>\n3. Estimula\u00e7\u00e3o da Criatividade e Imagina\u00e7\u00e3o<br \/>\n4. Desenvolvimento da Empatia e Entendimento Social<br \/>\n5. Desenvolvimento da Consci\u00eancia Cr\u00edtica<br \/>\n6. Enriquecimento Cultural<br \/>\n7. Fortalecimento das Habilidades de Escrita<br \/>\n8. Melhoria da Aten\u00e7\u00e3o e Concentra\u00e7\u00e3o<br \/>\n9. Promo\u00e7\u00e3o do Gosto pela Leitura<\/p>\n","protected":false},"excerpt":{"rendered":"<p>Apostila para trabalhar leitura e Interpreta\u00e7\u00e3o de textos de diferentes g\u00eaneros textuais com crian\u00e7as das s\u00e9ries iniciais do Ensino Fundamental. O arquivo vai em PDF pronto para impress\u00e3o e vai nas\u00a0 op\u00e7\u00f5es colorida e para colorir. No total s\u00e3o 38 p\u00e1ginas de atividades. Objetivos da proposta: 1. Desenvolvimento da Compreens\u00e3o Multig\u00eanero 2. Amplia\u00e7\u00e3o do Vocabul\u00e1rio [&hellip;]<\/p>\n","protected":false},"featured_media":6535,"comment_status":"open","ping_status":"closed","template":"","meta":[],"product_brand":[],"product_cat":[24],"product_tag":[],"class_list":{"0":"post-6533","1":"product","2":"type-product","3":"status-publish","4":"has-post-thumbnail","6":"product_cat-recursos-pedagogicos","8":"first","9":"instock","10":"downloadable","11":"shipping-taxable","12":"purchasable","13":"product-type-simple"},"jetpack_sharing_enabled":true,"_links":{"self":[{"href":"https:\/\/ocantinhodepapel.com\/index.php\/wp-json\/wp\/v2\/product\/6533","targetHints":{"allow":["GET"]}}],"collection":[{"href":"https:\/\/ocantinhodepapel.com\/index.php\/wp-json\/wp\/v2\/product"}],"about":[{"href":"https:\/\/ocantinhodepapel.com\/index.php\/wp-json\/wp\/v2\/types\/product"}],"replies":[{"embeddable":true,"href":"https:\/\/ocantinhodepapel.com\/index.php\/wp-json\/wp\/v2\/comments?post=6533"}],"wp:featuredmedia":[{"embeddable":true,"href":"https:\/\/ocantinhodepapel.com\/index.php\/wp-json\/wp\/v2\/media\/6535"}],"wp:attachment":[{"href":"https:\/\/ocantinhodepapel.com\/index.php\/wp-json\/wp\/v2\/media?parent=6533"}],"wp:term":[{"taxonomy":"product_brand","embeddable":true,"href":"https:\/\/ocantinhodepapel.com\/index.php\/wp-json\/wp\/v2\/product_brand?post=6533"},{"taxonomy":"product_cat","embeddable":true,"href":"https:\/\/ocantinhodepapel.com\/index.php\/wp-json\/wp\/v2\/product_cat?post=6533"},{"taxonomy":"product_tag","embeddable":true,"href":"https:\/\/ocantinhodepapel.com\/index.php\/wp-json\/wp\/v2\/product_tag?post=6533"}],"curies":[{"name":"wp","href":"https:\/\/api.w.org\/{rel}","templated":true}]}}