{"id":6316,"date":"2026-03-13T18:40:43","date_gmt":"2026-03-13T21:40:43","guid":{"rendered":"https:\/\/ocantinhodepapel.com\/?post_type=product&#038;p=6316"},"modified":"2026-03-13T18:40:58","modified_gmt":"2026-03-13T21:40:58","slug":"apostila-silabas-complexas","status":"publish","type":"product","link":"https:\/\/ocantinhodepapel.com\/index.php\/produto\/apostila-silabas-complexas\/","title":{"rendered":"Apostila S\u00edlabas Complexas"},"content":{"rendered":"<p>A apostila de atividades S\u00edlabas Complexas inclui 2 varia\u00e7\u00f5es de atividades para trabalhar s\u00edlabas complexas. S\u00e3o 49 p\u00e1ginas de atividades para colorir,que envolvem os seguintes conte\u00fados:<\/p>\n<p>Fam\u00edlias sil\u00e1bicas complexas<br \/>\nLeitura de s\u00edlabas<br \/>\nLeitura de palavras<br \/>\nCompletar palavras com as s\u00edlabas que faltam<br \/>\nEscrita de palavras<\/p>\n","protected":false},"excerpt":{"rendered":"<p>A apostila de atividades S\u00edlabas Complexas inclui 2 varia\u00e7\u00f5es de atividades para trabalhar s\u00edlabas complexas. S\u00e3o 49 p\u00e1ginas de atividades para colorir,que envolvem os seguintes conte\u00fados: Fam\u00edlias sil\u00e1bicas complexas Leitura de s\u00edlabas Leitura de palavras Completar palavras com as s\u00edlabas que faltam Escrita de palavras<\/p>\n","protected":false},"featured_media":6319,"comment_status":"open","ping_status":"closed","template":"","meta":[],"product_brand":[],"product_cat":[15,24],"product_tag":[],"class_list":{"0":"post-6316","1":"product","2":"type-product","3":"status-publish","4":"has-post-thumbnail","6":"product_cat-o-cantinho-de-papel","7":"product_cat-recursos-pedagogicos","9":"first","10":"instock","11":"downloadable","12":"shipping-taxable","13":"purchasable","14":"product-type-simple"},"jetpack_sharing_enabled":true,"_links":{"self":[{"href":"https:\/\/ocantinhodepapel.com\/index.php\/wp-json\/wp\/v2\/product\/6316","targetHints":{"allow":["GET"]}}],"collection":[{"href":"https:\/\/ocantinhodepapel.com\/index.php\/wp-json\/wp\/v2\/product"}],"about":[{"href":"https:\/\/ocantinhodepapel.com\/index.php\/wp-json\/wp\/v2\/types\/product"}],"replies":[{"embeddable":true,"href":"https:\/\/ocantinhodepapel.com\/index.php\/wp-json\/wp\/v2\/comments?post=6316"}],"wp:featuredmedia":[{"embeddable":true,"href":"https:\/\/ocantinhodepapel.com\/index.php\/wp-json\/wp\/v2\/media\/6319"}],"wp:attachment":[{"href":"https:\/\/ocantinhodepapel.com\/index.php\/wp-json\/wp\/v2\/media?parent=6316"}],"wp:term":[{"taxonomy":"product_brand","embeddable":true,"href":"https:\/\/ocantinhodepapel.com\/index.php\/wp-json\/wp\/v2\/product_brand?post=6316"},{"taxonomy":"product_cat","embeddable":true,"href":"https:\/\/ocantinhodepapel.com\/index.php\/wp-json\/wp\/v2\/product_cat?post=6316"},{"taxonomy":"product_tag","embeddable":true,"href":"https:\/\/ocantinhodepapel.com\/index.php\/wp-json\/wp\/v2\/product_tag?post=6316"}],"curies":[{"name":"wp","href":"https:\/\/api.w.org\/{rel}","templated":true}]}}