{"id":6169,"date":"2026-03-10T15:48:35","date_gmt":"2026-03-10T18:48:35","guid":{"rendered":"https:\/\/ocantinhodepapel.com\/?post_type=product&#038;p=6169"},"modified":"2026-03-10T15:48:35","modified_gmt":"2026-03-10T18:48:35","slug":"leia-encontre-e-escreva","status":"publish","type":"product","link":"https:\/\/ocantinhodepapel.com\/index.php\/produto\/leia-encontre-e-escreva\/","title":{"rendered":"Leia, encontre e escreva"},"content":{"rendered":"<p>Atividade ideal para crian\u00e7as em fase de alfabetiza\u00e7\u00e3o.<br \/>\nOs alunos leem as palavras, encontram as imagens correspondentes e depois escrevem, estimulando leitura, aten\u00e7\u00e3o e escrita.<br \/>\n10 folhas com 5 letra bast\u00e3o e 5 cursiva<\/p>\n<p>Arquivo em PDF pronto para impress\u00e3o<br \/>\nTrabalha leitura, associa\u00e7\u00e3o imagem-palavra e escrita.<\/p>\n","protected":false},"excerpt":{"rendered":"<p>Atividade ideal para crian\u00e7as em fase de alfabetiza\u00e7\u00e3o. Os alunos leem as palavras, encontram as imagens correspondentes e depois escrevem, estimulando leitura, aten\u00e7\u00e3o e escrita. 10 folhas com 5 letra bast\u00e3o e 5 cursiva Arquivo em PDF pronto para impress\u00e3o Trabalha leitura, associa\u00e7\u00e3o imagem-palavra e escrita.<\/p>\n","protected":false},"featured_media":6171,"comment_status":"open","ping_status":"closed","template":"","meta":[],"product_brand":[],"product_cat":[15,24],"product_tag":[],"class_list":{"0":"post-6169","1":"product","2":"type-product","3":"status-publish","4":"has-post-thumbnail","6":"product_cat-o-cantinho-de-papel","7":"product_cat-recursos-pedagogicos","9":"first","10":"instock","11":"downloadable","12":"shipping-taxable","13":"purchasable","14":"product-type-simple"},"jetpack_sharing_enabled":true,"_links":{"self":[{"href":"https:\/\/ocantinhodepapel.com\/index.php\/wp-json\/wp\/v2\/product\/6169","targetHints":{"allow":["GET"]}}],"collection":[{"href":"https:\/\/ocantinhodepapel.com\/index.php\/wp-json\/wp\/v2\/product"}],"about":[{"href":"https:\/\/ocantinhodepapel.com\/index.php\/wp-json\/wp\/v2\/types\/product"}],"replies":[{"embeddable":true,"href":"https:\/\/ocantinhodepapel.com\/index.php\/wp-json\/wp\/v2\/comments?post=6169"}],"wp:featuredmedia":[{"embeddable":true,"href":"https:\/\/ocantinhodepapel.com\/index.php\/wp-json\/wp\/v2\/media\/6171"}],"wp:attachment":[{"href":"https:\/\/ocantinhodepapel.com\/index.php\/wp-json\/wp\/v2\/media?parent=6169"}],"wp:term":[{"taxonomy":"product_brand","embeddable":true,"href":"https:\/\/ocantinhodepapel.com\/index.php\/wp-json\/wp\/v2\/product_brand?post=6169"},{"taxonomy":"product_cat","embeddable":true,"href":"https:\/\/ocantinhodepapel.com\/index.php\/wp-json\/wp\/v2\/product_cat?post=6169"},{"taxonomy":"product_tag","embeddable":true,"href":"https:\/\/ocantinhodepapel.com\/index.php\/wp-json\/wp\/v2\/product_tag?post=6169"}],"curies":[{"name":"wp","href":"https:\/\/api.w.org\/{rel}","templated":true}]}}