{"id":6092,"date":"2026-03-06T20:06:21","date_gmt":"2026-03-06T23:06:21","guid":{"rendered":"https:\/\/ocantinhodepapel.com\/?post_type=product&#038;p=6092"},"modified":"2026-03-06T20:06:22","modified_gmt":"2026-03-06T23:06:22","slug":"painel-dia-internacional-da-sindrome-de-down","status":"publish","type":"product","link":"https:\/\/ocantinhodepapel.com\/index.php\/produto\/painel-dia-internacional-da-sindrome-de-down\/","title":{"rendered":"Painel Dia Internacional da S\u00edndrome de Down"},"content":{"rendered":"<p>Uma \u00f3tima oportunidade para conversar com os alunos sobre a S\u00edndrome de Down, refor\u00e7ando que o amor e o respeito s\u00e3o o que realmente importa.<\/p>\n<p>O arquivo inclui 2 pain\u00e9is:<br \/>\n\u2022 1 painel colorido para decora\u00e7\u00e3o<br \/>\n\u2022 1 painel para pintura coletiva, incentivando a participa\u00e7\u00e3o da turma<br \/>\nOs dois tambem est\u00e3o em tamanho A4<\/p>\n<p>Tamanho: 3&#215;3 (9 folhas A4 cada painel)<\/p>\n","protected":false},"excerpt":{"rendered":"<p>Uma \u00f3tima oportunidade para conversar com os alunos sobre a S\u00edndrome de Down, refor\u00e7ando que o amor e o respeito s\u00e3o o que realmente importa. O arquivo inclui 2 pain\u00e9is: \u2022 1 painel colorido para decora\u00e7\u00e3o \u2022 1 painel para pintura coletiva, incentivando a participa\u00e7\u00e3o da turma Os dois tambem est\u00e3o em tamanho A4 Tamanho: [&hellip;]<\/p>\n","protected":false},"featured_media":6097,"comment_status":"open","ping_status":"closed","template":"","meta":[],"product_brand":[],"product_cat":[26,24],"product_tag":[],"class_list":{"0":"post-6092","1":"product","2":"type-product","3":"status-publish","4":"has-post-thumbnail","6":"product_cat-datas-comemorativas","7":"product_cat-recursos-pedagogicos","9":"first","10":"instock","11":"downloadable","12":"shipping-taxable","13":"purchasable","14":"product-type-simple"},"jetpack_sharing_enabled":true,"_links":{"self":[{"href":"https:\/\/ocantinhodepapel.com\/index.php\/wp-json\/wp\/v2\/product\/6092","targetHints":{"allow":["GET"]}}],"collection":[{"href":"https:\/\/ocantinhodepapel.com\/index.php\/wp-json\/wp\/v2\/product"}],"about":[{"href":"https:\/\/ocantinhodepapel.com\/index.php\/wp-json\/wp\/v2\/types\/product"}],"replies":[{"embeddable":true,"href":"https:\/\/ocantinhodepapel.com\/index.php\/wp-json\/wp\/v2\/comments?post=6092"}],"wp:featuredmedia":[{"embeddable":true,"href":"https:\/\/ocantinhodepapel.com\/index.php\/wp-json\/wp\/v2\/media\/6097"}],"wp:attachment":[{"href":"https:\/\/ocantinhodepapel.com\/index.php\/wp-json\/wp\/v2\/media?parent=6092"}],"wp:term":[{"taxonomy":"product_brand","embeddable":true,"href":"https:\/\/ocantinhodepapel.com\/index.php\/wp-json\/wp\/v2\/product_brand?post=6092"},{"taxonomy":"product_cat","embeddable":true,"href":"https:\/\/ocantinhodepapel.com\/index.php\/wp-json\/wp\/v2\/product_cat?post=6092"},{"taxonomy":"product_tag","embeddable":true,"href":"https:\/\/ocantinhodepapel.com\/index.php\/wp-json\/wp\/v2\/product_tag?post=6092"}],"curies":[{"name":"wp","href":"https:\/\/api.w.org\/{rel}","templated":true}]}}