{"id":5929,"date":"2026-03-03T11:15:55","date_gmt":"2026-03-03T14:15:55","guid":{"rendered":"https:\/\/ocantinhodepapel.com\/?post_type=product&#038;p=5929"},"modified":"2026-03-03T11:15:55","modified_gmt":"2026-03-03T14:15:55","slug":"cartao-jardim-3d-dia-da-mulher","status":"publish","type":"product","link":"https:\/\/ocantinhodepapel.com\/index.php\/produto\/cartao-jardim-3d-dia-da-mulher\/","title":{"rendered":"Cartao Jardim 3D &#8211; Dia da Mulher"},"content":{"rendered":"<p>Cart\u00e3o Jardim 3D para trabalhar o tema Dia Internacional das Mulheres.<br \/>\nPDF pronto para impress\u00e3o, e ao adquirir voc\u00ea tamb\u00e9m recebe um v\u00eddeo tutorial da montagem.<br \/>\nRecomenda-se utilizar papel de gramatura 180 ou120 no momento da impress\u00e3o.<br \/>\nArquivo para colorir, estimula a pintura, coordena\u00e7\u00e3o motora fina, criatividade e express\u00e3o art\u00edstica.<\/p>\n","protected":false},"excerpt":{"rendered":"<p>Cart\u00e3o Jardim 3D para trabalhar o tema Dia Internacional das Mulheres. PDF pronto para impress\u00e3o, e ao adquirir voc\u00ea tamb\u00e9m recebe um v\u00eddeo tutorial da montagem. Recomenda-se utilizar papel de gramatura 180 ou120 no momento da impress\u00e3o. Arquivo para colorir, estimula a pintura, coordena\u00e7\u00e3o motora fina, criatividade e express\u00e3o art\u00edstica.<\/p>\n","protected":false},"featured_media":5931,"comment_status":"open","ping_status":"closed","template":"","meta":[],"product_brand":[],"product_cat":[26,15],"product_tag":[],"class_list":{"0":"post-5929","1":"product","2":"type-product","3":"status-publish","4":"has-post-thumbnail","6":"product_cat-datas-comemorativas","7":"product_cat-o-cantinho-de-papel","9":"first","10":"instock","11":"downloadable","12":"shipping-taxable","13":"purchasable","14":"product-type-simple"},"jetpack_sharing_enabled":true,"_links":{"self":[{"href":"https:\/\/ocantinhodepapel.com\/index.php\/wp-json\/wp\/v2\/product\/5929","targetHints":{"allow":["GET"]}}],"collection":[{"href":"https:\/\/ocantinhodepapel.com\/index.php\/wp-json\/wp\/v2\/product"}],"about":[{"href":"https:\/\/ocantinhodepapel.com\/index.php\/wp-json\/wp\/v2\/types\/product"}],"replies":[{"embeddable":true,"href":"https:\/\/ocantinhodepapel.com\/index.php\/wp-json\/wp\/v2\/comments?post=5929"}],"wp:featuredmedia":[{"embeddable":true,"href":"https:\/\/ocantinhodepapel.com\/index.php\/wp-json\/wp\/v2\/media\/5931"}],"wp:attachment":[{"href":"https:\/\/ocantinhodepapel.com\/index.php\/wp-json\/wp\/v2\/media?parent=5929"}],"wp:term":[{"taxonomy":"product_brand","embeddable":true,"href":"https:\/\/ocantinhodepapel.com\/index.php\/wp-json\/wp\/v2\/product_brand?post=5929"},{"taxonomy":"product_cat","embeddable":true,"href":"https:\/\/ocantinhodepapel.com\/index.php\/wp-json\/wp\/v2\/product_cat?post=5929"},{"taxonomy":"product_tag","embeddable":true,"href":"https:\/\/ocantinhodepapel.com\/index.php\/wp-json\/wp\/v2\/product_tag?post=5929"}],"curies":[{"name":"wp","href":"https:\/\/api.w.org\/{rel}","templated":true}]}}