{"id":587,"date":"2025-02-22T12:38:10","date_gmt":"2025-02-22T15:38:10","guid":{"rendered":"https:\/\/ocantinhodepapel.com\/?post_type=product&#038;p=587"},"modified":"2025-12-01T01:47:01","modified_gmt":"2025-12-01T04:47:01","slug":"que-horas-sao","status":"publish","type":"product","link":"https:\/\/ocantinhodepapel.com\/index.php\/produto\/que-horas-sao\/","title":{"rendered":"Que Horas S\u00e3o?"},"content":{"rendered":"<p>O arquivo <strong data-start=\"10\" data-end=\"30\">&#8220;Que horas s\u00e3o?&#8221;<\/strong> \u00e9 uma atividade interativa para o ensino da medida do tempo. Ele cont\u00e9m 10 rel\u00f3gios, nos quais os alunos devem observar e descrever corretamente os hor\u00e1rios indicados.<\/p>\n<p>O arquivo vai em PDF pronto para impress\u00e3o.<\/p>\n","protected":false},"excerpt":{"rendered":"<p>O arquivo &#8220;Que horas s\u00e3o?&#8221; \u00e9 uma atividade interativa para o ensino da medida do tempo. Ele cont\u00e9m 10 rel\u00f3gios, nos quais os alunos devem observar e descrever corretamente os hor\u00e1rios indicados. O arquivo vai em PDF pronto para impress\u00e3o.<\/p>\n","protected":false},"featured_media":590,"comment_status":"open","ping_status":"closed","template":"","meta":[],"product_brand":[],"product_cat":[33,34,24],"product_tag":[],"class_list":{"0":"post-587","1":"product","2":"type-product","3":"status-publish","4":"has-post-thumbnail","6":"product_cat-matematica","7":"product_cat-que-baratinho","8":"product_cat-recursos-pedagogicos","10":"first","11":"instock","12":"downloadable","13":"shipping-taxable","14":"purchasable","15":"product-type-simple"},"jetpack_sharing_enabled":true,"_links":{"self":[{"href":"https:\/\/ocantinhodepapel.com\/index.php\/wp-json\/wp\/v2\/product\/587","targetHints":{"allow":["GET"]}}],"collection":[{"href":"https:\/\/ocantinhodepapel.com\/index.php\/wp-json\/wp\/v2\/product"}],"about":[{"href":"https:\/\/ocantinhodepapel.com\/index.php\/wp-json\/wp\/v2\/types\/product"}],"replies":[{"embeddable":true,"href":"https:\/\/ocantinhodepapel.com\/index.php\/wp-json\/wp\/v2\/comments?post=587"}],"wp:featuredmedia":[{"embeddable":true,"href":"https:\/\/ocantinhodepapel.com\/index.php\/wp-json\/wp\/v2\/media\/590"}],"wp:attachment":[{"href":"https:\/\/ocantinhodepapel.com\/index.php\/wp-json\/wp\/v2\/media?parent=587"}],"wp:term":[{"taxonomy":"product_brand","embeddable":true,"href":"https:\/\/ocantinhodepapel.com\/index.php\/wp-json\/wp\/v2\/product_brand?post=587"},{"taxonomy":"product_cat","embeddable":true,"href":"https:\/\/ocantinhodepapel.com\/index.php\/wp-json\/wp\/v2\/product_cat?post=587"},{"taxonomy":"product_tag","embeddable":true,"href":"https:\/\/ocantinhodepapel.com\/index.php\/wp-json\/wp\/v2\/product_tag?post=587"}],"curies":[{"name":"wp","href":"https:\/\/api.w.org\/{rel}","templated":true}]}}