{"id":5776,"date":"2026-02-26T19:12:30","date_gmt":"2026-02-26T22:12:30","guid":{"rendered":"https:\/\/ocantinhodepapel.com\/?post_type=product&#038;p=5776"},"modified":"2026-02-26T19:12:31","modified_gmt":"2026-02-26T22:12:31","slug":"atividades-sinais-de-pontuacao","status":"publish","type":"product","link":"https:\/\/ocantinhodepapel.com\/index.php\/produto\/atividades-sinais-de-pontuacao\/","title":{"rendered":"Atividades Sinais de Pontua\u00e7\u00e3o"},"content":{"rendered":"<p>S\u00e3o 6 atividades completas para trabalhar os sinais de pontua\u00e7\u00e3o de forma pr\u00e1tica, clara e din\u00e2mica com as crian\u00e7as!<\/p>\n<p>O material inclui:<br \/>\n\u2714\ufe0f Explica\u00e7\u00e3o simples e ilustrada dos sinais de pontua\u00e7\u00e3o<br \/>\n\u2714\ufe0f Atividade de escrita de frases<br \/>\n\u2714\ufe0f Interpreta\u00e7\u00e3o e uso correto dos sinais no texto<br \/>\n\u2714\ufe0f Organiza\u00e7\u00e3o de frases com pontua\u00e7\u00e3o adequada<br \/>\n\u2714\ufe0f Reescrita de texto com foco na pontua\u00e7\u00e3o e par\u00e1grafo<br \/>\n\u2714\ufe0f Exerc\u00edcios variados para fixa\u00e7\u00e3o do conte\u00fado<\/p>\n<p>Arquivo em PDF<\/p>\n","protected":false},"excerpt":{"rendered":"<p>S\u00e3o 6 atividades completas para trabalhar os sinais de pontua\u00e7\u00e3o de forma pr\u00e1tica, clara e din\u00e2mica com as crian\u00e7as! O material inclui: \u2714\ufe0f Explica\u00e7\u00e3o simples e ilustrada dos sinais de pontua\u00e7\u00e3o \u2714\ufe0f Atividade de escrita de frases \u2714\ufe0f Interpreta\u00e7\u00e3o e uso correto dos sinais no texto \u2714\ufe0f Organiza\u00e7\u00e3o de frases com pontua\u00e7\u00e3o adequada \u2714\ufe0f Reescrita [&hellip;]<\/p>\n","protected":false},"featured_media":5778,"comment_status":"open","ping_status":"closed","template":"","meta":[],"product_brand":[],"product_cat":[15,24],"product_tag":[],"class_list":{"0":"post-5776","1":"product","2":"type-product","3":"status-publish","4":"has-post-thumbnail","6":"product_cat-o-cantinho-de-papel","7":"product_cat-recursos-pedagogicos","9":"first","10":"instock","11":"downloadable","12":"shipping-taxable","13":"purchasable","14":"product-type-simple"},"jetpack_sharing_enabled":true,"_links":{"self":[{"href":"https:\/\/ocantinhodepapel.com\/index.php\/wp-json\/wp\/v2\/product\/5776","targetHints":{"allow":["GET"]}}],"collection":[{"href":"https:\/\/ocantinhodepapel.com\/index.php\/wp-json\/wp\/v2\/product"}],"about":[{"href":"https:\/\/ocantinhodepapel.com\/index.php\/wp-json\/wp\/v2\/types\/product"}],"replies":[{"embeddable":true,"href":"https:\/\/ocantinhodepapel.com\/index.php\/wp-json\/wp\/v2\/comments?post=5776"}],"wp:featuredmedia":[{"embeddable":true,"href":"https:\/\/ocantinhodepapel.com\/index.php\/wp-json\/wp\/v2\/media\/5778"}],"wp:attachment":[{"href":"https:\/\/ocantinhodepapel.com\/index.php\/wp-json\/wp\/v2\/media?parent=5776"}],"wp:term":[{"taxonomy":"product_brand","embeddable":true,"href":"https:\/\/ocantinhodepapel.com\/index.php\/wp-json\/wp\/v2\/product_brand?post=5776"},{"taxonomy":"product_cat","embeddable":true,"href":"https:\/\/ocantinhodepapel.com\/index.php\/wp-json\/wp\/v2\/product_cat?post=5776"},{"taxonomy":"product_tag","embeddable":true,"href":"https:\/\/ocantinhodepapel.com\/index.php\/wp-json\/wp\/v2\/product_tag?post=5776"}],"curies":[{"name":"wp","href":"https:\/\/api.w.org\/{rel}","templated":true}]}}