{"id":5765,"date":"2026-02-26T14:50:58","date_gmt":"2026-02-26T17:50:58","guid":{"rendered":"https:\/\/ocantinhodepapel.com\/?post_type=product&#038;p=5765"},"modified":"2026-02-26T14:50:59","modified_gmt":"2026-02-26T17:50:59","slug":"bingo-silabas-complexa","status":"publish","type":"product","link":"https:\/\/ocantinhodepapel.com\/index.php\/produto\/bingo-silabas-complexa\/","title":{"rendered":"Bingo S\u00edlabas Complexa"},"content":{"rendered":"<p>Arquivo Bingo das S\u00edlabas Complexas para trabalhar o conte\u00fado com crian\u00e7as em fase de alfabetiza\u00e7\u00e3o.<\/p>\n<p>O arquivo vai em PDF pronto para impress\u00e3o, e inclui 20 cartelas diferentes e fichas ilustradas das s\u00edlabas complexas.<br \/>\nO arquivo tamb\u00e9m acompanha caixa para ser utilizada no momento da din\u00e2mica, com tutorial de montagem.<\/p>\n","protected":false},"excerpt":{"rendered":"<p>Arquivo Bingo das S\u00edlabas Complexas para trabalhar o conte\u00fado com crian\u00e7as em fase de alfabetiza\u00e7\u00e3o. O arquivo vai em PDF pronto para impress\u00e3o, e inclui 20 cartelas diferentes e fichas ilustradas das s\u00edlabas complexas. O arquivo tamb\u00e9m acompanha caixa para ser utilizada no momento da din\u00e2mica, com tutorial de montagem.<\/p>\n","protected":false},"featured_media":5767,"comment_status":"open","ping_status":"closed","template":"","meta":[],"product_brand":[],"product_cat":[15,24],"product_tag":[],"class_list":{"0":"post-5765","1":"product","2":"type-product","3":"status-publish","4":"has-post-thumbnail","6":"product_cat-o-cantinho-de-papel","7":"product_cat-recursos-pedagogicos","9":"first","10":"instock","11":"downloadable","12":"shipping-taxable","13":"purchasable","14":"product-type-simple"},"jetpack_sharing_enabled":true,"_links":{"self":[{"href":"https:\/\/ocantinhodepapel.com\/index.php\/wp-json\/wp\/v2\/product\/5765","targetHints":{"allow":["GET"]}}],"collection":[{"href":"https:\/\/ocantinhodepapel.com\/index.php\/wp-json\/wp\/v2\/product"}],"about":[{"href":"https:\/\/ocantinhodepapel.com\/index.php\/wp-json\/wp\/v2\/types\/product"}],"replies":[{"embeddable":true,"href":"https:\/\/ocantinhodepapel.com\/index.php\/wp-json\/wp\/v2\/comments?post=5765"}],"wp:featuredmedia":[{"embeddable":true,"href":"https:\/\/ocantinhodepapel.com\/index.php\/wp-json\/wp\/v2\/media\/5767"}],"wp:attachment":[{"href":"https:\/\/ocantinhodepapel.com\/index.php\/wp-json\/wp\/v2\/media?parent=5765"}],"wp:term":[{"taxonomy":"product_brand","embeddable":true,"href":"https:\/\/ocantinhodepapel.com\/index.php\/wp-json\/wp\/v2\/product_brand?post=5765"},{"taxonomy":"product_cat","embeddable":true,"href":"https:\/\/ocantinhodepapel.com\/index.php\/wp-json\/wp\/v2\/product_cat?post=5765"},{"taxonomy":"product_tag","embeddable":true,"href":"https:\/\/ocantinhodepapel.com\/index.php\/wp-json\/wp\/v2\/product_tag?post=5765"}],"curies":[{"name":"wp","href":"https:\/\/api.w.org\/{rel}","templated":true}]}}