{"id":5439,"date":"2026-02-14T09:42:21","date_gmt":"2026-02-14T12:42:21","guid":{"rendered":"https:\/\/ocantinhodepapel.com\/?post_type=product&#038;p=5439"},"modified":"2026-02-14T09:42:22","modified_gmt":"2026-02-14T12:42:22","slug":"alfabeto-sensorial","status":"publish","type":"product","link":"https:\/\/ocantinhodepapel.com\/index.php\/produto\/alfabeto-sensorial\/","title":{"rendered":"Alfabeto sensorial"},"content":{"rendered":"<p>O arquivo &#8216;Alfabeto Sensorial&#8217; \u00e9 um recurso pedag\u00f3gico especialmente desenvolvido para ensinar e refor\u00e7ar o aprendizado do alfabeto em crian\u00e7as da Educa\u00e7\u00e3o Especial.<\/p>\n<p>O material vai em PDF pronto para impress\u00e3o, e inclui 26 paginas. Este material, projetado para estimular m\u00faltiplos sentidos, torna a familiariza\u00e7\u00e3o com as letras mais acess\u00edvel, interativa e envolvente, ajudando as crian\u00e7as a desenvolverem habilidades de leitura e escrita de<br \/>\nmaneira l\u00fadica e adaptada \u00e0s suas necessidades individuais.<\/p>\n<p>Para montar a apostila, \u00e9 recomendado imprimir em papel sulfite comum e encadernar.<\/p>\n","protected":false},"excerpt":{"rendered":"<p>O arquivo &#8216;Alfabeto Sensorial&#8217; \u00e9 um recurso pedag\u00f3gico especialmente desenvolvido para ensinar e refor\u00e7ar o aprendizado do alfabeto em crian\u00e7as da Educa\u00e7\u00e3o Especial. O material vai em PDF pronto para impress\u00e3o, e inclui 26 paginas. Este material, projetado para estimular m\u00faltiplos sentidos, torna a familiariza\u00e7\u00e3o com as letras mais acess\u00edvel, interativa e envolvente, ajudando as [&hellip;]<\/p>\n","protected":false},"featured_media":5441,"comment_status":"open","ping_status":"closed","template":"","meta":[],"product_brand":[],"product_cat":[15],"product_tag":[],"class_list":{"0":"post-5439","1":"product","2":"type-product","3":"status-publish","4":"has-post-thumbnail","6":"product_cat-o-cantinho-de-papel","8":"first","9":"instock","10":"downloadable","11":"shipping-taxable","12":"purchasable","13":"product-type-simple"},"jetpack_sharing_enabled":true,"_links":{"self":[{"href":"https:\/\/ocantinhodepapel.com\/index.php\/wp-json\/wp\/v2\/product\/5439","targetHints":{"allow":["GET"]}}],"collection":[{"href":"https:\/\/ocantinhodepapel.com\/index.php\/wp-json\/wp\/v2\/product"}],"about":[{"href":"https:\/\/ocantinhodepapel.com\/index.php\/wp-json\/wp\/v2\/types\/product"}],"replies":[{"embeddable":true,"href":"https:\/\/ocantinhodepapel.com\/index.php\/wp-json\/wp\/v2\/comments?post=5439"}],"wp:featuredmedia":[{"embeddable":true,"href":"https:\/\/ocantinhodepapel.com\/index.php\/wp-json\/wp\/v2\/media\/5441"}],"wp:attachment":[{"href":"https:\/\/ocantinhodepapel.com\/index.php\/wp-json\/wp\/v2\/media?parent=5439"}],"wp:term":[{"taxonomy":"product_brand","embeddable":true,"href":"https:\/\/ocantinhodepapel.com\/index.php\/wp-json\/wp\/v2\/product_brand?post=5439"},{"taxonomy":"product_cat","embeddable":true,"href":"https:\/\/ocantinhodepapel.com\/index.php\/wp-json\/wp\/v2\/product_cat?post=5439"},{"taxonomy":"product_tag","embeddable":true,"href":"https:\/\/ocantinhodepapel.com\/index.php\/wp-json\/wp\/v2\/product_tag?post=5439"}],"curies":[{"name":"wp","href":"https:\/\/api.w.org\/{rel}","templated":true}]}}