{"id":5434,"date":"2026-02-14T09:24:31","date_gmt":"2026-02-14T12:24:31","guid":{"rendered":"https:\/\/ocantinhodepapel.com\/?post_type=product&#038;p=5434"},"modified":"2026-02-14T09:24:31","modified_gmt":"2026-02-14T12:24:31","slug":"trace-e-pinte","status":"publish","type":"product","link":"https:\/\/ocantinhodepapel.com\/index.php\/produto\/trace-e-pinte\/","title":{"rendered":"Trace e Pinte"},"content":{"rendered":"<p>O arquivo &#8216;Trace e Pinte&#8217; \u00e9 um recurso ideal para trabalhar a coordena\u00e7\u00e3o motora e as habilidades de pintura,<\/p>\n<p>Nesta proposta, atrav\u00e9s de atividades de tra\u00e7ado e colora\u00e7\u00e3o, o material ajuda a desenvolver o controle dos movimentos finos das m\u00e3os, melhora a concentra\u00e7\u00e3o e incentiva a criatividade, tornando o aprendizado mais din\u00e2mico e divertido.<\/p>\n<p>Para montar a apostila, \u00e9 recomendado imprimir em papel sulfite comum e encadernar.<\/p>\n","protected":false},"excerpt":{"rendered":"<p>O arquivo &#8216;Trace e Pinte&#8217; \u00e9 um recurso ideal para trabalhar a coordena\u00e7\u00e3o motora e as habilidades de pintura, Nesta proposta, atrav\u00e9s de atividades de tra\u00e7ado e colora\u00e7\u00e3o, o material ajuda a desenvolver o controle dos movimentos finos das m\u00e3os, melhora a concentra\u00e7\u00e3o e incentiva a criatividade, tornando o aprendizado mais din\u00e2mico e divertido. Para [&hellip;]<\/p>\n","protected":false},"featured_media":5436,"comment_status":"open","ping_status":"closed","template":"","meta":[],"product_brand":[],"product_cat":[15,24],"product_tag":[],"class_list":{"0":"post-5434","1":"product","2":"type-product","3":"status-publish","4":"has-post-thumbnail","6":"product_cat-o-cantinho-de-papel","7":"product_cat-recursos-pedagogicos","9":"first","10":"instock","11":"downloadable","12":"shipping-taxable","13":"purchasable","14":"product-type-simple"},"jetpack_sharing_enabled":true,"_links":{"self":[{"href":"https:\/\/ocantinhodepapel.com\/index.php\/wp-json\/wp\/v2\/product\/5434","targetHints":{"allow":["GET"]}}],"collection":[{"href":"https:\/\/ocantinhodepapel.com\/index.php\/wp-json\/wp\/v2\/product"}],"about":[{"href":"https:\/\/ocantinhodepapel.com\/index.php\/wp-json\/wp\/v2\/types\/product"}],"replies":[{"embeddable":true,"href":"https:\/\/ocantinhodepapel.com\/index.php\/wp-json\/wp\/v2\/comments?post=5434"}],"wp:featuredmedia":[{"embeddable":true,"href":"https:\/\/ocantinhodepapel.com\/index.php\/wp-json\/wp\/v2\/media\/5436"}],"wp:attachment":[{"href":"https:\/\/ocantinhodepapel.com\/index.php\/wp-json\/wp\/v2\/media?parent=5434"}],"wp:term":[{"taxonomy":"product_brand","embeddable":true,"href":"https:\/\/ocantinhodepapel.com\/index.php\/wp-json\/wp\/v2\/product_brand?post=5434"},{"taxonomy":"product_cat","embeddable":true,"href":"https:\/\/ocantinhodepapel.com\/index.php\/wp-json\/wp\/v2\/product_cat?post=5434"},{"taxonomy":"product_tag","embeddable":true,"href":"https:\/\/ocantinhodepapel.com\/index.php\/wp-json\/wp\/v2\/product_tag?post=5434"}],"curies":[{"name":"wp","href":"https:\/\/api.w.org\/{rel}","templated":true}]}}