{"id":5308,"date":"2026-02-09T15:20:47","date_gmt":"2026-02-09T18:20:47","guid":{"rendered":"https:\/\/ocantinhodepapel.com\/?post_type=product&#038;p=5308"},"modified":"2026-02-09T15:20:47","modified_gmt":"2026-02-09T18:20:47","slug":"silabario-silabas-simples","status":"publish","type":"product","link":"https:\/\/ocantinhodepapel.com\/index.php\/produto\/silabario-silabas-simples\/","title":{"rendered":"Silab\u00e1rio S\u00edlabas Simples"},"content":{"rendered":"<p>Silab\u00e1rio Ilustrado, vai na op\u00e7\u00e3o A4 e na op\u00e7\u00e3o cartaz de parede, j\u00e1 ampliado.<br \/>\nEssa proposta ajuda a criar um ambiente mais acolhedor e afetivo para os alunos, servindo tamb\u00e9m como fonte de consulta para os momentos de leitura e escrita.<br \/>\nMedidas do cartaz montado: 89 cm de largura e 62 cm de altura.<\/p>\n","protected":false},"excerpt":{"rendered":"<p>Silab\u00e1rio Ilustrado, vai na op\u00e7\u00e3o A4 e na op\u00e7\u00e3o cartaz de parede, j\u00e1 ampliado. Essa proposta ajuda a criar um ambiente mais acolhedor e afetivo para os alunos, servindo tamb\u00e9m como fonte de consulta para os momentos de leitura e escrita. Medidas do cartaz montado: 89 cm de largura e 62 cm de altura.<\/p>\n","protected":false},"featured_media":5309,"comment_status":"open","ping_status":"closed","template":"","meta":[],"product_brand":[],"product_cat":[15,24],"product_tag":[],"class_list":{"0":"post-5308","1":"product","2":"type-product","3":"status-publish","4":"has-post-thumbnail","6":"product_cat-o-cantinho-de-papel","7":"product_cat-recursos-pedagogicos","9":"first","10":"instock","11":"downloadable","12":"shipping-taxable","13":"purchasable","14":"product-type-simple"},"jetpack_sharing_enabled":true,"_links":{"self":[{"href":"https:\/\/ocantinhodepapel.com\/index.php\/wp-json\/wp\/v2\/product\/5308","targetHints":{"allow":["GET"]}}],"collection":[{"href":"https:\/\/ocantinhodepapel.com\/index.php\/wp-json\/wp\/v2\/product"}],"about":[{"href":"https:\/\/ocantinhodepapel.com\/index.php\/wp-json\/wp\/v2\/types\/product"}],"replies":[{"embeddable":true,"href":"https:\/\/ocantinhodepapel.com\/index.php\/wp-json\/wp\/v2\/comments?post=5308"}],"wp:featuredmedia":[{"embeddable":true,"href":"https:\/\/ocantinhodepapel.com\/index.php\/wp-json\/wp\/v2\/media\/5309"}],"wp:attachment":[{"href":"https:\/\/ocantinhodepapel.com\/index.php\/wp-json\/wp\/v2\/media?parent=5308"}],"wp:term":[{"taxonomy":"product_brand","embeddable":true,"href":"https:\/\/ocantinhodepapel.com\/index.php\/wp-json\/wp\/v2\/product_brand?post=5308"},{"taxonomy":"product_cat","embeddable":true,"href":"https:\/\/ocantinhodepapel.com\/index.php\/wp-json\/wp\/v2\/product_cat?post=5308"},{"taxonomy":"product_tag","embeddable":true,"href":"https:\/\/ocantinhodepapel.com\/index.php\/wp-json\/wp\/v2\/product_tag?post=5308"}],"curies":[{"name":"wp","href":"https:\/\/api.w.org\/{rel}","templated":true}]}}