{"id":4919,"date":"2026-01-20T02:41:27","date_gmt":"2026-01-20T05:41:27","guid":{"rendered":"https:\/\/ocantinhodepapel.com\/?post_type=product&#038;p=4919"},"modified":"2026-01-20T02:41:28","modified_gmt":"2026-01-20T05:41:28","slug":"apostila-letrinha-do-dia","status":"publish","type":"product","link":"https:\/\/ocantinhodepapel.com\/index.php\/produto\/apostila-letrinha-do-dia\/","title":{"rendered":"Apostila Letrinha do Dia"},"content":{"rendered":"<p>A apostila Letrinha do Dia possui 59 p\u00e1ginas de atividades, com op\u00e7\u00e3o de atividades individuais de cada letrado alfabeto, e atividades envolvendo todas as letras. S\u00e3o atividades para colorir, ideias para crian\u00e7as a partir de 4 anos, ou em fase de pr\u00e9-alfabetiza\u00e7\u00e3o e alfabetiza\u00e7\u00e3o.<\/p>\n<p>trabalha conte\u00fados importantes, como:<\/p>\n<ul>\n<li>Consci\u00eancia fon\u00eamica<\/li>\n<li>Consci\u00eancia sil\u00e1bica<\/li>\n<li>Princ\u00edpio alfab\u00e9tico<\/li>\n<li>Coordena\u00e7\u00e3o motora atrav\u00e9s da pintura<\/li>\n<li>Letra inicial<\/li>\n<\/ul>\n","protected":false},"excerpt":{"rendered":"<p>A apostila Letrinha do Dia possui 59 p\u00e1ginas de atividades, com op\u00e7\u00e3o de atividades individuais de cada letrado alfabeto, e atividades envolvendo todas as letras. S\u00e3o atividades para colorir, ideias para crian\u00e7as a partir de 4 anos, ou em fase de pr\u00e9-alfabetiza\u00e7\u00e3o e alfabetiza\u00e7\u00e3o. trabalha conte\u00fados importantes, como: Consci\u00eancia fon\u00eamica Consci\u00eancia sil\u00e1bica Princ\u00edpio alfab\u00e9tico Coordena\u00e7\u00e3o [&hellip;]<\/p>\n","protected":false},"featured_media":4921,"comment_status":"open","ping_status":"closed","template":"","meta":[],"product_brand":[],"product_cat":[25,24],"product_tag":[],"class_list":{"0":"post-4919","1":"product","2":"type-product","3":"status-publish","4":"has-post-thumbnail","6":"product_cat-atividades-sequenciadas","7":"product_cat-recursos-pedagogicos","9":"first","10":"instock","11":"downloadable","12":"shipping-taxable","13":"purchasable","14":"product-type-simple"},"jetpack_sharing_enabled":true,"_links":{"self":[{"href":"https:\/\/ocantinhodepapel.com\/index.php\/wp-json\/wp\/v2\/product\/4919","targetHints":{"allow":["GET"]}}],"collection":[{"href":"https:\/\/ocantinhodepapel.com\/index.php\/wp-json\/wp\/v2\/product"}],"about":[{"href":"https:\/\/ocantinhodepapel.com\/index.php\/wp-json\/wp\/v2\/types\/product"}],"replies":[{"embeddable":true,"href":"https:\/\/ocantinhodepapel.com\/index.php\/wp-json\/wp\/v2\/comments?post=4919"}],"wp:featuredmedia":[{"embeddable":true,"href":"https:\/\/ocantinhodepapel.com\/index.php\/wp-json\/wp\/v2\/media\/4921"}],"wp:attachment":[{"href":"https:\/\/ocantinhodepapel.com\/index.php\/wp-json\/wp\/v2\/media?parent=4919"}],"wp:term":[{"taxonomy":"product_brand","embeddable":true,"href":"https:\/\/ocantinhodepapel.com\/index.php\/wp-json\/wp\/v2\/product_brand?post=4919"},{"taxonomy":"product_cat","embeddable":true,"href":"https:\/\/ocantinhodepapel.com\/index.php\/wp-json\/wp\/v2\/product_cat?post=4919"},{"taxonomy":"product_tag","embeddable":true,"href":"https:\/\/ocantinhodepapel.com\/index.php\/wp-json\/wp\/v2\/product_tag?post=4919"}],"curies":[{"name":"wp","href":"https:\/\/api.w.org\/{rel}","templated":true}]}}