{"id":4897,"date":"2026-01-20T02:13:13","date_gmt":"2026-01-20T05:13:13","guid":{"rendered":"https:\/\/ocantinhodepapel.com\/?post_type=product&#038;p=4897"},"modified":"2026-01-20T02:13:13","modified_gmt":"2026-01-20T05:13:13","slug":"cracha-dancante","status":"publish","type":"product","link":"https:\/\/ocantinhodepapel.com\/index.php\/produto\/cracha-dancante\/","title":{"rendered":"Crach\u00e1 Dan\u00e7ante"},"content":{"rendered":"<p>Crach\u00e1 de mesa Dan\u00e7ante ideal para turmas da Educa\u00e7\u00e3o Infantil.<\/p>\n<p>O material inclui:<\/p>\n<ul>\n<li>4 modelos coloridos<\/li>\n<li>4 modelos para colorir<\/li>\n<li>4 modelos para adicionar a foto<\/li>\n<\/ul>\n<p>O arquivo vai em PDF pronto para impress\u00e3o.<\/p>\n","protected":false},"excerpt":{"rendered":"<p>Crach\u00e1 de mesa Dan\u00e7ante ideal para turmas da Educa\u00e7\u00e3o Infantil. O material inclui: 4 modelos coloridos 4 modelos para colorir 4 modelos para adicionar a foto O arquivo vai em PDF pronto para impress\u00e3o.<\/p>\n","protected":false},"featured_media":4899,"comment_status":"open","ping_status":"closed","template":"","meta":[],"product_brand":[],"product_cat":[24],"product_tag":[],"class_list":{"0":"post-4897","1":"product","2":"type-product","3":"status-publish","4":"has-post-thumbnail","6":"product_cat-recursos-pedagogicos","8":"first","9":"instock","10":"downloadable","11":"shipping-taxable","12":"purchasable","13":"product-type-simple"},"jetpack_sharing_enabled":true,"_links":{"self":[{"href":"https:\/\/ocantinhodepapel.com\/index.php\/wp-json\/wp\/v2\/product\/4897","targetHints":{"allow":["GET"]}}],"collection":[{"href":"https:\/\/ocantinhodepapel.com\/index.php\/wp-json\/wp\/v2\/product"}],"about":[{"href":"https:\/\/ocantinhodepapel.com\/index.php\/wp-json\/wp\/v2\/types\/product"}],"replies":[{"embeddable":true,"href":"https:\/\/ocantinhodepapel.com\/index.php\/wp-json\/wp\/v2\/comments?post=4897"}],"wp:featuredmedia":[{"embeddable":true,"href":"https:\/\/ocantinhodepapel.com\/index.php\/wp-json\/wp\/v2\/media\/4899"}],"wp:attachment":[{"href":"https:\/\/ocantinhodepapel.com\/index.php\/wp-json\/wp\/v2\/media?parent=4897"}],"wp:term":[{"taxonomy":"product_brand","embeddable":true,"href":"https:\/\/ocantinhodepapel.com\/index.php\/wp-json\/wp\/v2\/product_brand?post=4897"},{"taxonomy":"product_cat","embeddable":true,"href":"https:\/\/ocantinhodepapel.com\/index.php\/wp-json\/wp\/v2\/product_cat?post=4897"},{"taxonomy":"product_tag","embeddable":true,"href":"https:\/\/ocantinhodepapel.com\/index.php\/wp-json\/wp\/v2\/product_tag?post=4897"}],"curies":[{"name":"wp","href":"https:\/\/api.w.org\/{rel}","templated":true}]}}