{"id":4875,"date":"2026-01-17T17:14:03","date_gmt":"2026-01-17T20:14:03","guid":{"rendered":"https:\/\/ocantinhodepapel.com\/?post_type=product&#038;p=4875"},"modified":"2026-01-17T17:14:04","modified_gmt":"2026-01-17T20:14:04","slug":"cartaz-numerais-de-1-a-10","status":"publish","type":"product","link":"https:\/\/ocantinhodepapel.com\/index.php\/produto\/cartaz-numerais-de-1-a-10\/","title":{"rendered":"Cartaz Numerais de 1 a 10"},"content":{"rendered":"<p>Kit Cartaz Numerais de 1 a 10.<\/p>\n<p>O material inclui o cartaz de todos os n\u00fameros, tanto na op\u00e7\u00e3o colorida como para colorir.<\/p>\n<p>Com esse material voc\u00ea ir\u00e1 trabalhar:<\/p>\n<ul>\n<li>Tra\u00e7ado do n\u00famero<\/li>\n<li>Contagem oral<\/li>\n<li>Representa\u00e7\u00e3o das quantidades<\/li>\n<\/ul>\n<p>J\u00e1 vai ampliado e pronto para impress\u00e3o. Cada cartaz vai no tamanho de 9 folhas.<\/p>\n<p>O arquivo em PDF n\u00e3o edit\u00e1vel.<\/p>\n","protected":false},"excerpt":{"rendered":"<p>Kit Cartaz Numerais de 1 a 10. O material inclui o cartaz de todos os n\u00fameros, tanto na op\u00e7\u00e3o colorida como para colorir. Com esse material voc\u00ea ir\u00e1 trabalhar: Tra\u00e7ado do n\u00famero Contagem oral Representa\u00e7\u00e3o das quantidades J\u00e1 vai ampliado e pronto para impress\u00e3o. Cada cartaz vai no tamanho de 9 folhas. O arquivo em [&hellip;]<\/p>\n","protected":false},"featured_media":4877,"comment_status":"open","ping_status":"closed","template":"","meta":[],"product_brand":[],"product_cat":[24],"product_tag":[],"class_list":{"0":"post-4875","1":"product","2":"type-product","3":"status-publish","4":"has-post-thumbnail","6":"product_cat-recursos-pedagogicos","8":"first","9":"instock","10":"downloadable","11":"shipping-taxable","12":"purchasable","13":"product-type-simple"},"jetpack_sharing_enabled":true,"_links":{"self":[{"href":"https:\/\/ocantinhodepapel.com\/index.php\/wp-json\/wp\/v2\/product\/4875","targetHints":{"allow":["GET"]}}],"collection":[{"href":"https:\/\/ocantinhodepapel.com\/index.php\/wp-json\/wp\/v2\/product"}],"about":[{"href":"https:\/\/ocantinhodepapel.com\/index.php\/wp-json\/wp\/v2\/types\/product"}],"replies":[{"embeddable":true,"href":"https:\/\/ocantinhodepapel.com\/index.php\/wp-json\/wp\/v2\/comments?post=4875"}],"wp:featuredmedia":[{"embeddable":true,"href":"https:\/\/ocantinhodepapel.com\/index.php\/wp-json\/wp\/v2\/media\/4877"}],"wp:attachment":[{"href":"https:\/\/ocantinhodepapel.com\/index.php\/wp-json\/wp\/v2\/media?parent=4875"}],"wp:term":[{"taxonomy":"product_brand","embeddable":true,"href":"https:\/\/ocantinhodepapel.com\/index.php\/wp-json\/wp\/v2\/product_brand?post=4875"},{"taxonomy":"product_cat","embeddable":true,"href":"https:\/\/ocantinhodepapel.com\/index.php\/wp-json\/wp\/v2\/product_cat?post=4875"},{"taxonomy":"product_tag","embeddable":true,"href":"https:\/\/ocantinhodepapel.com\/index.php\/wp-json\/wp\/v2\/product_tag?post=4875"}],"curies":[{"name":"wp","href":"https:\/\/api.w.org\/{rel}","templated":true}]}}