{"id":4864,"date":"2026-01-17T16:48:51","date_gmt":"2026-01-17T19:48:51","guid":{"rendered":"https:\/\/ocantinhodepapel.com\/?post_type=product&#038;p=4864"},"modified":"2026-01-17T16:48:51","modified_gmt":"2026-01-17T19:48:51","slug":"cracha-de-mesa-editavel","status":"publish","type":"product","link":"https:\/\/ocantinhodepapel.com\/index.php\/produto\/cracha-de-mesa-editavel\/","title":{"rendered":"Crach\u00e1 de Mesa Edit\u00e1vel"},"content":{"rendered":"<p>Crach\u00e1 de Mesa Edit\u00e1vel para turmas de Educa\u00e7\u00e3o Infantil e s\u00e9ries iniciais do Ensino Fundamental.<\/p>\n<p>O material vai com alfabeto e numerais at\u00e9 10.<\/p>\n<p>Ao adquirir o arquivo voc\u00ea recebe o v\u00eddeo tutorial e o link de edi\u00e7\u00e3o para adicionar a foto e nome das crian\u00e7as.<\/p>\n<p>O arquivo tamb\u00e9m vai em PDF pronto para impress\u00e3o.<\/p>\n","protected":false},"excerpt":{"rendered":"<p>Crach\u00e1 de Mesa Edit\u00e1vel para turmas de Educa\u00e7\u00e3o Infantil e s\u00e9ries iniciais do Ensino Fundamental. O material vai com alfabeto e numerais at\u00e9 10. Ao adquirir o arquivo voc\u00ea recebe o v\u00eddeo tutorial e o link de edi\u00e7\u00e3o para adicionar a foto e nome das crian\u00e7as. O arquivo tamb\u00e9m vai em PDF pronto para impress\u00e3o.<\/p>\n","protected":false},"featured_media":4866,"comment_status":"open","ping_status":"closed","template":"","meta":[],"product_brand":[],"product_cat":[24],"product_tag":[],"class_list":{"0":"post-4864","1":"product","2":"type-product","3":"status-publish","4":"has-post-thumbnail","6":"product_cat-recursos-pedagogicos","8":"first","9":"instock","10":"downloadable","11":"shipping-taxable","12":"purchasable","13":"product-type-simple"},"jetpack_sharing_enabled":true,"_links":{"self":[{"href":"https:\/\/ocantinhodepapel.com\/index.php\/wp-json\/wp\/v2\/product\/4864","targetHints":{"allow":["GET"]}}],"collection":[{"href":"https:\/\/ocantinhodepapel.com\/index.php\/wp-json\/wp\/v2\/product"}],"about":[{"href":"https:\/\/ocantinhodepapel.com\/index.php\/wp-json\/wp\/v2\/types\/product"}],"replies":[{"embeddable":true,"href":"https:\/\/ocantinhodepapel.com\/index.php\/wp-json\/wp\/v2\/comments?post=4864"}],"wp:featuredmedia":[{"embeddable":true,"href":"https:\/\/ocantinhodepapel.com\/index.php\/wp-json\/wp\/v2\/media\/4866"}],"wp:attachment":[{"href":"https:\/\/ocantinhodepapel.com\/index.php\/wp-json\/wp\/v2\/media?parent=4864"}],"wp:term":[{"taxonomy":"product_brand","embeddable":true,"href":"https:\/\/ocantinhodepapel.com\/index.php\/wp-json\/wp\/v2\/product_brand?post=4864"},{"taxonomy":"product_cat","embeddable":true,"href":"https:\/\/ocantinhodepapel.com\/index.php\/wp-json\/wp\/v2\/product_cat?post=4864"},{"taxonomy":"product_tag","embeddable":true,"href":"https:\/\/ocantinhodepapel.com\/index.php\/wp-json\/wp\/v2\/product_tag?post=4864"}],"curies":[{"name":"wp","href":"https:\/\/api.w.org\/{rel}","templated":true}]}}