{"id":4843,"date":"2026-01-17T02:59:01","date_gmt":"2026-01-17T05:59:01","guid":{"rendered":"https:\/\/ocantinhodepapel.com\/?post_type=product&#038;p=4843"},"modified":"2026-01-17T02:59:01","modified_gmt":"2026-01-17T05:59:01","slug":"biscoito-dos-nomes","status":"publish","type":"product","link":"https:\/\/ocantinhodepapel.com\/index.php\/produto\/biscoito-dos-nomes\/","title":{"rendered":"Biscoito dos Nomes"},"content":{"rendered":"<p>Material Biscoito dos Nomes para trabalhar o nome pr\u00f3prio com crian\u00e7as da Educa\u00e7\u00e3o Infantil.<\/p>\n<p>Nessa proposta as crian\u00e7as podem fazer o pareamento das fotos com os nomes, seus ou dos colegas, e tamb\u00e9m escrever os nomes com letras m\u00f3veis.<\/p>\n<p>O material inclui os seguintes itens:<\/p>\n<ul>\n<li>Caixa para guardar as fichas<\/li>\n<li>Fichas coloridas para personalizar<\/li>\n<li>Fichas para colorir para personalizar<\/li>\n<li>Letras m\u00f3veis (inclui op\u00e7\u00e3o edit\u00e1vel)<\/li>\n<li>O material inclui v\u00eddeo tutorial de edi\u00e7\u00e3o e link de edi\u00e7\u00e3o.<\/li>\n<\/ul>\n<p>O arquivo vai em PDF pronto para impress\u00e3o.<\/p>\n","protected":false},"excerpt":{"rendered":"<p>Material Biscoito dos Nomes para trabalhar o nome pr\u00f3prio com crian\u00e7as da Educa\u00e7\u00e3o Infantil. Nessa proposta as crian\u00e7as podem fazer o pareamento das fotos com os nomes, seus ou dos colegas, e tamb\u00e9m escrever os nomes com letras m\u00f3veis. O material inclui os seguintes itens: Caixa para guardar as fichas Fichas coloridas para personalizar Fichas [&hellip;]<\/p>\n","protected":false},"featured_media":4845,"comment_status":"open","ping_status":"closed","template":"","meta":[],"product_brand":[],"product_cat":[24],"product_tag":[],"class_list":{"0":"post-4843","1":"product","2":"type-product","3":"status-publish","4":"has-post-thumbnail","6":"product_cat-recursos-pedagogicos","8":"first","9":"instock","10":"downloadable","11":"shipping-taxable","12":"purchasable","13":"product-type-simple"},"jetpack_sharing_enabled":true,"_links":{"self":[{"href":"https:\/\/ocantinhodepapel.com\/index.php\/wp-json\/wp\/v2\/product\/4843","targetHints":{"allow":["GET"]}}],"collection":[{"href":"https:\/\/ocantinhodepapel.com\/index.php\/wp-json\/wp\/v2\/product"}],"about":[{"href":"https:\/\/ocantinhodepapel.com\/index.php\/wp-json\/wp\/v2\/types\/product"}],"replies":[{"embeddable":true,"href":"https:\/\/ocantinhodepapel.com\/index.php\/wp-json\/wp\/v2\/comments?post=4843"}],"wp:featuredmedia":[{"embeddable":true,"href":"https:\/\/ocantinhodepapel.com\/index.php\/wp-json\/wp\/v2\/media\/4845"}],"wp:attachment":[{"href":"https:\/\/ocantinhodepapel.com\/index.php\/wp-json\/wp\/v2\/media?parent=4843"}],"wp:term":[{"taxonomy":"product_brand","embeddable":true,"href":"https:\/\/ocantinhodepapel.com\/index.php\/wp-json\/wp\/v2\/product_brand?post=4843"},{"taxonomy":"product_cat","embeddable":true,"href":"https:\/\/ocantinhodepapel.com\/index.php\/wp-json\/wp\/v2\/product_cat?post=4843"},{"taxonomy":"product_tag","embeddable":true,"href":"https:\/\/ocantinhodepapel.com\/index.php\/wp-json\/wp\/v2\/product_tag?post=4843"}],"curies":[{"name":"wp","href":"https:\/\/api.w.org\/{rel}","templated":true}]}}