{"id":4824,"date":"2026-01-17T01:29:03","date_gmt":"2026-01-17T04:29:03","guid":{"rendered":"https:\/\/ocantinhodepapel.com\/?post_type=product&#038;p=4824"},"modified":"2026-01-17T01:29:03","modified_gmt":"2026-01-17T04:29:03","slug":"relogio-do-tempo","status":"publish","type":"product","link":"https:\/\/ocantinhodepapel.com\/index.php\/produto\/relogio-do-tempo\/","title":{"rendered":"Rel\u00f3gio do Tempo"},"content":{"rendered":"<p>Rel\u00f3gio do tempo interativo, vai nas op\u00e7\u00f5es ampliado (75 cm de altura por 63 cm de largura) e A4. Esse recurso \u00e9 excelente para trabalhar as mudan\u00e7as clim\u00e1ticas di\u00e1rias com as crian\u00e7as, e inserir na rotina essa sugest\u00f5es interativa trabalhando tamb\u00e9m a observa\u00e7\u00e3o dos elementos externos e das esta\u00e7\u00f5es do ano e suas caracter\u00edsticas, al\u00e9m do desenvolvimento das percep\u00e7\u00f5es sensoriais de acordo com o clima de cada dia.<\/p>\n<p>Esse recurso tamb\u00e9m pode ser utilizado no ambiente externo da escola, j\u00e1 a atividade ao ar livre pode contribuir para a sa\u00fade e bem-estar das crian\u00e7as, que se movimentam, respiram ar fresco e t\u00eam contato com a natureza. Al\u00e9m disso, a intera\u00e7\u00e3o com os elementos naturais pode estimular a curiosidade e a criatividade dos pequenos.<\/p>\n<p>Para fazer a impress\u00e3o do recurso recomenda-se papel de gramatura 180, e de preferencia utiliza\u00e7\u00e3o de papel contact para maior durabilidade. Para o ponteiro ficar m\u00f3vel utilizamos colchetes.<\/p>\n","protected":false},"excerpt":{"rendered":"<p>Rel\u00f3gio do tempo interativo, vai nas op\u00e7\u00f5es ampliado (75 cm de altura por 63 cm de largura) e A4. Esse recurso \u00e9 excelente para trabalhar as mudan\u00e7as clim\u00e1ticas di\u00e1rias com as crian\u00e7as, e inserir na rotina essa sugest\u00f5es interativa trabalhando tamb\u00e9m a observa\u00e7\u00e3o dos elementos externos e das esta\u00e7\u00f5es do ano e suas caracter\u00edsticas, al\u00e9m [&hellip;]<\/p>\n","protected":false},"featured_media":4826,"comment_status":"open","ping_status":"closed","template":"","meta":[],"product_brand":[],"product_cat":[24],"product_tag":[],"class_list":{"0":"post-4824","1":"product","2":"type-product","3":"status-publish","4":"has-post-thumbnail","6":"product_cat-recursos-pedagogicos","8":"first","9":"instock","10":"downloadable","11":"shipping-taxable","12":"purchasable","13":"product-type-simple"},"jetpack_sharing_enabled":true,"_links":{"self":[{"href":"https:\/\/ocantinhodepapel.com\/index.php\/wp-json\/wp\/v2\/product\/4824","targetHints":{"allow":["GET"]}}],"collection":[{"href":"https:\/\/ocantinhodepapel.com\/index.php\/wp-json\/wp\/v2\/product"}],"about":[{"href":"https:\/\/ocantinhodepapel.com\/index.php\/wp-json\/wp\/v2\/types\/product"}],"replies":[{"embeddable":true,"href":"https:\/\/ocantinhodepapel.com\/index.php\/wp-json\/wp\/v2\/comments?post=4824"}],"wp:featuredmedia":[{"embeddable":true,"href":"https:\/\/ocantinhodepapel.com\/index.php\/wp-json\/wp\/v2\/media\/4826"}],"wp:attachment":[{"href":"https:\/\/ocantinhodepapel.com\/index.php\/wp-json\/wp\/v2\/media?parent=4824"}],"wp:term":[{"taxonomy":"product_brand","embeddable":true,"href":"https:\/\/ocantinhodepapel.com\/index.php\/wp-json\/wp\/v2\/product_brand?post=4824"},{"taxonomy":"product_cat","embeddable":true,"href":"https:\/\/ocantinhodepapel.com\/index.php\/wp-json\/wp\/v2\/product_cat?post=4824"},{"taxonomy":"product_tag","embeddable":true,"href":"https:\/\/ocantinhodepapel.com\/index.php\/wp-json\/wp\/v2\/product_tag?post=4824"}],"curies":[{"name":"wp","href":"https:\/\/api.w.org\/{rel}","templated":true}]}}