{"id":4819,"date":"2026-01-17T01:19:14","date_gmt":"2026-01-17T04:19:14","guid":{"rendered":"https:\/\/ocantinhodepapel.com\/?post_type=product&#038;p=4819"},"modified":"2026-01-17T01:19:15","modified_gmt":"2026-01-17T04:19:15","slug":"bichinho-das-cores","status":"publish","type":"product","link":"https:\/\/ocantinhodepapel.com\/index.php\/produto\/bichinho-das-cores\/","title":{"rendered":"Bichinho das Cores"},"content":{"rendered":"<p>O arquivo &#8216;Bichinho das Cores&#8217; \u00e9 um recurso pedag\u00f3gico ideal para ensinar e refor\u00e7ar o reconhecimento das cores.<\/p>\n<p>O material vai em PDF pronto para impress\u00e3o, e inclui varias paginas. Este material utiliza um painel interativo com o nome de cada cor, tornando o aprendizado mais din\u00e2mico e visualmente atraente. Com o aux\u00edlio de bichinhos coloridos, o arquivo facilita a associa\u00e7\u00e3o entre cores e palavras, promovendo o desenvolvimento cognitivo e sensorial de forma l\u00fadica e adaptada \u00e0s necessidades individuais de cada crian\u00e7a.<\/p>\n<p>\u00c9 recomendado imprimir em papel fotogr\u00e1fico de gramatura 180.<\/p>\n<p>Objetivos da proposta:<\/p>\n<ul>\n<li>Desenvolvimento do Reconhecimento de Cores.<\/li>\n<li>Estimula\u00e7\u00e3o Cognitiva e Sensorial<\/li>\n<li>Aprendizagem L\u00fadica<\/li>\n<li>Melhoria da Aten\u00e7\u00e3o e Concentra\u00e7\u00e3o<\/li>\n<li>Inclus\u00e3o e Acessibilidade<\/li>\n<\/ul>\n","protected":false},"excerpt":{"rendered":"<p>O arquivo &#8216;Bichinho das Cores&#8217; \u00e9 um recurso pedag\u00f3gico ideal para ensinar e refor\u00e7ar o reconhecimento das cores. O material vai em PDF pronto para impress\u00e3o, e inclui varias paginas. Este material utiliza um painel interativo com o nome de cada cor, tornando o aprendizado mais din\u00e2mico e visualmente atraente. Com o aux\u00edlio de bichinhos [&hellip;]<\/p>\n","protected":false},"featured_media":4821,"comment_status":"open","ping_status":"closed","template":"","meta":[],"product_brand":[],"product_cat":[24],"product_tag":[],"class_list":{"0":"post-4819","1":"product","2":"type-product","3":"status-publish","4":"has-post-thumbnail","6":"product_cat-recursos-pedagogicos","8":"first","9":"instock","10":"downloadable","11":"shipping-taxable","12":"purchasable","13":"product-type-simple"},"jetpack_sharing_enabled":true,"_links":{"self":[{"href":"https:\/\/ocantinhodepapel.com\/index.php\/wp-json\/wp\/v2\/product\/4819","targetHints":{"allow":["GET"]}}],"collection":[{"href":"https:\/\/ocantinhodepapel.com\/index.php\/wp-json\/wp\/v2\/product"}],"about":[{"href":"https:\/\/ocantinhodepapel.com\/index.php\/wp-json\/wp\/v2\/types\/product"}],"replies":[{"embeddable":true,"href":"https:\/\/ocantinhodepapel.com\/index.php\/wp-json\/wp\/v2\/comments?post=4819"}],"wp:featuredmedia":[{"embeddable":true,"href":"https:\/\/ocantinhodepapel.com\/index.php\/wp-json\/wp\/v2\/media\/4821"}],"wp:attachment":[{"href":"https:\/\/ocantinhodepapel.com\/index.php\/wp-json\/wp\/v2\/media?parent=4819"}],"wp:term":[{"taxonomy":"product_brand","embeddable":true,"href":"https:\/\/ocantinhodepapel.com\/index.php\/wp-json\/wp\/v2\/product_brand?post=4819"},{"taxonomy":"product_cat","embeddable":true,"href":"https:\/\/ocantinhodepapel.com\/index.php\/wp-json\/wp\/v2\/product_cat?post=4819"},{"taxonomy":"product_tag","embeddable":true,"href":"https:\/\/ocantinhodepapel.com\/index.php\/wp-json\/wp\/v2\/product_tag?post=4819"}],"curies":[{"name":"wp","href":"https:\/\/api.w.org\/{rel}","templated":true}]}}