{"id":4793,"date":"2026-01-14T14:54:45","date_gmt":"2026-01-14T17:54:45","guid":{"rendered":"https:\/\/ocantinhodepapel.com\/?post_type=product&#038;p=4793"},"modified":"2026-01-14T14:54:46","modified_gmt":"2026-01-14T17:54:46","slug":"combo-anual-2026","status":"publish","type":"product","link":"https:\/\/ocantinhodepapel.com\/index.php\/produto\/combo-anual-2026\/","title":{"rendered":"Combo Anual 2026"},"content":{"rendered":"<p>COMBO ANUAL 2026<\/p>\n<p>Garanta acesso a um drive exclusivo com materiais pedag\u00f3gicos pensados para facilitar sua rotina o ano todo!<\/p>\n<p>\u2714\ufe0f 20 recursos por m\u00eas<br \/>\n\u2714\ufe0f Total de 240 recursos ao longo do ano<br \/>\n\u2714\ufe0f Atualiza\u00e7\u00f5es autom\u00e1ticas todo dia 1\u00ba de cada m\u00eas<br \/>\n\u2714\ufe0f Materiais planejados e organizados conforme cada m\u00eas, alinhados \u00e0 pr\u00e1tica pedag\u00f3gica<\/p>\n<p>Um combo completo, pr\u00e1tico e econ\u00f4mico para voc\u00ea ter sempre o recurso certo, na hora certa!<\/p>\n","protected":false},"excerpt":{"rendered":"<p>COMBO ANUAL 2026 Garanta acesso a um drive exclusivo com materiais pedag\u00f3gicos pensados para facilitar sua rotina o ano todo! \u2714\ufe0f 20 recursos por m\u00eas \u2714\ufe0f Total de 240 recursos ao longo do ano \u2714\ufe0f Atualiza\u00e7\u00f5es autom\u00e1ticas todo dia 1\u00ba de cada m\u00eas \u2714\ufe0f Materiais planejados e organizados conforme cada m\u00eas, alinhados \u00e0 pr\u00e1tica pedag\u00f3gica [&hellip;]<\/p>\n","protected":false},"featured_media":4795,"comment_status":"open","ping_status":"closed","template":"","meta":[],"product_brand":[],"product_cat":[24],"product_tag":[],"class_list":{"0":"post-4793","1":"product","2":"type-product","3":"status-publish","4":"has-post-thumbnail","6":"product_cat-recursos-pedagogicos","8":"first","9":"instock","10":"downloadable","11":"shipping-taxable","12":"purchasable","13":"product-type-simple"},"jetpack_sharing_enabled":true,"_links":{"self":[{"href":"https:\/\/ocantinhodepapel.com\/index.php\/wp-json\/wp\/v2\/product\/4793","targetHints":{"allow":["GET"]}}],"collection":[{"href":"https:\/\/ocantinhodepapel.com\/index.php\/wp-json\/wp\/v2\/product"}],"about":[{"href":"https:\/\/ocantinhodepapel.com\/index.php\/wp-json\/wp\/v2\/types\/product"}],"replies":[{"embeddable":true,"href":"https:\/\/ocantinhodepapel.com\/index.php\/wp-json\/wp\/v2\/comments?post=4793"}],"wp:featuredmedia":[{"embeddable":true,"href":"https:\/\/ocantinhodepapel.com\/index.php\/wp-json\/wp\/v2\/media\/4795"}],"wp:attachment":[{"href":"https:\/\/ocantinhodepapel.com\/index.php\/wp-json\/wp\/v2\/media?parent=4793"}],"wp:term":[{"taxonomy":"product_brand","embeddable":true,"href":"https:\/\/ocantinhodepapel.com\/index.php\/wp-json\/wp\/v2\/product_brand?post=4793"},{"taxonomy":"product_cat","embeddable":true,"href":"https:\/\/ocantinhodepapel.com\/index.php\/wp-json\/wp\/v2\/product_cat?post=4793"},{"taxonomy":"product_tag","embeddable":true,"href":"https:\/\/ocantinhodepapel.com\/index.php\/wp-json\/wp\/v2\/product_tag?post=4793"}],"curies":[{"name":"wp","href":"https:\/\/api.w.org\/{rel}","templated":true}]}}