{"id":4747,"date":"2026-01-14T04:18:22","date_gmt":"2026-01-14T07:18:22","guid":{"rendered":"https:\/\/ocantinhodepapel.com\/?post_type=product&#038;p=4747"},"modified":"2026-01-14T04:18:22","modified_gmt":"2026-01-14T07:18:22","slug":"dinamica-volta-as-aulas-divertidamente","status":"publish","type":"product","link":"https:\/\/ocantinhodepapel.com\/index.php\/produto\/dinamica-volta-as-aulas-divertidamente\/","title":{"rendered":"Din\u00e2mica Volta \u00e0s Aulas Divertidamente"},"content":{"rendered":"<p>Din\u00e2mica Volta \u00e0s Aulas Divertidamente para utilizar com turmas de Educa\u00e7\u00e3o Infantil e s\u00e9ries iniciais do Ensino Fundamental.<\/p>\n<p>O arquivo vai em PDF pronto para impress\u00e3o, inclui caixa para utilizar no momento da din\u00e2mica e 30 fichas para sorteio.<\/p>\n<p>O arquivo acompanha v\u00eddeo tutorial da montagem da caixinha.<\/p>\n<p>Excelente proposta para receber os alunos e estimular a express\u00e3o, autonomia, identidade, empatia e outros conte\u00fados importantes para essa faixa et\u00e1ria.<\/p>\n","protected":false},"excerpt":{"rendered":"<p>Din\u00e2mica Volta \u00e0s Aulas Divertidamente para utilizar com turmas de Educa\u00e7\u00e3o Infantil e s\u00e9ries iniciais do Ensino Fundamental. O arquivo vai em PDF pronto para impress\u00e3o, inclui caixa para utilizar no momento da din\u00e2mica e 30 fichas para sorteio. O arquivo acompanha v\u00eddeo tutorial da montagem da caixinha. Excelente proposta para receber os alunos e [&hellip;]<\/p>\n","protected":false},"featured_media":4749,"comment_status":"open","ping_status":"closed","template":"","meta":[],"product_brand":[],"product_cat":[26],"product_tag":[],"class_list":{"0":"post-4747","1":"product","2":"type-product","3":"status-publish","4":"has-post-thumbnail","6":"product_cat-datas-comemorativas","8":"first","9":"instock","10":"downloadable","11":"shipping-taxable","12":"purchasable","13":"product-type-simple"},"jetpack_sharing_enabled":true,"_links":{"self":[{"href":"https:\/\/ocantinhodepapel.com\/index.php\/wp-json\/wp\/v2\/product\/4747","targetHints":{"allow":["GET"]}}],"collection":[{"href":"https:\/\/ocantinhodepapel.com\/index.php\/wp-json\/wp\/v2\/product"}],"about":[{"href":"https:\/\/ocantinhodepapel.com\/index.php\/wp-json\/wp\/v2\/types\/product"}],"replies":[{"embeddable":true,"href":"https:\/\/ocantinhodepapel.com\/index.php\/wp-json\/wp\/v2\/comments?post=4747"}],"wp:featuredmedia":[{"embeddable":true,"href":"https:\/\/ocantinhodepapel.com\/index.php\/wp-json\/wp\/v2\/media\/4749"}],"wp:attachment":[{"href":"https:\/\/ocantinhodepapel.com\/index.php\/wp-json\/wp\/v2\/media?parent=4747"}],"wp:term":[{"taxonomy":"product_brand","embeddable":true,"href":"https:\/\/ocantinhodepapel.com\/index.php\/wp-json\/wp\/v2\/product_brand?post=4747"},{"taxonomy":"product_cat","embeddable":true,"href":"https:\/\/ocantinhodepapel.com\/index.php\/wp-json\/wp\/v2\/product_cat?post=4747"},{"taxonomy":"product_tag","embeddable":true,"href":"https:\/\/ocantinhodepapel.com\/index.php\/wp-json\/wp\/v2\/product_tag?post=4747"}],"curies":[{"name":"wp","href":"https:\/\/api.w.org\/{rel}","templated":true}]}}