{"id":4679,"date":"2026-01-09T04:07:06","date_gmt":"2026-01-09T07:07:06","guid":{"rendered":"https:\/\/ocantinhodepapel.com\/?post_type=product&#038;p=4679"},"modified":"2026-01-09T04:07:07","modified_gmt":"2026-01-09T07:07:07","slug":"hora-do-movimento","status":"publish","type":"product","link":"https:\/\/ocantinhodepapel.com\/index.php\/produto\/hora-do-movimento\/","title":{"rendered":"Hora do Movimento"},"content":{"rendered":"<p>Recurso Hora do Movimento para trabalhar com crian\u00e7as da Educa\u00e7\u00e3o Especial e Educa\u00e7\u00e3o Infantil em geral.<\/p>\n<p>Proposta excelente para ser inclu\u00edda na rotina escolar, que trabalha:<\/p>\n<ul>\n<li>Desenvolvimento Motor<\/li>\n<li>Estimula\u00e7\u00e3o Cognitiva<\/li>\n<li>Consci\u00eancia Corporal<\/li>\n<li>Criatividade e Imita\u00e7\u00e3o<\/li>\n<li>Intera\u00e7\u00e3o Social<\/li>\n<li>Concentra\u00e7\u00e3o e Aten\u00e7\u00e3o<\/li>\n<li>Divers\u00e3o e Engajamento<\/li>\n<li>Desenvolvimento Emociona<\/li>\n<\/ul>\n<p>O arquivo vai em PDF pronto para impress\u00e3o. Ao adquirir voc\u00ea tamb\u00e9m recebe v\u00eddeo tutorial de montagem.<\/p>\n<p>Para impress\u00e3o recomendamos papel de gramatura 180 ou 230.<\/p>\n<p>Medidas aproximadas do material montado: 1m de altura x 35 cm de largura.<\/p>\n","protected":false},"excerpt":{"rendered":"<p>Recurso Hora do Movimento para trabalhar com crian\u00e7as da Educa\u00e7\u00e3o Especial e Educa\u00e7\u00e3o Infantil em geral. Proposta excelente para ser inclu\u00edda na rotina escolar, que trabalha: Desenvolvimento Motor Estimula\u00e7\u00e3o Cognitiva Consci\u00eancia Corporal Criatividade e Imita\u00e7\u00e3o Intera\u00e7\u00e3o Social Concentra\u00e7\u00e3o e Aten\u00e7\u00e3o Divers\u00e3o e Engajamento Desenvolvimento Emociona O arquivo vai em PDF pronto para impress\u00e3o. Ao adquirir [&hellip;]<\/p>\n","protected":false},"featured_media":4686,"comment_status":"open","ping_status":"closed","template":"","meta":[],"product_brand":[],"product_cat":[24],"product_tag":[],"class_list":{"0":"post-4679","1":"product","2":"type-product","3":"status-publish","4":"has-post-thumbnail","6":"product_cat-recursos-pedagogicos","8":"first","9":"instock","10":"downloadable","11":"shipping-taxable","12":"purchasable","13":"product-type-simple"},"jetpack_sharing_enabled":true,"_links":{"self":[{"href":"https:\/\/ocantinhodepapel.com\/index.php\/wp-json\/wp\/v2\/product\/4679","targetHints":{"allow":["GET"]}}],"collection":[{"href":"https:\/\/ocantinhodepapel.com\/index.php\/wp-json\/wp\/v2\/product"}],"about":[{"href":"https:\/\/ocantinhodepapel.com\/index.php\/wp-json\/wp\/v2\/types\/product"}],"replies":[{"embeddable":true,"href":"https:\/\/ocantinhodepapel.com\/index.php\/wp-json\/wp\/v2\/comments?post=4679"}],"wp:featuredmedia":[{"embeddable":true,"href":"https:\/\/ocantinhodepapel.com\/index.php\/wp-json\/wp\/v2\/media\/4686"}],"wp:attachment":[{"href":"https:\/\/ocantinhodepapel.com\/index.php\/wp-json\/wp\/v2\/media?parent=4679"}],"wp:term":[{"taxonomy":"product_brand","embeddable":true,"href":"https:\/\/ocantinhodepapel.com\/index.php\/wp-json\/wp\/v2\/product_brand?post=4679"},{"taxonomy":"product_cat","embeddable":true,"href":"https:\/\/ocantinhodepapel.com\/index.php\/wp-json\/wp\/v2\/product_cat?post=4679"},{"taxonomy":"product_tag","embeddable":true,"href":"https:\/\/ocantinhodepapel.com\/index.php\/wp-json\/wp\/v2\/product_tag?post=4679"}],"curies":[{"name":"wp","href":"https:\/\/api.w.org\/{rel}","templated":true}]}}