{"id":4647,"date":"2026-01-08T03:02:11","date_gmt":"2026-01-08T06:02:11","guid":{"rendered":"https:\/\/ocantinhodepapel.com\/?post_type=product&#038;p=4647"},"modified":"2026-01-08T03:02:11","modified_gmt":"2026-01-08T06:02:11","slug":"cartaz-palavrinha-do-dia","status":"publish","type":"product","link":"https:\/\/ocantinhodepapel.com\/index.php\/produto\/cartaz-palavrinha-do-dia\/","title":{"rendered":"Cartaz Palavrinha do dia"},"content":{"rendered":"<p>O arquivo &#8220;Palavrinha do Dia&#8221; \u00e9 um recurso excelente para ser inserido na rotina de salas com crian\u00e7as em fase de alfabetiza\u00e7\u00e3o, pois trabalha com a an\u00e1lise de diferentes palavras, oferecendo a oportunidade de uma reflex\u00e3o sobre o nosso sistema de escrita, e favorecendo a aumento do vocabul\u00e1rio, o avan\u00e7o na hip\u00f3tese de escrita e a autonomia no processo de alfabetiza\u00e7\u00e3o.<\/p>\n<p>O arquivo possui 26 p\u00e1ginas, contendo o cartaz j\u00e1 ampliado (4 folhas A4), inclui uma folha de registro individual para cada crian\u00e7a reproduzir a an\u00e1lise da palavra, e 84 cards com sugest\u00f5es de palavras para serem utilizadas com o cartaz.<\/p>\n","protected":false},"excerpt":{"rendered":"<p>O arquivo &#8220;Palavrinha do Dia&#8221; \u00e9 um recurso excelente para ser inserido na rotina de salas com crian\u00e7as em fase de alfabetiza\u00e7\u00e3o, pois trabalha com a an\u00e1lise de diferentes palavras, oferecendo a oportunidade de uma reflex\u00e3o sobre o nosso sistema de escrita, e favorecendo a aumento do vocabul\u00e1rio, o avan\u00e7o na hip\u00f3tese de escrita e [&hellip;]<\/p>\n","protected":false},"featured_media":4649,"comment_status":"open","ping_status":"closed","template":"","meta":[],"product_brand":[],"product_cat":[24],"product_tag":[],"class_list":{"0":"post-4647","1":"product","2":"type-product","3":"status-publish","4":"has-post-thumbnail","6":"product_cat-recursos-pedagogicos","8":"first","9":"instock","10":"downloadable","11":"shipping-taxable","12":"purchasable","13":"product-type-simple"},"jetpack_sharing_enabled":true,"_links":{"self":[{"href":"https:\/\/ocantinhodepapel.com\/index.php\/wp-json\/wp\/v2\/product\/4647","targetHints":{"allow":["GET"]}}],"collection":[{"href":"https:\/\/ocantinhodepapel.com\/index.php\/wp-json\/wp\/v2\/product"}],"about":[{"href":"https:\/\/ocantinhodepapel.com\/index.php\/wp-json\/wp\/v2\/types\/product"}],"replies":[{"embeddable":true,"href":"https:\/\/ocantinhodepapel.com\/index.php\/wp-json\/wp\/v2\/comments?post=4647"}],"wp:featuredmedia":[{"embeddable":true,"href":"https:\/\/ocantinhodepapel.com\/index.php\/wp-json\/wp\/v2\/media\/4649"}],"wp:attachment":[{"href":"https:\/\/ocantinhodepapel.com\/index.php\/wp-json\/wp\/v2\/media?parent=4647"}],"wp:term":[{"taxonomy":"product_brand","embeddable":true,"href":"https:\/\/ocantinhodepapel.com\/index.php\/wp-json\/wp\/v2\/product_brand?post=4647"},{"taxonomy":"product_cat","embeddable":true,"href":"https:\/\/ocantinhodepapel.com\/index.php\/wp-json\/wp\/v2\/product_cat?post=4647"},{"taxonomy":"product_tag","embeddable":true,"href":"https:\/\/ocantinhodepapel.com\/index.php\/wp-json\/wp\/v2\/product_tag?post=4647"}],"curies":[{"name":"wp","href":"https:\/\/api.w.org\/{rel}","templated":true}]}}