{"id":4639,"date":"2026-01-08T02:06:40","date_gmt":"2026-01-08T05:06:40","guid":{"rendered":"https:\/\/ocantinhodepapel.com\/?post_type=product&#038;p=4639"},"modified":"2026-01-08T02:06:41","modified_gmt":"2026-01-08T05:06:41","slug":"bau-dos-tesouros","status":"publish","type":"product","link":"https:\/\/ocantinhodepapel.com\/index.php\/produto\/bau-dos-tesouros\/","title":{"rendered":"Ba\u00fa dos Tesouros"},"content":{"rendered":"<p>Hist\u00f3ria e Din\u00e2mica \u201cO Ba\u00fa dos Tesouros\u201d, para trabalhar o tema identidade com as crian\u00e7as da educa\u00e7\u00e3o infantil. O arquivo inclui a hist\u00f3ria na caixa, a descri\u00e7\u00e3o com orienta\u00e7\u00f5es e objetivos da din\u00e2mica, pergaminhos e ba\u00fa para ser utilizado no momento da din\u00e2mica.<\/p>\n<p>Objetivos espec\u00edficos:<\/p>\n<ul>\n<li>Est\u00edmulo \u00e0 Imagina\u00e7\u00e3o e Criatividade: A hist\u00f3ria do &#8220;Ba\u00fa dos Tesouros&#8221; e a atividade de desenho proporcionam um ambiente<br \/>\nprop\u00edcio para as crian\u00e7as explorarem sua imagina\u00e7\u00e3o e expressarem sua criatividade de maneira livre e espont\u00e2nea.<\/li>\n<li>Fortalecimento da Autoestima: Ao compartilhar seus desenhos e falar sobre o que mais gostam, as crian\u00e7as t\u00eam a oportunidade de<br \/>\nreconhecer e valorizar suas pr\u00f3prias qualidades e interesses, o que contribui para o fortalecimento de sua autoestima e<br \/>\nautoconfian\u00e7a.<\/li>\n<li>Desenvolvimento da Express\u00e3o Oral: A din\u00e2mica de compartilhamento dos desenhos proporciona um espa\u00e7o seguro para que as crian\u00e7as pratiquem a express\u00e3o oral, aprendendo a comunicar suas ideias e sentimentos de forma clara e assertiva perante os colegas e a professora.<\/li>\n<li>Incentivo ao Respeito \u00e0 Diversidade: Ao ouvirem as hist\u00f3rias e experi\u00eancias uns dos outros, as crian\u00e7as aprendem a respeitar e valorizar as diferen\u00e7as individuais, compreendendo que cada pessoa \u00e9 \u00fanica e especial \u00e0 sua maneira.<\/li>\n<li>Fomento da Identidade e do Sentimento de Pertencimento: Atrav\u00e9s da reflex\u00e3o sobre aquilo que mais gostam e valorizam, as crian\u00e7as desenvolvem uma maior compreens\u00e3o de sua pr\u00f3pria identidade e lugar no mundo, o que contribui para fortalecer o sentimento de pertencimento ao grupo e \u00e0 comunidade escolar.<\/li>\n<li>Promo\u00e7\u00e3o do Trabalho em Grupo: A atividade em c\u00edrculo e a troca de experi\u00eancias entre as crian\u00e7as durante a din\u00e2mica estimulam o trabalho em grupo e o senso de colabora\u00e7\u00e3o, ajudando a construir v\u00ednculos afetivos entre os colegas e a promover um ambiente de apoio m\u00fatuo e respeito.<\/li>\n<li>Essa proposta n\u00e3o s\u00f3 proporciona momentos de divers\u00e3o e aprendizado para as crian\u00e7as da educa\u00e7\u00e3o infantil, mas tamb\u00e9m contribui para o desenvolvimento de habilidades socioemocionais importantes para sua forma\u00e7\u00e3o integral como indiv\u00edduos.<\/li>\n<\/ul>\n","protected":false},"excerpt":{"rendered":"<p>Hist\u00f3ria e Din\u00e2mica \u201cO Ba\u00fa dos Tesouros\u201d, para trabalhar o tema identidade com as crian\u00e7as da educa\u00e7\u00e3o infantil. O arquivo inclui a hist\u00f3ria na caixa, a descri\u00e7\u00e3o com orienta\u00e7\u00f5es e objetivos da din\u00e2mica, pergaminhos e ba\u00fa para ser utilizado no momento da din\u00e2mica. Objetivos espec\u00edficos: Est\u00edmulo \u00e0 Imagina\u00e7\u00e3o e Criatividade: A hist\u00f3ria do &#8220;Ba\u00fa dos [&hellip;]<\/p>\n","protected":false},"featured_media":4641,"comment_status":"open","ping_status":"closed","template":"","meta":[],"product_brand":[],"product_cat":[24],"product_tag":[],"class_list":{"0":"post-4639","1":"product","2":"type-product","3":"status-publish","4":"has-post-thumbnail","6":"product_cat-recursos-pedagogicos","8":"first","9":"instock","10":"downloadable","11":"shipping-taxable","12":"purchasable","13":"product-type-simple"},"jetpack_sharing_enabled":true,"_links":{"self":[{"href":"https:\/\/ocantinhodepapel.com\/index.php\/wp-json\/wp\/v2\/product\/4639","targetHints":{"allow":["GET"]}}],"collection":[{"href":"https:\/\/ocantinhodepapel.com\/index.php\/wp-json\/wp\/v2\/product"}],"about":[{"href":"https:\/\/ocantinhodepapel.com\/index.php\/wp-json\/wp\/v2\/types\/product"}],"replies":[{"embeddable":true,"href":"https:\/\/ocantinhodepapel.com\/index.php\/wp-json\/wp\/v2\/comments?post=4639"}],"wp:featuredmedia":[{"embeddable":true,"href":"https:\/\/ocantinhodepapel.com\/index.php\/wp-json\/wp\/v2\/media\/4641"}],"wp:attachment":[{"href":"https:\/\/ocantinhodepapel.com\/index.php\/wp-json\/wp\/v2\/media?parent=4639"}],"wp:term":[{"taxonomy":"product_brand","embeddable":true,"href":"https:\/\/ocantinhodepapel.com\/index.php\/wp-json\/wp\/v2\/product_brand?post=4639"},{"taxonomy":"product_cat","embeddable":true,"href":"https:\/\/ocantinhodepapel.com\/index.php\/wp-json\/wp\/v2\/product_cat?post=4639"},{"taxonomy":"product_tag","embeddable":true,"href":"https:\/\/ocantinhodepapel.com\/index.php\/wp-json\/wp\/v2\/product_tag?post=4639"}],"curies":[{"name":"wp","href":"https:\/\/api.w.org\/{rel}","templated":true}]}}