{"id":4291,"date":"2025-11-19T16:28:58","date_gmt":"2025-11-19T19:28:58","guid":{"rendered":"https:\/\/ocantinhodepapel.com\/?post_type=product&#038;p=4291"},"modified":"2025-12-01T01:32:27","modified_gmt":"2025-12-01T04:32:27","slug":"kit-capas-de-atividades-papai-noel","status":"publish","type":"product","link":"https:\/\/ocantinhodepapel.com\/index.php\/produto\/kit-capas-de-atividades-papai-noel\/","title":{"rendered":"Kit Capas de Atividades Papai Noel"},"content":{"rendered":"<p>Kit Capas de Atividades tema Papai Noel.<\/p>\n<p>O kit inclui:<\/p>\n<ul>\n<li>Capa colorida para envelope<\/li>\n<li>Capa para colorir para envelope<\/li>\n<li>Al\u00e7a para envelope colorida e para colorir para Atividades<\/li>\n<li>Al\u00e7a para envelope colorida e para colorir para Portf\u00f3lio<\/li>\n<li>Al\u00e7a para envelope colorida e para colorir para Avalia\u00e7\u00f5es<\/li>\n<li>Sacola colorida tamanho grande<\/li>\n<li>Sacola colorida tamanho pequeno<\/li>\n<li>Sacola para colorir tamanho grande<\/li>\n<li>Sacola para colorir tamanho pequeno<\/li>\n<li>Aba para envelope colorida e para colorir para Atividades<\/li>\n<li>Aba para envelope colorida e para colorir para Portf\u00f3lio<\/li>\n<li>Aba para envelope colorida e para colorir para Avalia\u00e7\u00f5es<\/li>\n<\/ul>\n<p>O arquivo vai em PDF pronto para impress\u00e3o.<\/p>\n","protected":false},"excerpt":{"rendered":"<p>Kit Capas de Atividades tema Papai Noel. O kit inclui: Capa colorida para envelope Capa para colorir para envelope Al\u00e7a para envelope colorida e para colorir para Atividades Al\u00e7a para envelope colorida e para colorir para Portf\u00f3lio Al\u00e7a para envelope colorida e para colorir para Avalia\u00e7\u00f5es Sacola colorida tamanho grande Sacola colorida tamanho pequeno Sacola [&hellip;]<\/p>\n","protected":false},"featured_media":4293,"comment_status":"open","ping_status":"closed","template":"","meta":[],"product_brand":[],"product_cat":[24],"product_tag":[],"class_list":{"0":"post-4291","1":"product","2":"type-product","3":"status-publish","4":"has-post-thumbnail","6":"product_cat-recursos-pedagogicos","8":"first","9":"instock","10":"downloadable","11":"shipping-taxable","12":"purchasable","13":"product-type-simple"},"jetpack_sharing_enabled":true,"_links":{"self":[{"href":"https:\/\/ocantinhodepapel.com\/index.php\/wp-json\/wp\/v2\/product\/4291","targetHints":{"allow":["GET"]}}],"collection":[{"href":"https:\/\/ocantinhodepapel.com\/index.php\/wp-json\/wp\/v2\/product"}],"about":[{"href":"https:\/\/ocantinhodepapel.com\/index.php\/wp-json\/wp\/v2\/types\/product"}],"replies":[{"embeddable":true,"href":"https:\/\/ocantinhodepapel.com\/index.php\/wp-json\/wp\/v2\/comments?post=4291"}],"wp:featuredmedia":[{"embeddable":true,"href":"https:\/\/ocantinhodepapel.com\/index.php\/wp-json\/wp\/v2\/media\/4293"}],"wp:attachment":[{"href":"https:\/\/ocantinhodepapel.com\/index.php\/wp-json\/wp\/v2\/media?parent=4291"}],"wp:term":[{"taxonomy":"product_brand","embeddable":true,"href":"https:\/\/ocantinhodepapel.com\/index.php\/wp-json\/wp\/v2\/product_brand?post=4291"},{"taxonomy":"product_cat","embeddable":true,"href":"https:\/\/ocantinhodepapel.com\/index.php\/wp-json\/wp\/v2\/product_cat?post=4291"},{"taxonomy":"product_tag","embeddable":true,"href":"https:\/\/ocantinhodepapel.com\/index.php\/wp-json\/wp\/v2\/product_tag?post=4291"}],"curies":[{"name":"wp","href":"https:\/\/api.w.org\/{rel}","templated":true}]}}