{"id":4200,"date":"2025-11-17T17:03:28","date_gmt":"2025-11-17T20:03:28","guid":{"rendered":"https:\/\/ocantinhodepapel.com\/?post_type=product&#038;p=4200"},"modified":"2026-02-02T16:51:37","modified_gmt":"2026-02-02T19:51:37","slug":"kit-sala-de-aula-tema-fazendinha","status":"publish","type":"product","link":"https:\/\/ocantinhodepapel.com\/index.php\/produto\/kit-sala-de-aula-tema-fazendinha\/","title":{"rendered":"Kit Sala de Aula tema Fazendinha"},"content":{"rendered":"<p>Kit Ornamenta\u00e7\u00e3o de Sala de Aula tema Fazendinha para turmas da Educa\u00e7\u00e3o Infantil e s\u00e9ries iniciais do Ensino Fundamental.<\/p>\n<p>O kit vai com 28 arquivos, que incluem:<\/p>\n<ul>\n<li>Lembrancinhas primeiro dia<\/li>\n<li>Alfabeto f\u00f4nico (76 cm x 53 cm)<\/li>\n<li>Moldura 1\u00ba dia<\/li>\n<li>Capas de caderno<\/li>\n<li>Calend\u00e1rio pe\u00e7as m\u00f3veis (73 cm x 51 cm)<\/li>\n<li>Combinados (76 cm x 53 cm)<\/li>\n<li>Chamadinha edit\u00e1vel (1,4 m x 49 cm)<\/li>\n<li>Quantos Somos (54 cm x 77 cm)<\/li>\n<li>Aniversariantes (53 cm x 69 cm)<\/li>\n<li>Silab\u00e1rio simples (75 cm x 52 cm)<\/li>\n<li>Silab\u00e1rio complexo (78 cm x 54 cm)<\/li>\n<li>Elementos para decora\u00e7\u00e3o<\/li>\n<li>Placa de porta Edit\u00e1vel (88 cm x 35 cm)<\/li>\n<li>Crach\u00e1 de mesa<\/li>\n<li>Bandeirolas bem vindos<\/li>\n<li>Palavras m\u00e1gicas (73 cm x 51 cm)<\/li>\n<li>Ajudantes do dia (76 cm x 39 cm)<\/li>\n<li>Que horas s\u00e3o (75 cm x 53 cm)<\/li>\n<li>Vogais (40 cm x 37 cm)<\/li>\n<li>Palavra do dia (75 cm x 53 cm)<\/li>\n<li>Alfabeto de parede<\/li>\n<li>Cores (1,5 m x 47 cm)<\/li>\n<li>Formas geom\u00e9tricas (1,7 m x 55 cm)<\/li>\n<li>Numerais de parede (2 m x 40 cm)<\/li>\n<li>Placas de pesco\u00e7o<\/li>\n<li>Tempo hoje (74 cm x 57 cm)<\/li>\n<li>Tabela num\u00e9rica (74 cm x 57 cm)<\/li>\n<li>Etiquetas materiais<\/li>\n<\/ul>\n<p>O arquivo vai em PDF pronto para impress\u00e3o.<\/p>\n","protected":false},"excerpt":{"rendered":"<p>Kit Ornamenta\u00e7\u00e3o de Sala de Aula tema Fazendinha para turmas da Educa\u00e7\u00e3o Infantil e s\u00e9ries iniciais do Ensino Fundamental. O kit vai com 28 arquivos, que incluem: Lembrancinhas primeiro dia Alfabeto f\u00f4nico (76 cm x 53 cm) Moldura 1\u00ba dia Capas de caderno Calend\u00e1rio pe\u00e7as m\u00f3veis (73 cm x 51 cm) Combinados (76 cm x [&hellip;]<\/p>\n","protected":false},"featured_media":4231,"comment_status":"open","ping_status":"closed","template":"","meta":[],"product_brand":[],"product_cat":[24],"product_tag":[],"class_list":{"0":"post-4200","1":"product","2":"type-product","3":"status-publish","4":"has-post-thumbnail","6":"product_cat-recursos-pedagogicos","8":"first","9":"instock","10":"downloadable","11":"shipping-taxable","12":"purchasable","13":"product-type-simple"},"jetpack_sharing_enabled":true,"_links":{"self":[{"href":"https:\/\/ocantinhodepapel.com\/index.php\/wp-json\/wp\/v2\/product\/4200","targetHints":{"allow":["GET"]}}],"collection":[{"href":"https:\/\/ocantinhodepapel.com\/index.php\/wp-json\/wp\/v2\/product"}],"about":[{"href":"https:\/\/ocantinhodepapel.com\/index.php\/wp-json\/wp\/v2\/types\/product"}],"replies":[{"embeddable":true,"href":"https:\/\/ocantinhodepapel.com\/index.php\/wp-json\/wp\/v2\/comments?post=4200"}],"wp:featuredmedia":[{"embeddable":true,"href":"https:\/\/ocantinhodepapel.com\/index.php\/wp-json\/wp\/v2\/media\/4231"}],"wp:attachment":[{"href":"https:\/\/ocantinhodepapel.com\/index.php\/wp-json\/wp\/v2\/media?parent=4200"}],"wp:term":[{"taxonomy":"product_brand","embeddable":true,"href":"https:\/\/ocantinhodepapel.com\/index.php\/wp-json\/wp\/v2\/product_brand?post=4200"},{"taxonomy":"product_cat","embeddable":true,"href":"https:\/\/ocantinhodepapel.com\/index.php\/wp-json\/wp\/v2\/product_cat?post=4200"},{"taxonomy":"product_tag","embeddable":true,"href":"https:\/\/ocantinhodepapel.com\/index.php\/wp-json\/wp\/v2\/product_tag?post=4200"}],"curies":[{"name":"wp","href":"https:\/\/api.w.org\/{rel}","templated":true}]}}