{"id":4127,"date":"2025-11-15T01:27:41","date_gmt":"2025-11-15T04:27:41","guid":{"rendered":"https:\/\/ocantinhodepapel.com\/?post_type=product&#038;p=4127"},"modified":"2026-02-02T16:57:49","modified_gmt":"2026-02-02T19:57:49","slug":"alfabeto-animado","status":"publish","type":"product","link":"https:\/\/ocantinhodepapel.com\/index.php\/produto\/alfabeto-animado\/","title":{"rendered":"Alfabeto Animado"},"content":{"rendered":"<p>Arquivo Alfabeto Animado, \u00e9 ideal para trabalhar coordena\u00e7\u00e3o motora e percep\u00e7\u00e3o visual.<\/p>\n<p>O material vai em PDF pronto para impress\u00e3o, e inclui 26 fichas . Nessa proposta a crian\u00e7a ir\u00e1 desenvolver habilidades motoras e intelectuais, enquanto se diverte e aprende o alfabeto<br \/>\n\u00c9 recomendado imprimir no papel foto gramatura 180 e passar papel contact para escrever e apagar com caneta para quadro branco.<\/p>\n<p>Objetivos da proposta:<\/p>\n<ul>\n<li>Desenvolvimento da Coordena\u00e7\u00e3o Motora Fina<\/li>\n<li>Manipula\u00e7\u00e3o de Dispositivos<\/li>\n<li>Atividades Interativas<\/li>\n<li>Desenvolvimento da Coordena\u00e7\u00e3o Motora Grossa<\/li>\n<li>Movimentos Corporais<\/li>\n<li>Estimula\u00e7\u00e3o Sensorial<\/li>\n<li>Integra\u00e7\u00e3o Multissensorial<\/li>\n<li>Atividades de Tra\u00e7ado<\/li>\n<li>Jogos de Arrastar e Solta.<\/li>\n<li>Motiva\u00e7\u00e3o e Engajamento<\/li>\n<li>Anima\u00e7\u00f5es Atrativas.<\/li>\n<li>Recompensas Visuais<\/li>\n<li>Atividades Colaborativas<\/li>\n<li>Jogos em Grupo<\/li>\n<\/ul>\n","protected":false},"excerpt":{"rendered":"<p>Arquivo Alfabeto Animado, \u00e9 ideal para trabalhar coordena\u00e7\u00e3o motora e percep\u00e7\u00e3o visual. O material vai em PDF pronto para impress\u00e3o, e inclui 26 fichas . Nessa proposta a crian\u00e7a ir\u00e1 desenvolver habilidades motoras e intelectuais, enquanto se diverte e aprende o alfabeto \u00c9 recomendado imprimir no papel foto gramatura 180 e passar papel contact para [&hellip;]<\/p>\n","protected":false},"featured_media":4129,"comment_status":"open","ping_status":"closed","template":"","meta":[],"product_brand":[],"product_cat":[24],"product_tag":[],"class_list":{"0":"post-4127","1":"product","2":"type-product","3":"status-publish","4":"has-post-thumbnail","6":"product_cat-recursos-pedagogicos","8":"first","9":"instock","10":"downloadable","11":"shipping-taxable","12":"purchasable","13":"product-type-simple"},"jetpack_sharing_enabled":true,"_links":{"self":[{"href":"https:\/\/ocantinhodepapel.com\/index.php\/wp-json\/wp\/v2\/product\/4127","targetHints":{"allow":["GET"]}}],"collection":[{"href":"https:\/\/ocantinhodepapel.com\/index.php\/wp-json\/wp\/v2\/product"}],"about":[{"href":"https:\/\/ocantinhodepapel.com\/index.php\/wp-json\/wp\/v2\/types\/product"}],"replies":[{"embeddable":true,"href":"https:\/\/ocantinhodepapel.com\/index.php\/wp-json\/wp\/v2\/comments?post=4127"}],"wp:featuredmedia":[{"embeddable":true,"href":"https:\/\/ocantinhodepapel.com\/index.php\/wp-json\/wp\/v2\/media\/4129"}],"wp:attachment":[{"href":"https:\/\/ocantinhodepapel.com\/index.php\/wp-json\/wp\/v2\/media?parent=4127"}],"wp:term":[{"taxonomy":"product_brand","embeddable":true,"href":"https:\/\/ocantinhodepapel.com\/index.php\/wp-json\/wp\/v2\/product_brand?post=4127"},{"taxonomy":"product_cat","embeddable":true,"href":"https:\/\/ocantinhodepapel.com\/index.php\/wp-json\/wp\/v2\/product_cat?post=4127"},{"taxonomy":"product_tag","embeddable":true,"href":"https:\/\/ocantinhodepapel.com\/index.php\/wp-json\/wp\/v2\/product_tag?post=4127"}],"curies":[{"name":"wp","href":"https:\/\/api.w.org\/{rel}","templated":true}]}}