{"id":4004,"date":"2025-11-10T17:17:34","date_gmt":"2025-11-10T20:17:34","guid":{"rendered":"https:\/\/ocantinhodepapel.com\/?post_type=product&#038;p=4004"},"modified":"2025-12-01T01:34:07","modified_gmt":"2025-12-01T04:34:07","slug":"calendario-do-advento-papai-noel","status":"publish","type":"product","link":"https:\/\/ocantinhodepapel.com\/index.php\/produto\/calendario-do-advento-papai-noel\/","title":{"rendered":"Calend\u00e1rio do Advento Papai Noel"},"content":{"rendered":"<p>Cartaz Calend\u00e1rio do Advento Papai Noel para trabalhar o tema com crian\u00e7as da Educa\u00e7\u00e3o Infantil e s\u00e9ries iniciais do Ensino Fundamental.<\/p>\n<p>Nessa proposta est\u00e3o inclusas 25 sugest\u00f5es de pequenas tarefas relacionadas ao Natal comercial, uma para cada dia do m\u00eas, at\u00e9 o Natal.<\/p>\n<p>O material j\u00e1 vai ampliado e pronto para impress\u00e3o no formato PDF.<\/p>\n<p>Medidas do cartaz montado: 54 cm x 97 cm.<\/p>\n","protected":false},"excerpt":{"rendered":"<p>Cartaz Calend\u00e1rio do Advento Papai Noel para trabalhar o tema com crian\u00e7as da Educa\u00e7\u00e3o Infantil e s\u00e9ries iniciais do Ensino Fundamental. Nessa proposta est\u00e3o inclusas 25 sugest\u00f5es de pequenas tarefas relacionadas ao Natal comercial, uma para cada dia do m\u00eas, at\u00e9 o Natal. O material j\u00e1 vai ampliado e pronto para impress\u00e3o no formato PDF. [&hellip;]<\/p>\n","protected":false},"featured_media":4006,"comment_status":"open","ping_status":"closed","template":"","meta":[],"product_brand":[],"product_cat":[26],"product_tag":[],"class_list":{"0":"post-4004","1":"product","2":"type-product","3":"status-publish","4":"has-post-thumbnail","6":"product_cat-datas-comemorativas","8":"first","9":"instock","10":"downloadable","11":"shipping-taxable","12":"purchasable","13":"product-type-simple"},"jetpack_sharing_enabled":true,"_links":{"self":[{"href":"https:\/\/ocantinhodepapel.com\/index.php\/wp-json\/wp\/v2\/product\/4004","targetHints":{"allow":["GET"]}}],"collection":[{"href":"https:\/\/ocantinhodepapel.com\/index.php\/wp-json\/wp\/v2\/product"}],"about":[{"href":"https:\/\/ocantinhodepapel.com\/index.php\/wp-json\/wp\/v2\/types\/product"}],"replies":[{"embeddable":true,"href":"https:\/\/ocantinhodepapel.com\/index.php\/wp-json\/wp\/v2\/comments?post=4004"}],"wp:featuredmedia":[{"embeddable":true,"href":"https:\/\/ocantinhodepapel.com\/index.php\/wp-json\/wp\/v2\/media\/4006"}],"wp:attachment":[{"href":"https:\/\/ocantinhodepapel.com\/index.php\/wp-json\/wp\/v2\/media?parent=4004"}],"wp:term":[{"taxonomy":"product_brand","embeddable":true,"href":"https:\/\/ocantinhodepapel.com\/index.php\/wp-json\/wp\/v2\/product_brand?post=4004"},{"taxonomy":"product_cat","embeddable":true,"href":"https:\/\/ocantinhodepapel.com\/index.php\/wp-json\/wp\/v2\/product_cat?post=4004"},{"taxonomy":"product_tag","embeddable":true,"href":"https:\/\/ocantinhodepapel.com\/index.php\/wp-json\/wp\/v2\/product_tag?post=4004"}],"curies":[{"name":"wp","href":"https:\/\/api.w.org\/{rel}","templated":true}]}}