{"id":3998,"date":"2025-11-10T17:12:37","date_gmt":"2025-11-10T20:12:37","guid":{"rendered":"https:\/\/ocantinhodepapel.com\/?post_type=product&#038;p=3998"},"modified":"2025-12-01T01:34:08","modified_gmt":"2025-12-01T04:34:08","slug":"calendario-do-advento-presepio","status":"publish","type":"product","link":"https:\/\/ocantinhodepapel.com\/index.php\/produto\/calendario-do-advento-presepio\/","title":{"rendered":"Calend\u00e1rio do Advento Pres\u00e9pio"},"content":{"rendered":"<p>Cartaz Calend\u00e1rio do Advento com Pres\u00e9pio para trabalhar o tema com crian\u00e7as da Educa\u00e7\u00e3o Infantil e s\u00e9ries iniciais do Ensino Fundamental, e tamb\u00e9m funciona para escolas dominicais.<\/p>\n<p>Nessa proposta est\u00e3o inclusas 25 sugest\u00f5es de pequenas tarefas relacionadas ao <span style=\"color: #ff0000;\">Natal crist\u00e3o<\/span>, uma para cada dia do m\u00eas, at\u00e9 o Natal.<\/p>\n<p>O material j\u00e1 vai ampliado e pronto para impress\u00e3o no formato PDF.<\/p>\n<p>Medidas do cartaz montado: 47 cm x 92 cm.<\/p>\n","protected":false},"excerpt":{"rendered":"<p>Cartaz Calend\u00e1rio do Advento com Pres\u00e9pio para trabalhar o tema com crian\u00e7as da Educa\u00e7\u00e3o Infantil e s\u00e9ries iniciais do Ensino Fundamental, e tamb\u00e9m funciona para escolas dominicais. Nessa proposta est\u00e3o inclusas 25 sugest\u00f5es de pequenas tarefas relacionadas ao Natal crist\u00e3o, uma para cada dia do m\u00eas, at\u00e9 o Natal. O material j\u00e1 vai ampliado e [&hellip;]<\/p>\n","protected":false},"featured_media":4000,"comment_status":"open","ping_status":"closed","template":"","meta":[],"product_brand":[],"product_cat":[26],"product_tag":[],"class_list":{"0":"post-3998","1":"product","2":"type-product","3":"status-publish","4":"has-post-thumbnail","6":"product_cat-datas-comemorativas","8":"first","9":"instock","10":"downloadable","11":"shipping-taxable","12":"purchasable","13":"product-type-simple"},"jetpack_sharing_enabled":true,"_links":{"self":[{"href":"https:\/\/ocantinhodepapel.com\/index.php\/wp-json\/wp\/v2\/product\/3998","targetHints":{"allow":["GET"]}}],"collection":[{"href":"https:\/\/ocantinhodepapel.com\/index.php\/wp-json\/wp\/v2\/product"}],"about":[{"href":"https:\/\/ocantinhodepapel.com\/index.php\/wp-json\/wp\/v2\/types\/product"}],"replies":[{"embeddable":true,"href":"https:\/\/ocantinhodepapel.com\/index.php\/wp-json\/wp\/v2\/comments?post=3998"}],"wp:featuredmedia":[{"embeddable":true,"href":"https:\/\/ocantinhodepapel.com\/index.php\/wp-json\/wp\/v2\/media\/4000"}],"wp:attachment":[{"href":"https:\/\/ocantinhodepapel.com\/index.php\/wp-json\/wp\/v2\/media?parent=3998"}],"wp:term":[{"taxonomy":"product_brand","embeddable":true,"href":"https:\/\/ocantinhodepapel.com\/index.php\/wp-json\/wp\/v2\/product_brand?post=3998"},{"taxonomy":"product_cat","embeddable":true,"href":"https:\/\/ocantinhodepapel.com\/index.php\/wp-json\/wp\/v2\/product_cat?post=3998"},{"taxonomy":"product_tag","embeddable":true,"href":"https:\/\/ocantinhodepapel.com\/index.php\/wp-json\/wp\/v2\/product_tag?post=3998"}],"curies":[{"name":"wp","href":"https:\/\/api.w.org\/{rel}","templated":true}]}}