{"id":3964,"date":"2025-11-08T01:23:24","date_gmt":"2025-11-08T04:23:24","guid":{"rendered":"https:\/\/ocantinhodepapel.com\/?post_type=product&#038;p=3964"},"modified":"2025-12-01T01:34:10","modified_gmt":"2025-12-01T04:34:10","slug":"chaveiro-de-natal","status":"publish","type":"product","link":"https:\/\/ocantinhodepapel.com\/index.php\/produto\/chaveiro-de-natal\/","title":{"rendered":"Chaveiro de Natal"},"content":{"rendered":"<p>Arquivos com 6 modelos de chaveiros tema Natal, com op\u00e7\u00e3o de personalizar com a foto da crian\u00e7a.<\/p>\n<p>\u00d3tima op\u00e7\u00e3o de lembrancinha para o final de ano.<\/p>\n<p>Ap\u00f3s realizar a impress\u00e3o \u00e9 necess\u00e1rio recortar as imagens e plastificar para colocar a corrente de chaveiro.<\/p>\n<p>Tamb\u00e9m pode ser utilizado como decora\u00e7\u00e3o de \u00e1rvore de Natal.<\/p>\n","protected":false},"excerpt":{"rendered":"<p>Arquivos com 6 modelos de chaveiros tema Natal, com op\u00e7\u00e3o de personalizar com a foto da crian\u00e7a. \u00d3tima op\u00e7\u00e3o de lembrancinha para o final de ano. Ap\u00f3s realizar a impress\u00e3o \u00e9 necess\u00e1rio recortar as imagens e plastificar para colocar a corrente de chaveiro. Tamb\u00e9m pode ser utilizado como decora\u00e7\u00e3o de \u00e1rvore de Natal.<\/p>\n","protected":false},"featured_media":3966,"comment_status":"open","ping_status":"closed","template":"","meta":[],"product_brand":[],"product_cat":[26],"product_tag":[],"class_list":{"0":"post-3964","1":"product","2":"type-product","3":"status-publish","4":"has-post-thumbnail","6":"product_cat-datas-comemorativas","8":"first","9":"instock","10":"downloadable","11":"shipping-taxable","12":"purchasable","13":"product-type-simple"},"jetpack_sharing_enabled":true,"_links":{"self":[{"href":"https:\/\/ocantinhodepapel.com\/index.php\/wp-json\/wp\/v2\/product\/3964","targetHints":{"allow":["GET"]}}],"collection":[{"href":"https:\/\/ocantinhodepapel.com\/index.php\/wp-json\/wp\/v2\/product"}],"about":[{"href":"https:\/\/ocantinhodepapel.com\/index.php\/wp-json\/wp\/v2\/types\/product"}],"replies":[{"embeddable":true,"href":"https:\/\/ocantinhodepapel.com\/index.php\/wp-json\/wp\/v2\/comments?post=3964"}],"wp:featuredmedia":[{"embeddable":true,"href":"https:\/\/ocantinhodepapel.com\/index.php\/wp-json\/wp\/v2\/media\/3966"}],"wp:attachment":[{"href":"https:\/\/ocantinhodepapel.com\/index.php\/wp-json\/wp\/v2\/media?parent=3964"}],"wp:term":[{"taxonomy":"product_brand","embeddable":true,"href":"https:\/\/ocantinhodepapel.com\/index.php\/wp-json\/wp\/v2\/product_brand?post=3964"},{"taxonomy":"product_cat","embeddable":true,"href":"https:\/\/ocantinhodepapel.com\/index.php\/wp-json\/wp\/v2\/product_cat?post=3964"},{"taxonomy":"product_tag","embeddable":true,"href":"https:\/\/ocantinhodepapel.com\/index.php\/wp-json\/wp\/v2\/product_tag?post=3964"}],"curies":[{"name":"wp","href":"https:\/\/api.w.org\/{rel}","templated":true}]}}