{"id":3945,"date":"2025-11-08T00:43:39","date_gmt":"2025-11-08T03:43:39","guid":{"rendered":"https:\/\/ocantinhodepapel.com\/?post_type=product&#038;p=3945"},"modified":"2025-12-01T01:34:13","modified_gmt":"2025-12-01T04:34:13","slug":"kit-capas-de-atividades-tema-casinha-de-natal","status":"publish","type":"product","link":"https:\/\/ocantinhodepapel.com\/index.php\/produto\/kit-capas-de-atividades-tema-casinha-de-natal\/","title":{"rendered":"Kit Capas de Atividades tema Casinha de Natal"},"content":{"rendered":"<p>Kit Capas de Atividades tema Casinha de Natal.<\/p>\n<p>O kit inclui:<\/p>\n<ul>\n<li>Capa colorida para envelope<\/li>\n<li>Capa para colorir para envelope<\/li>\n<li>Al\u00e7a para envelope colorida e para colorir para Atividades<\/li>\n<li>Al\u00e7a para envelope colorida e para colorir para Portf\u00f3lio<\/li>\n<li>Al\u00e7a para envelope colorida e para colorir para Avalia\u00e7\u00f5es<\/li>\n<li>Sacola colorida tamanho grande<\/li>\n<li>Sacola colorida tamanho pequeno<\/li>\n<li>Sacola para colorir tamanho grande<\/li>\n<li>Sacola para colorir tamanho pequeno<\/li>\n<li>Aba para envelope colorida e para colorir para Atividades<\/li>\n<li>Aba para envelope colorida e para colorir para Portf\u00f3lio<\/li>\n<li>Aba para envelope colorida e para colorir para Avalia\u00e7\u00f5es<\/li>\n<\/ul>\n<p>O arquivo vai em PDF pronto para impress\u00e3o.<\/p>\n","protected":false},"excerpt":{"rendered":"<p>Kit Capas de Atividades tema Casinha de Natal. O kit inclui: Capa colorida para envelope Capa para colorir para envelope Al\u00e7a para envelope colorida e para colorir para Atividades Al\u00e7a para envelope colorida e para colorir para Portf\u00f3lio Al\u00e7a para envelope colorida e para colorir para Avalia\u00e7\u00f5es Sacola colorida tamanho grande Sacola colorida tamanho pequeno [&hellip;]<\/p>\n","protected":false},"featured_media":3948,"comment_status":"open","ping_status":"closed","template":"","meta":[],"product_brand":[],"product_cat":[24],"product_tag":[],"class_list":{"0":"post-3945","1":"product","2":"type-product","3":"status-publish","4":"has-post-thumbnail","6":"product_cat-recursos-pedagogicos","8":"first","9":"instock","10":"downloadable","11":"shipping-taxable","12":"purchasable","13":"product-type-simple"},"jetpack_sharing_enabled":true,"_links":{"self":[{"href":"https:\/\/ocantinhodepapel.com\/index.php\/wp-json\/wp\/v2\/product\/3945","targetHints":{"allow":["GET"]}}],"collection":[{"href":"https:\/\/ocantinhodepapel.com\/index.php\/wp-json\/wp\/v2\/product"}],"about":[{"href":"https:\/\/ocantinhodepapel.com\/index.php\/wp-json\/wp\/v2\/types\/product"}],"replies":[{"embeddable":true,"href":"https:\/\/ocantinhodepapel.com\/index.php\/wp-json\/wp\/v2\/comments?post=3945"}],"wp:featuredmedia":[{"embeddable":true,"href":"https:\/\/ocantinhodepapel.com\/index.php\/wp-json\/wp\/v2\/media\/3948"}],"wp:attachment":[{"href":"https:\/\/ocantinhodepapel.com\/index.php\/wp-json\/wp\/v2\/media?parent=3945"}],"wp:term":[{"taxonomy":"product_brand","embeddable":true,"href":"https:\/\/ocantinhodepapel.com\/index.php\/wp-json\/wp\/v2\/product_brand?post=3945"},{"taxonomy":"product_cat","embeddable":true,"href":"https:\/\/ocantinhodepapel.com\/index.php\/wp-json\/wp\/v2\/product_cat?post=3945"},{"taxonomy":"product_tag","embeddable":true,"href":"https:\/\/ocantinhodepapel.com\/index.php\/wp-json\/wp\/v2\/product_tag?post=3945"}],"curies":[{"name":"wp","href":"https:\/\/api.w.org\/{rel}","templated":true}]}}