{"id":3940,"date":"2025-11-08T00:34:29","date_gmt":"2025-11-08T03:34:29","guid":{"rendered":"https:\/\/ocantinhodepapel.com\/?post_type=product&#038;p=3940"},"modified":"2025-12-01T01:34:13","modified_gmt":"2025-12-01T04:34:13","slug":"painel-natal-cristao","status":"publish","type":"product","link":"https:\/\/ocantinhodepapel.com\/index.php\/produto\/painel-natal-cristao\/","title":{"rendered":"Painel Natal Crist\u00e3o"},"content":{"rendered":"<p>Painel de Natal com Pres\u00e9pio para trabalhar o tema com crian\u00e7as da Educa\u00e7\u00e3o Infantil e s\u00e9ries iniciais do Ensino Fundamental.<\/p>\n<p>Ao adquirir o material voc\u00ea recebe link para adicionar as fotos das crian\u00e7as e tamb\u00e9m o v\u00eddeo tutorial de edi\u00e7\u00e3o.<\/p>\n<p>Medidas aproximadas do painel montado como na foto: 1,45 m de largura por 1 m de altura.<\/p>\n<p>Para impress\u00e3o recomendamos utilizar papel de gramatura 120 ou 180.<\/p>\n<p>O arquivo vai em PDF pronto para impress\u00e3o.<\/p>\n","protected":false},"excerpt":{"rendered":"<p>Painel de Natal com Pres\u00e9pio para trabalhar o tema com crian\u00e7as da Educa\u00e7\u00e3o Infantil e s\u00e9ries iniciais do Ensino Fundamental. Ao adquirir o material voc\u00ea recebe link para adicionar as fotos das crian\u00e7as e tamb\u00e9m o v\u00eddeo tutorial de edi\u00e7\u00e3o. Medidas aproximadas do painel montado como na foto: 1,45 m de largura por 1 m [&hellip;]<\/p>\n","protected":false},"featured_media":3942,"comment_status":"open","ping_status":"closed","template":"","meta":[],"product_brand":[],"product_cat":[26],"product_tag":[],"class_list":{"0":"post-3940","1":"product","2":"type-product","3":"status-publish","4":"has-post-thumbnail","6":"product_cat-datas-comemorativas","8":"first","9":"instock","10":"downloadable","11":"shipping-taxable","12":"purchasable","13":"product-type-simple"},"jetpack_sharing_enabled":true,"_links":{"self":[{"href":"https:\/\/ocantinhodepapel.com\/index.php\/wp-json\/wp\/v2\/product\/3940","targetHints":{"allow":["GET"]}}],"collection":[{"href":"https:\/\/ocantinhodepapel.com\/index.php\/wp-json\/wp\/v2\/product"}],"about":[{"href":"https:\/\/ocantinhodepapel.com\/index.php\/wp-json\/wp\/v2\/types\/product"}],"replies":[{"embeddable":true,"href":"https:\/\/ocantinhodepapel.com\/index.php\/wp-json\/wp\/v2\/comments?post=3940"}],"wp:featuredmedia":[{"embeddable":true,"href":"https:\/\/ocantinhodepapel.com\/index.php\/wp-json\/wp\/v2\/media\/3942"}],"wp:attachment":[{"href":"https:\/\/ocantinhodepapel.com\/index.php\/wp-json\/wp\/v2\/media?parent=3940"}],"wp:term":[{"taxonomy":"product_brand","embeddable":true,"href":"https:\/\/ocantinhodepapel.com\/index.php\/wp-json\/wp\/v2\/product_brand?post=3940"},{"taxonomy":"product_cat","embeddable":true,"href":"https:\/\/ocantinhodepapel.com\/index.php\/wp-json\/wp\/v2\/product_cat?post=3940"},{"taxonomy":"product_tag","embeddable":true,"href":"https:\/\/ocantinhodepapel.com\/index.php\/wp-json\/wp\/v2\/product_tag?post=3940"}],"curies":[{"name":"wp","href":"https:\/\/api.w.org\/{rel}","templated":true}]}}