{"id":3923,"date":"2025-11-06T16:20:04","date_gmt":"2025-11-06T19:20:04","guid":{"rendered":"https:\/\/ocantinhodepapel.com\/?post_type=product&#038;p=3923"},"modified":"2025-12-01T01:34:15","modified_gmt":"2025-12-01T04:34:15","slug":"decoracao-de-porta-natal","status":"publish","type":"product","link":"https:\/\/ocantinhodepapel.com\/index.php\/produto\/decoracao-de-porta-natal\/","title":{"rendered":"Decora\u00e7\u00e3o de Porta Natal"},"content":{"rendered":"<p>Decora\u00e7\u00e3o de porta tema Natal para turmas de Educa\u00e7\u00e3o Infantil e s\u00e9ries iniciais do Ensino Fundamental.<\/p>\n<p>O arquivo j\u00e1 vai ampliado em formato PDF. Para impress\u00e3o recomendamos utilizar papel de gramatura 120 ou 180.<\/p>\n<p>O arquivo vai em PDF pronto para impress\u00e3o.<\/p>\n","protected":false},"excerpt":{"rendered":"<p>Decora\u00e7\u00e3o de porta tema Natal para turmas de Educa\u00e7\u00e3o Infantil e s\u00e9ries iniciais do Ensino Fundamental. O arquivo j\u00e1 vai ampliado em formato PDF. Para impress\u00e3o recomendamos utilizar papel de gramatura 120 ou 180. O arquivo vai em PDF pronto para impress\u00e3o.<\/p>\n","protected":false},"featured_media":3925,"comment_status":"open","ping_status":"closed","template":"","meta":[],"product_brand":[],"product_cat":[26],"product_tag":[],"class_list":{"0":"post-3923","1":"product","2":"type-product","3":"status-publish","4":"has-post-thumbnail","6":"product_cat-datas-comemorativas","8":"first","9":"instock","10":"downloadable","11":"shipping-taxable","12":"purchasable","13":"product-type-simple"},"jetpack_sharing_enabled":true,"_links":{"self":[{"href":"https:\/\/ocantinhodepapel.com\/index.php\/wp-json\/wp\/v2\/product\/3923","targetHints":{"allow":["GET"]}}],"collection":[{"href":"https:\/\/ocantinhodepapel.com\/index.php\/wp-json\/wp\/v2\/product"}],"about":[{"href":"https:\/\/ocantinhodepapel.com\/index.php\/wp-json\/wp\/v2\/types\/product"}],"replies":[{"embeddable":true,"href":"https:\/\/ocantinhodepapel.com\/index.php\/wp-json\/wp\/v2\/comments?post=3923"}],"wp:featuredmedia":[{"embeddable":true,"href":"https:\/\/ocantinhodepapel.com\/index.php\/wp-json\/wp\/v2\/media\/3925"}],"wp:attachment":[{"href":"https:\/\/ocantinhodepapel.com\/index.php\/wp-json\/wp\/v2\/media?parent=3923"}],"wp:term":[{"taxonomy":"product_brand","embeddable":true,"href":"https:\/\/ocantinhodepapel.com\/index.php\/wp-json\/wp\/v2\/product_brand?post=3923"},{"taxonomy":"product_cat","embeddable":true,"href":"https:\/\/ocantinhodepapel.com\/index.php\/wp-json\/wp\/v2\/product_cat?post=3923"},{"taxonomy":"product_tag","embeddable":true,"href":"https:\/\/ocantinhodepapel.com\/index.php\/wp-json\/wp\/v2\/product_tag?post=3923"}],"curies":[{"name":"wp","href":"https:\/\/api.w.org\/{rel}","templated":true}]}}