{"id":3864,"date":"2025-11-05T04:26:27","date_gmt":"2025-11-05T07:26:27","guid":{"rendered":"https:\/\/ocantinhodepapel.com\/?post_type=product&#038;p=3864"},"modified":"2025-12-01T01:34:55","modified_gmt":"2025-12-01T04:34:55","slug":"bambole-ultimo-dia-de-aula","status":"publish","type":"product","link":"https:\/\/ocantinhodepapel.com\/index.php\/produto\/bambole-ultimo-dia-de-aula\/","title":{"rendered":"Bambol\u00ea \u00daltimo Dia de Aula"},"content":{"rendered":"<p>Decora\u00e7\u00e3o para Bambol\u00ea tema \u201c\u00daltimo Dia de Aula\u201d.<\/p>\n<p>Proposta linda para fotos de final de ano, pode ser utilizado em turmas de Educa\u00e7\u00e3o Infantil e s\u00e9ries iniciais do Ensino Fundamental.<\/p>\n<p>O material vai ampliado e pronto para impress\u00e3o. Para impress\u00e3o recomendamos papel de gramatura 180 ou 230, e cola de silicone l\u00edquida.<\/p>\n<p>O arquivo vai em PDF pronto para impress\u00e3o.<\/p>\n","protected":false},"excerpt":{"rendered":"<p>Decora\u00e7\u00e3o para Bambol\u00ea tema \u201c\u00daltimo Dia de Aula\u201d. Proposta linda para fotos de final de ano, pode ser utilizado em turmas de Educa\u00e7\u00e3o Infantil e s\u00e9ries iniciais do Ensino Fundamental. O material vai ampliado e pronto para impress\u00e3o. Para impress\u00e3o recomendamos papel de gramatura 180 ou 230, e cola de silicone l\u00edquida. O arquivo vai [&hellip;]<\/p>\n","protected":false},"featured_media":3866,"comment_status":"open","ping_status":"closed","template":"","meta":[],"product_brand":[],"product_cat":[26],"product_tag":[],"class_list":{"0":"post-3864","1":"product","2":"type-product","3":"status-publish","4":"has-post-thumbnail","6":"product_cat-datas-comemorativas","8":"first","9":"instock","10":"downloadable","11":"shipping-taxable","12":"purchasable","13":"product-type-simple"},"jetpack_sharing_enabled":true,"_links":{"self":[{"href":"https:\/\/ocantinhodepapel.com\/index.php\/wp-json\/wp\/v2\/product\/3864","targetHints":{"allow":["GET"]}}],"collection":[{"href":"https:\/\/ocantinhodepapel.com\/index.php\/wp-json\/wp\/v2\/product"}],"about":[{"href":"https:\/\/ocantinhodepapel.com\/index.php\/wp-json\/wp\/v2\/types\/product"}],"replies":[{"embeddable":true,"href":"https:\/\/ocantinhodepapel.com\/index.php\/wp-json\/wp\/v2\/comments?post=3864"}],"wp:featuredmedia":[{"embeddable":true,"href":"https:\/\/ocantinhodepapel.com\/index.php\/wp-json\/wp\/v2\/media\/3866"}],"wp:attachment":[{"href":"https:\/\/ocantinhodepapel.com\/index.php\/wp-json\/wp\/v2\/media?parent=3864"}],"wp:term":[{"taxonomy":"product_brand","embeddable":true,"href":"https:\/\/ocantinhodepapel.com\/index.php\/wp-json\/wp\/v2\/product_brand?post=3864"},{"taxonomy":"product_cat","embeddable":true,"href":"https:\/\/ocantinhodepapel.com\/index.php\/wp-json\/wp\/v2\/product_cat?post=3864"},{"taxonomy":"product_tag","embeddable":true,"href":"https:\/\/ocantinhodepapel.com\/index.php\/wp-json\/wp\/v2\/product_tag?post=3864"}],"curies":[{"name":"wp","href":"https:\/\/api.w.org\/{rel}","templated":true}]}}