{"id":3859,"date":"2025-11-05T04:12:59","date_gmt":"2025-11-05T07:12:59","guid":{"rendered":"https:\/\/ocantinhodepapel.com\/?post_type=product&#038;p=3859"},"modified":"2025-12-01T01:34:56","modified_gmt":"2025-12-01T04:34:56","slug":"caixa-da-saudade","status":"publish","type":"product","link":"https:\/\/ocantinhodepapel.com\/index.php\/produto\/caixa-da-saudade\/","title":{"rendered":"Caixa da Saudade"},"content":{"rendered":"<p>Caixa Din\u00e2mica da Saudade para utilizar com turmas de Educa\u00e7\u00e3o Infantil e s\u00e9ries iniciais do Ensino Fundamental.<\/p>\n<p>O material vai em PDF pronto para impress\u00e3o, e acompanha v\u00eddeo tutorial de montagem.<\/p>\n<p>No total s\u00e3o 15 fichas com perguntas relacionadas ao ano letivo para tornar sua aula repleta de lembran\u00e7as e recorda\u00e7\u00f5es importantes.<\/p>\n<p>Medidas da caixinha montada: 13,5 cm de largura x 13,5 cm de comprimento x 13,5 cm de altura.<\/p>\n<p>O arquivo vai em PDF pronto para impress\u00e3o.<\/p>\n","protected":false},"excerpt":{"rendered":"<p>Caixa Din\u00e2mica da Saudade para utilizar com turmas de Educa\u00e7\u00e3o Infantil e s\u00e9ries iniciais do Ensino Fundamental. O material vai em PDF pronto para impress\u00e3o, e acompanha v\u00eddeo tutorial de montagem. No total s\u00e3o 15 fichas com perguntas relacionadas ao ano letivo para tornar sua aula repleta de lembran\u00e7as e recorda\u00e7\u00f5es importantes. Medidas da caixinha [&hellip;]<\/p>\n","protected":false},"featured_media":3861,"comment_status":"open","ping_status":"closed","template":"","meta":[],"product_brand":[],"product_cat":[26],"product_tag":[],"class_list":{"0":"post-3859","1":"product","2":"type-product","3":"status-publish","4":"has-post-thumbnail","6":"product_cat-datas-comemorativas","8":"first","9":"instock","10":"downloadable","11":"shipping-taxable","12":"purchasable","13":"product-type-simple"},"jetpack_sharing_enabled":true,"_links":{"self":[{"href":"https:\/\/ocantinhodepapel.com\/index.php\/wp-json\/wp\/v2\/product\/3859","targetHints":{"allow":["GET"]}}],"collection":[{"href":"https:\/\/ocantinhodepapel.com\/index.php\/wp-json\/wp\/v2\/product"}],"about":[{"href":"https:\/\/ocantinhodepapel.com\/index.php\/wp-json\/wp\/v2\/types\/product"}],"replies":[{"embeddable":true,"href":"https:\/\/ocantinhodepapel.com\/index.php\/wp-json\/wp\/v2\/comments?post=3859"}],"wp:featuredmedia":[{"embeddable":true,"href":"https:\/\/ocantinhodepapel.com\/index.php\/wp-json\/wp\/v2\/media\/3861"}],"wp:attachment":[{"href":"https:\/\/ocantinhodepapel.com\/index.php\/wp-json\/wp\/v2\/media?parent=3859"}],"wp:term":[{"taxonomy":"product_brand","embeddable":true,"href":"https:\/\/ocantinhodepapel.com\/index.php\/wp-json\/wp\/v2\/product_brand?post=3859"},{"taxonomy":"product_cat","embeddable":true,"href":"https:\/\/ocantinhodepapel.com\/index.php\/wp-json\/wp\/v2\/product_cat?post=3859"},{"taxonomy":"product_tag","embeddable":true,"href":"https:\/\/ocantinhodepapel.com\/index.php\/wp-json\/wp\/v2\/product_tag?post=3859"}],"curies":[{"name":"wp","href":"https:\/\/api.w.org\/{rel}","templated":true}]}}