{"id":3800,"date":"2025-10-30T04:16:01","date_gmt":"2025-10-30T07:16:01","guid":{"rendered":"https:\/\/ocantinhodepapel.com\/?post_type=product&#038;p=3800"},"modified":"2025-12-01T01:34:59","modified_gmt":"2025-12-01T04:34:59","slug":"atividade-3d-menina-bonita-do-laco-de-fita","status":"publish","type":"product","link":"https:\/\/ocantinhodepapel.com\/index.php\/produto\/atividade-3d-menina-bonita-do-laco-de-fita\/","title":{"rendered":"Atividade 3D Menina Bonita do La\u00e7o de fita"},"content":{"rendered":"<p>Atividade 3D tema \u201cMenina Bonita do La\u00e7o de Fita\u201d para trabalhar o tema \u201cConsci\u00eancia Negra \u201d com crian\u00e7as da Educa\u00e7\u00e3o Infantil e das s\u00e9ries iniciais do Ensino Fundamental.<\/p>\n<p>O material vai nas op\u00e7\u00f5es coloridas e para colorir.<\/p>\n<p>O arquivo vai em PDF pronto para impress\u00e3o.<\/p>\n","protected":false},"excerpt":{"rendered":"<p>Atividade 3D tema \u201cMenina Bonita do La\u00e7o de Fita\u201d para trabalhar o tema \u201cConsci\u00eancia Negra \u201d com crian\u00e7as da Educa\u00e7\u00e3o Infantil e das s\u00e9ries iniciais do Ensino Fundamental. O material vai nas op\u00e7\u00f5es coloridas e para colorir. O arquivo vai em PDF pronto para impress\u00e3o.<\/p>\n","protected":false},"featured_media":3802,"comment_status":"open","ping_status":"closed","template":"","meta":[],"product_brand":[],"product_cat":[26],"product_tag":[],"class_list":{"0":"post-3800","1":"product","2":"type-product","3":"status-publish","4":"has-post-thumbnail","6":"product_cat-datas-comemorativas","8":"first","9":"instock","10":"downloadable","11":"shipping-taxable","12":"purchasable","13":"product-type-simple"},"jetpack_sharing_enabled":true,"_links":{"self":[{"href":"https:\/\/ocantinhodepapel.com\/index.php\/wp-json\/wp\/v2\/product\/3800","targetHints":{"allow":["GET"]}}],"collection":[{"href":"https:\/\/ocantinhodepapel.com\/index.php\/wp-json\/wp\/v2\/product"}],"about":[{"href":"https:\/\/ocantinhodepapel.com\/index.php\/wp-json\/wp\/v2\/types\/product"}],"replies":[{"embeddable":true,"href":"https:\/\/ocantinhodepapel.com\/index.php\/wp-json\/wp\/v2\/comments?post=3800"}],"wp:featuredmedia":[{"embeddable":true,"href":"https:\/\/ocantinhodepapel.com\/index.php\/wp-json\/wp\/v2\/media\/3802"}],"wp:attachment":[{"href":"https:\/\/ocantinhodepapel.com\/index.php\/wp-json\/wp\/v2\/media?parent=3800"}],"wp:term":[{"taxonomy":"product_brand","embeddable":true,"href":"https:\/\/ocantinhodepapel.com\/index.php\/wp-json\/wp\/v2\/product_brand?post=3800"},{"taxonomy":"product_cat","embeddable":true,"href":"https:\/\/ocantinhodepapel.com\/index.php\/wp-json\/wp\/v2\/product_cat?post=3800"},{"taxonomy":"product_tag","embeddable":true,"href":"https:\/\/ocantinhodepapel.com\/index.php\/wp-json\/wp\/v2\/product_tag?post=3800"}],"curies":[{"name":"wp","href":"https:\/\/api.w.org\/{rel}","templated":true}]}}