{"id":3689,"date":"2025-10-22T03:21:17","date_gmt":"2025-10-22T06:21:17","guid":{"rendered":"https:\/\/ocantinhodepapel.com\/?post_type=product&#038;p=3689"},"modified":"2025-12-01T01:35:40","modified_gmt":"2025-12-01T04:35:40","slug":"que-horas-sao-2","status":"publish","type":"product","link":"https:\/\/ocantinhodepapel.com\/index.php\/produto\/que-horas-sao-2\/","title":{"rendered":"Que Horas S\u00e3o?"},"content":{"rendered":"<p>O arquivo &#8216;Que Horas S\u00e3o?&#8217; \u00e9 um recurso educativo ideal para ensinar a leitura das horas.<\/p>\n<p>Nessa proposta, s\u00e3o utilizadas fichas ilustrativas que facilitam o aprendizado. Com atividades visuais e interativas, este material ajuda a desenvolver o conceito de tempo, promovendo a compreens\u00e3o do uso do rel\u00f3gio de forma l\u00fadica e envolvente.<\/p>\n<p><strong>\u00c9 recomendado imprimir em papel fotogr\u00e1fico de gramatura 180.<\/strong><\/p>\n","protected":false},"excerpt":{"rendered":"<p>O arquivo &#8216;Que Horas S\u00e3o?&#8217; \u00e9 um recurso educativo ideal para ensinar a leitura das horas. Nessa proposta, s\u00e3o utilizadas fichas ilustrativas que facilitam o aprendizado. Com atividades visuais e interativas, este material ajuda a desenvolver o conceito de tempo, promovendo a compreens\u00e3o do uso do rel\u00f3gio de forma l\u00fadica e envolvente. \u00c9 recomendado imprimir [&hellip;]<\/p>\n","protected":false},"featured_media":3691,"comment_status":"open","ping_status":"closed","template":"","meta":[],"product_brand":[],"product_cat":[24],"product_tag":[],"class_list":{"0":"post-3689","1":"product","2":"type-product","3":"status-publish","4":"has-post-thumbnail","6":"product_cat-recursos-pedagogicos","8":"first","9":"instock","10":"downloadable","11":"shipping-taxable","12":"purchasable","13":"product-type-simple"},"jetpack_sharing_enabled":true,"_links":{"self":[{"href":"https:\/\/ocantinhodepapel.com\/index.php\/wp-json\/wp\/v2\/product\/3689","targetHints":{"allow":["GET"]}}],"collection":[{"href":"https:\/\/ocantinhodepapel.com\/index.php\/wp-json\/wp\/v2\/product"}],"about":[{"href":"https:\/\/ocantinhodepapel.com\/index.php\/wp-json\/wp\/v2\/types\/product"}],"replies":[{"embeddable":true,"href":"https:\/\/ocantinhodepapel.com\/index.php\/wp-json\/wp\/v2\/comments?post=3689"}],"wp:featuredmedia":[{"embeddable":true,"href":"https:\/\/ocantinhodepapel.com\/index.php\/wp-json\/wp\/v2\/media\/3691"}],"wp:attachment":[{"href":"https:\/\/ocantinhodepapel.com\/index.php\/wp-json\/wp\/v2\/media?parent=3689"}],"wp:term":[{"taxonomy":"product_brand","embeddable":true,"href":"https:\/\/ocantinhodepapel.com\/index.php\/wp-json\/wp\/v2\/product_brand?post=3689"},{"taxonomy":"product_cat","embeddable":true,"href":"https:\/\/ocantinhodepapel.com\/index.php\/wp-json\/wp\/v2\/product_cat?post=3689"},{"taxonomy":"product_tag","embeddable":true,"href":"https:\/\/ocantinhodepapel.com\/index.php\/wp-json\/wp\/v2\/product_tag?post=3689"}],"curies":[{"name":"wp","href":"https:\/\/api.w.org\/{rel}","templated":true}]}}