{"id":3671,"date":"2025-10-21T03:15:06","date_gmt":"2025-10-21T06:15:06","guid":{"rendered":"https:\/\/ocantinhodepapel.com\/?post_type=product&#038;p=3671"},"modified":"2025-12-01T01:35:42","modified_gmt":"2025-12-01T04:35:42","slug":"pareando-palavrinhas","status":"publish","type":"product","link":"https:\/\/ocantinhodepapel.com\/index.php\/produto\/pareando-palavrinhas\/","title":{"rendered":"Pareando Palavrinhas"},"content":{"rendered":"<p>Arquivo Pareando Palavrinhas com fichas de 40 palavras de s\u00edlabas simples na op\u00e7\u00e3o colorida e para colorir. O arquivo tamb\u00e9m inclui sacolinha para guardar os materiais.<\/p>\n<p>Esse recurso \u00e9 excelente para trabalhar a leitura de palavras com crian\u00e7as que est\u00e3o iniciando esse processo. As fichas v\u00e3o com bolinhas indicando a forma\u00e7\u00e3o das s\u00edlabas, facilitando a compreens\u00e3o do nosso sistema de escrita.<\/p>\n<p>Objetivos da proposta:<\/p>\n<ul>\n<li>Est\u00edmulo \u00e0 linguagem<\/li>\n<li>Desenvolvimento cognitivo<\/li>\n<li>Mem\u00f3ria e concentra\u00e7\u00e3o<\/li>\n<li>Incentivo \u00e0 leitura e escrita<\/li>\n<li>Autoconfian\u00e7a:<\/li>\n<\/ul>\n","protected":false},"excerpt":{"rendered":"<p>Arquivo Pareando Palavrinhas com fichas de 40 palavras de s\u00edlabas simples na op\u00e7\u00e3o colorida e para colorir. O arquivo tamb\u00e9m inclui sacolinha para guardar os materiais. Esse recurso \u00e9 excelente para trabalhar a leitura de palavras com crian\u00e7as que est\u00e3o iniciando esse processo. As fichas v\u00e3o com bolinhas indicando a forma\u00e7\u00e3o das s\u00edlabas, facilitando a [&hellip;]<\/p>\n","protected":false},"featured_media":3673,"comment_status":"open","ping_status":"closed","template":"","meta":[],"product_brand":[],"product_cat":[24],"product_tag":[],"class_list":{"0":"post-3671","1":"product","2":"type-product","3":"status-publish","4":"has-post-thumbnail","6":"product_cat-recursos-pedagogicos","8":"first","9":"instock","10":"downloadable","11":"shipping-taxable","12":"purchasable","13":"product-type-simple"},"jetpack_sharing_enabled":true,"_links":{"self":[{"href":"https:\/\/ocantinhodepapel.com\/index.php\/wp-json\/wp\/v2\/product\/3671","targetHints":{"allow":["GET"]}}],"collection":[{"href":"https:\/\/ocantinhodepapel.com\/index.php\/wp-json\/wp\/v2\/product"}],"about":[{"href":"https:\/\/ocantinhodepapel.com\/index.php\/wp-json\/wp\/v2\/types\/product"}],"replies":[{"embeddable":true,"href":"https:\/\/ocantinhodepapel.com\/index.php\/wp-json\/wp\/v2\/comments?post=3671"}],"wp:featuredmedia":[{"embeddable":true,"href":"https:\/\/ocantinhodepapel.com\/index.php\/wp-json\/wp\/v2\/media\/3673"}],"wp:attachment":[{"href":"https:\/\/ocantinhodepapel.com\/index.php\/wp-json\/wp\/v2\/media?parent=3671"}],"wp:term":[{"taxonomy":"product_brand","embeddable":true,"href":"https:\/\/ocantinhodepapel.com\/index.php\/wp-json\/wp\/v2\/product_brand?post=3671"},{"taxonomy":"product_cat","embeddable":true,"href":"https:\/\/ocantinhodepapel.com\/index.php\/wp-json\/wp\/v2\/product_cat?post=3671"},{"taxonomy":"product_tag","embeddable":true,"href":"https:\/\/ocantinhodepapel.com\/index.php\/wp-json\/wp\/v2\/product_tag?post=3671"}],"curies":[{"name":"wp","href":"https:\/\/api.w.org\/{rel}","templated":true}]}}