{"id":3660,"date":"2025-10-21T03:02:33","date_gmt":"2025-10-21T06:02:33","guid":{"rendered":"https:\/\/ocantinhodepapel.com\/?post_type=product&#038;p=3660"},"modified":"2025-12-01T01:35:43","modified_gmt":"2025-12-01T04:35:43","slug":"roleta-silabas-complexas","status":"publish","type":"product","link":"https:\/\/ocantinhodepapel.com\/index.php\/produto\/roleta-silabas-complexas\/","title":{"rendered":"Roleta S\u00edlabas Complexas"},"content":{"rendered":"<p><strong>Roletas das Fam\u00edlias Sil\u00e1bicas Complexas<\/strong> para trabalhar o conte\u00fado com crian\u00e7as em fase de Alfabetiza\u00e7\u00e3o. Recurso ilustrado e interativo, excelente para facilitar a compreens\u00e3o e memoriza\u00e7\u00e3o do conte\u00fado, al\u00e9m de atrair a aten\u00e7\u00e3o e interesse das crian\u00e7as.<\/p>\n<p>O arquivo vai com a roleta de todas as fam\u00edlias sil\u00e1bicas complexas, com 1 roleta por p\u00e1gina, em PDF pronto para impress\u00e3o.<\/p>\n<p>Para montar as partes \u00e9 necess\u00e1rio utilizar o grampo chamado Colchetes, facilmente encontrado em papelarias por um valor bem acess\u00edvel.<\/p>\n<p>Objetivos da proposta:<\/p>\n<ul>\n<li><strong>Desenvolvimento da Consci\u00eancia Fonol\u00f3gica:<\/strong> A roleta ajuda as crian\u00e7as a reconhecerem e manipularem as s\u00edlabas complexas, o que \u00e9 essencial para o desenvolvimento da consci\u00eancia fonol\u00f3gica, um precursor importante para a alfabetiza\u00e7\u00e3o.<\/li>\n<li><strong>Aprendizagem Ativa:<\/strong> Ao girar a roleta e encontrar as palavras com s\u00edlabas complexas, as crian\u00e7as est\u00e3o envolvidas em uma atividade pr\u00e1tica que promove a aprendizagem ativa. Isso ajuda a refor\u00e7ar o conhecimento de maneira mais eficaz do que apenas ouvir ou ler sobre o assunto.<\/li>\n<li><strong>Motiva\u00e7\u00e3o e Engajamento:<\/strong> O aspecto l\u00fadico da roleta torna o aprendizado mais divertido e emocionante para as crian\u00e7as, o que pode aumentar sua motiva\u00e7\u00e3o para participar e aprender.<\/li>\n<li><strong>Desenvolvimento da Linguagem Oral e Escrita:<\/strong> Ao manipular as s\u00edlabas e formar palavras, as crian\u00e7as est\u00e3o praticando habilidades de linguagem oral e escrita, incluindo vocabul\u00e1rio, pron\u00fancia e ortografia.<\/li>\n<li><strong>Diferencia\u00e7\u00e3o de Sons:<\/strong> Ajuda na distin\u00e7\u00e3o entre sons semelhantes e na compreens\u00e3o das regras fon\u00e9ticas que governam a forma\u00e7\u00e3o de palavras.<\/li>\n<li><strong>Prepara\u00e7\u00e3o para a Leitura e Escrita:<\/strong> Ao praticar com s\u00edlabas complexas, as crian\u00e7as est\u00e3o construindo as habilidades necess\u00e1rias para a leitura e a escrita, preparando-as para um sucesso futuro na alfabetiza\u00e7\u00e3o.<\/li>\n<\/ul>\n","protected":false},"excerpt":{"rendered":"<p>Roletas das Fam\u00edlias Sil\u00e1bicas Complexas para trabalhar o conte\u00fado com crian\u00e7as em fase de Alfabetiza\u00e7\u00e3o. Recurso ilustrado e interativo, excelente para facilitar a compreens\u00e3o e memoriza\u00e7\u00e3o do conte\u00fado, al\u00e9m de atrair a aten\u00e7\u00e3o e interesse das crian\u00e7as. O arquivo vai com a roleta de todas as fam\u00edlias sil\u00e1bicas complexas, com 1 roleta por p\u00e1gina, em [&hellip;]<\/p>\n","protected":false},"featured_media":3662,"comment_status":"open","ping_status":"closed","template":"","meta":[],"product_brand":[],"product_cat":[24],"product_tag":[],"class_list":{"0":"post-3660","1":"product","2":"type-product","3":"status-publish","4":"has-post-thumbnail","6":"product_cat-recursos-pedagogicos","8":"first","9":"instock","10":"downloadable","11":"shipping-taxable","12":"purchasable","13":"product-type-simple"},"jetpack_sharing_enabled":true,"_links":{"self":[{"href":"https:\/\/ocantinhodepapel.com\/index.php\/wp-json\/wp\/v2\/product\/3660","targetHints":{"allow":["GET"]}}],"collection":[{"href":"https:\/\/ocantinhodepapel.com\/index.php\/wp-json\/wp\/v2\/product"}],"about":[{"href":"https:\/\/ocantinhodepapel.com\/index.php\/wp-json\/wp\/v2\/types\/product"}],"replies":[{"embeddable":true,"href":"https:\/\/ocantinhodepapel.com\/index.php\/wp-json\/wp\/v2\/comments?post=3660"}],"wp:featuredmedia":[{"embeddable":true,"href":"https:\/\/ocantinhodepapel.com\/index.php\/wp-json\/wp\/v2\/media\/3662"}],"wp:attachment":[{"href":"https:\/\/ocantinhodepapel.com\/index.php\/wp-json\/wp\/v2\/media?parent=3660"}],"wp:term":[{"taxonomy":"product_brand","embeddable":true,"href":"https:\/\/ocantinhodepapel.com\/index.php\/wp-json\/wp\/v2\/product_brand?post=3660"},{"taxonomy":"product_cat","embeddable":true,"href":"https:\/\/ocantinhodepapel.com\/index.php\/wp-json\/wp\/v2\/product_cat?post=3660"},{"taxonomy":"product_tag","embeddable":true,"href":"https:\/\/ocantinhodepapel.com\/index.php\/wp-json\/wp\/v2\/product_tag?post=3660"}],"curies":[{"name":"wp","href":"https:\/\/api.w.org\/{rel}","templated":true}]}}