{"id":3653,"date":"2025-10-21T02:54:57","date_gmt":"2025-10-21T05:54:57","guid":{"rendered":"https:\/\/ocantinhodepapel.com\/?post_type=product&#038;p=3653"},"modified":"2025-12-01T01:35:44","modified_gmt":"2025-12-01T04:35:44","slug":"dia-da-merendeira","status":"publish","type":"product","link":"https:\/\/ocantinhodepapel.com\/index.php\/produto\/dia-da-merendeira\/","title":{"rendered":"Dia da Merendeira"},"content":{"rendered":"<p>Kit Lembrancinhas Dia da Merendeira\/ Merendeiro.<\/p>\n<p>O arquivo vai com 5 modelos prontos para impress\u00e3o, que incluem:<\/p>\n<ul>\n<li>Sacolinha avental<\/li>\n<li>Sacolinha retangular<\/li>\n<li>Caixinha quadrada<\/li>\n<li>Caixinha retangular<\/li>\n<li>Cart\u00e3o formato t\u00e1bua<\/li>\n<\/ul>\n<p>O arquivo Vai em PDF pronto para impress\u00e3o.<\/p>\n","protected":false},"excerpt":{"rendered":"<p>Kit Lembrancinhas Dia da Merendeira\/ Merendeiro. O arquivo vai com 5 modelos prontos para impress\u00e3o, que incluem: Sacolinha avental Sacolinha retangular Caixinha quadrada Caixinha retangular Cart\u00e3o formato t\u00e1bua O arquivo Vai em PDF pronto para impress\u00e3o.<\/p>\n","protected":false},"featured_media":3655,"comment_status":"open","ping_status":"closed","template":"","meta":[],"product_brand":[],"product_cat":[26],"product_tag":[],"class_list":{"0":"post-3653","1":"product","2":"type-product","3":"status-publish","4":"has-post-thumbnail","6":"product_cat-datas-comemorativas","8":"first","9":"instock","10":"downloadable","11":"shipping-taxable","12":"purchasable","13":"product-type-simple"},"jetpack_sharing_enabled":true,"_links":{"self":[{"href":"https:\/\/ocantinhodepapel.com\/index.php\/wp-json\/wp\/v2\/product\/3653","targetHints":{"allow":["GET"]}}],"collection":[{"href":"https:\/\/ocantinhodepapel.com\/index.php\/wp-json\/wp\/v2\/product"}],"about":[{"href":"https:\/\/ocantinhodepapel.com\/index.php\/wp-json\/wp\/v2\/types\/product"}],"replies":[{"embeddable":true,"href":"https:\/\/ocantinhodepapel.com\/index.php\/wp-json\/wp\/v2\/comments?post=3653"}],"wp:featuredmedia":[{"embeddable":true,"href":"https:\/\/ocantinhodepapel.com\/index.php\/wp-json\/wp\/v2\/media\/3655"}],"wp:attachment":[{"href":"https:\/\/ocantinhodepapel.com\/index.php\/wp-json\/wp\/v2\/media?parent=3653"}],"wp:term":[{"taxonomy":"product_brand","embeddable":true,"href":"https:\/\/ocantinhodepapel.com\/index.php\/wp-json\/wp\/v2\/product_brand?post=3653"},{"taxonomy":"product_cat","embeddable":true,"href":"https:\/\/ocantinhodepapel.com\/index.php\/wp-json\/wp\/v2\/product_cat?post=3653"},{"taxonomy":"product_tag","embeddable":true,"href":"https:\/\/ocantinhodepapel.com\/index.php\/wp-json\/wp\/v2\/product_tag?post=3653"}],"curies":[{"name":"wp","href":"https:\/\/api.w.org\/{rel}","templated":true}]}}