{"id":3610,"date":"2025-10-15T16:18:03","date_gmt":"2025-10-15T19:18:03","guid":{"rendered":"https:\/\/ocantinhodepapel.com\/?post_type=product&#038;p=3610"},"modified":"2025-12-01T01:35:46","modified_gmt":"2025-12-01T04:35:46","slug":"painel-minha-rotina","status":"publish","type":"product","link":"https:\/\/ocantinhodepapel.com\/index.php\/produto\/painel-minha-rotina\/","title":{"rendered":"Painel Minha Rotina"},"content":{"rendered":"<p>O arquivo &#8216;Painel Minha Rotina&#8217; \u00e9 um recurso pedag\u00f3gico ideal para ensinar e refor\u00e7ar a compreens\u00e3o de rotina di\u00e1ria com crian\u00e7as da Educa\u00e7\u00e3o Especial.<\/p>\n<p>O material vai em PDF pronto para impress\u00e3o, e inclui 29 fichas e 1 painel. Este material permite organizar visualmente as atividades do dia a dia, ajudando as crian\u00e7as a desenvolver habilidades de planejamento, previsibilidade e autonomia, de forma adaptada e l\u00fadica \u00e0s suas necessidades individuais.<\/p>\n<p><strong>\u00c9 recomendado imprimir em papel fotogr\u00e1fico de gramatura 180.<\/strong><\/p>\n<p>Objetivos da proposta:<\/p>\n<ul>\n<li>Desenvolvimento da Autonomia<\/li>\n<li>Melhoria na Compreens\u00e3o de Sequ\u00eancias e Estruturas<\/li>\n<li>Aprimoramento da Previsibilidade e Seguran\u00e7a<\/li>\n<li>Desenvolvimento de Habilidades de Planejamento e Organiza\u00e7\u00e3o<\/li>\n<li>Inclus\u00e3o e Acessibilidade<\/li>\n<li>Est\u00edmulo Cognitivo<\/li>\n<li>Facilita\u00e7\u00e3o da Comunica\u00e7\u00e3o<\/li>\n<\/ul>\n","protected":false},"excerpt":{"rendered":"<p>O arquivo &#8216;Painel Minha Rotina&#8217; \u00e9 um recurso pedag\u00f3gico ideal para ensinar e refor\u00e7ar a compreens\u00e3o de rotina di\u00e1ria com crian\u00e7as da Educa\u00e7\u00e3o Especial. O material vai em PDF pronto para impress\u00e3o, e inclui 29 fichas e 1 painel. Este material permite organizar visualmente as atividades do dia a dia, ajudando as crian\u00e7as a desenvolver [&hellip;]<\/p>\n","protected":false},"featured_media":3612,"comment_status":"open","ping_status":"closed","template":"","meta":[],"product_brand":[],"product_cat":[24],"product_tag":[],"class_list":{"0":"post-3610","1":"product","2":"type-product","3":"status-publish","4":"has-post-thumbnail","6":"product_cat-recursos-pedagogicos","8":"first","9":"instock","10":"downloadable","11":"shipping-taxable","12":"purchasable","13":"product-type-simple"},"jetpack_sharing_enabled":true,"_links":{"self":[{"href":"https:\/\/ocantinhodepapel.com\/index.php\/wp-json\/wp\/v2\/product\/3610","targetHints":{"allow":["GET"]}}],"collection":[{"href":"https:\/\/ocantinhodepapel.com\/index.php\/wp-json\/wp\/v2\/product"}],"about":[{"href":"https:\/\/ocantinhodepapel.com\/index.php\/wp-json\/wp\/v2\/types\/product"}],"replies":[{"embeddable":true,"href":"https:\/\/ocantinhodepapel.com\/index.php\/wp-json\/wp\/v2\/comments?post=3610"}],"wp:featuredmedia":[{"embeddable":true,"href":"https:\/\/ocantinhodepapel.com\/index.php\/wp-json\/wp\/v2\/media\/3612"}],"wp:attachment":[{"href":"https:\/\/ocantinhodepapel.com\/index.php\/wp-json\/wp\/v2\/media?parent=3610"}],"wp:term":[{"taxonomy":"product_brand","embeddable":true,"href":"https:\/\/ocantinhodepapel.com\/index.php\/wp-json\/wp\/v2\/product_brand?post=3610"},{"taxonomy":"product_cat","embeddable":true,"href":"https:\/\/ocantinhodepapel.com\/index.php\/wp-json\/wp\/v2\/product_cat?post=3610"},{"taxonomy":"product_tag","embeddable":true,"href":"https:\/\/ocantinhodepapel.com\/index.php\/wp-json\/wp\/v2\/product_tag?post=3610"}],"curies":[{"name":"wp","href":"https:\/\/api.w.org\/{rel}","templated":true}]}}