{"id":3569,"date":"2025-10-11T07:00:24","date_gmt":"2025-10-11T10:00:24","guid":{"rendered":"https:\/\/ocantinhodepapel.com\/?post_type=product&#038;p=3569"},"modified":"2025-12-01T01:35:48","modified_gmt":"2025-12-01T04:35:48","slug":"luva-patinho-colorido","status":"publish","type":"product","link":"https:\/\/ocantinhodepapel.com\/index.php\/produto\/luva-patinho-colorido\/","title":{"rendered":"Luva Patinho Colorido"},"content":{"rendered":"<p>Luva musical \u201cO Patinho Colorido\u201d ideal para turmas de Educa\u00e7\u00e3o Infantil.<\/p>\n<p>O material vai com cards coloridos e com a m\u00fasica no verso da luva.<\/p>\n<p>Para impress\u00e3o recomendamos utilizar papel de gramatura 180 ou 230.<\/p>\n<p>O arquivo vai em PDF pronto para impress\u00e3o.<\/p>\n","protected":false},"excerpt":{"rendered":"<p>Luva musical \u201cO Patinho Colorido\u201d ideal para turmas de Educa\u00e7\u00e3o Infantil. O material vai com cards coloridos e com a m\u00fasica no verso da luva. Para impress\u00e3o recomendamos utilizar papel de gramatura 180 ou 230. O arquivo vai em PDF pronto para impress\u00e3o.<\/p>\n","protected":false},"featured_media":3571,"comment_status":"open","ping_status":"closed","template":"","meta":[],"product_brand":[],"product_cat":[24],"product_tag":[],"class_list":{"0":"post-3569","1":"product","2":"type-product","3":"status-publish","4":"has-post-thumbnail","6":"product_cat-recursos-pedagogicos","8":"first","9":"instock","10":"downloadable","11":"shipping-taxable","12":"purchasable","13":"product-type-simple"},"jetpack_sharing_enabled":true,"_links":{"self":[{"href":"https:\/\/ocantinhodepapel.com\/index.php\/wp-json\/wp\/v2\/product\/3569","targetHints":{"allow":["GET"]}}],"collection":[{"href":"https:\/\/ocantinhodepapel.com\/index.php\/wp-json\/wp\/v2\/product"}],"about":[{"href":"https:\/\/ocantinhodepapel.com\/index.php\/wp-json\/wp\/v2\/types\/product"}],"replies":[{"embeddable":true,"href":"https:\/\/ocantinhodepapel.com\/index.php\/wp-json\/wp\/v2\/comments?post=3569"}],"wp:featuredmedia":[{"embeddable":true,"href":"https:\/\/ocantinhodepapel.com\/index.php\/wp-json\/wp\/v2\/media\/3571"}],"wp:attachment":[{"href":"https:\/\/ocantinhodepapel.com\/index.php\/wp-json\/wp\/v2\/media?parent=3569"}],"wp:term":[{"taxonomy":"product_brand","embeddable":true,"href":"https:\/\/ocantinhodepapel.com\/index.php\/wp-json\/wp\/v2\/product_brand?post=3569"},{"taxonomy":"product_cat","embeddable":true,"href":"https:\/\/ocantinhodepapel.com\/index.php\/wp-json\/wp\/v2\/product_cat?post=3569"},{"taxonomy":"product_tag","embeddable":true,"href":"https:\/\/ocantinhodepapel.com\/index.php\/wp-json\/wp\/v2\/product_tag?post=3569"}],"curies":[{"name":"wp","href":"https:\/\/api.w.org\/{rel}","templated":true}]}}