{"id":3563,"date":"2025-10-10T07:00:06","date_gmt":"2025-10-10T10:00:06","guid":{"rendered":"https:\/\/ocantinhodepapel.com\/?post_type=product&#038;p=3563"},"modified":"2025-12-01T01:35:49","modified_gmt":"2025-12-01T04:35:49","slug":"textinhos-silabas-complexas","status":"publish","type":"product","link":"https:\/\/ocantinhodepapel.com\/index.php\/produto\/textinhos-silabas-complexas\/","title":{"rendered":"Textinhos S\u00edlabas Complexas"},"content":{"rendered":"<p>O arquivo possui 26 textos para leitura, em que cada um estimula a leitura de uma fam\u00edlia sil\u00e1bica complexa. A utiliza\u00e7\u00e3o de textos curtos como ferramenta de treino de leitura para crian\u00e7as em fase de alfabetiza\u00e7\u00e3o pode trazer muitos benef\u00edcios, pois s\u00e3o mais f\u00e1ceis de serem lidos e compreendidos, o que pode ajudar no processo de aprendizado.<\/p>\n<p>Isso porque a crian\u00e7a n\u00e3o se sente sobrecarregada com69 muitas informa\u00e7\u00f5es e pode se concentrar melhor na leitura. Isso torna o processo de aprendizado mais din\u00e2mico e divertido, o que pode ajudar a crian\u00e7a a se interessar mais pela leitura.<\/p>\n<p>Por fim, os textos curtos das fam\u00edlias sil\u00e1bicas complexas s\u00e3o uma boa op\u00e7\u00e3o para treinos di\u00e1rios, j\u00e1 que podem ser lidos rapidamente e exigem pouco tempo de prepara\u00e7\u00e3o. Isso torna mais f\u00e1cil para incluir a leitura na rotina das crian\u00e7as em fase de alfabetiza\u00e7\u00e3o.<\/p>\n","protected":false},"excerpt":{"rendered":"<p>O arquivo possui 26 textos para leitura, em que cada um estimula a leitura de uma fam\u00edlia sil\u00e1bica complexa. A utiliza\u00e7\u00e3o de textos curtos como ferramenta de treino de leitura para crian\u00e7as em fase de alfabetiza\u00e7\u00e3o pode trazer muitos benef\u00edcios, pois s\u00e3o mais f\u00e1ceis de serem lidos e compreendidos, o que pode ajudar no processo [&hellip;]<\/p>\n","protected":false},"featured_media":3565,"comment_status":"open","ping_status":"closed","template":"","meta":[],"product_brand":[],"product_cat":[24],"product_tag":[],"class_list":{"0":"post-3563","1":"product","2":"type-product","3":"status-publish","4":"has-post-thumbnail","6":"product_cat-recursos-pedagogicos","8":"first","9":"instock","10":"downloadable","11":"shipping-taxable","12":"purchasable","13":"product-type-simple"},"jetpack_sharing_enabled":true,"_links":{"self":[{"href":"https:\/\/ocantinhodepapel.com\/index.php\/wp-json\/wp\/v2\/product\/3563","targetHints":{"allow":["GET"]}}],"collection":[{"href":"https:\/\/ocantinhodepapel.com\/index.php\/wp-json\/wp\/v2\/product"}],"about":[{"href":"https:\/\/ocantinhodepapel.com\/index.php\/wp-json\/wp\/v2\/types\/product"}],"replies":[{"embeddable":true,"href":"https:\/\/ocantinhodepapel.com\/index.php\/wp-json\/wp\/v2\/comments?post=3563"}],"wp:featuredmedia":[{"embeddable":true,"href":"https:\/\/ocantinhodepapel.com\/index.php\/wp-json\/wp\/v2\/media\/3565"}],"wp:attachment":[{"href":"https:\/\/ocantinhodepapel.com\/index.php\/wp-json\/wp\/v2\/media?parent=3563"}],"wp:term":[{"taxonomy":"product_brand","embeddable":true,"href":"https:\/\/ocantinhodepapel.com\/index.php\/wp-json\/wp\/v2\/product_brand?post=3563"},{"taxonomy":"product_cat","embeddable":true,"href":"https:\/\/ocantinhodepapel.com\/index.php\/wp-json\/wp\/v2\/product_cat?post=3563"},{"taxonomy":"product_tag","embeddable":true,"href":"https:\/\/ocantinhodepapel.com\/index.php\/wp-json\/wp\/v2\/product_tag?post=3563"}],"curies":[{"name":"wp","href":"https:\/\/api.w.org\/{rel}","templated":true}]}}