{"id":3548,"date":"2025-10-09T07:02:30","date_gmt":"2025-10-09T10:02:30","guid":{"rendered":"https:\/\/ocantinhodepapel.com\/?post_type=product&#038;p=3548"},"modified":"2025-12-01T01:35:50","modified_gmt":"2025-12-01T04:35:50","slug":"roleta-das-cores","status":"publish","type":"product","link":"https:\/\/ocantinhodepapel.com\/index.php\/produto\/roleta-das-cores\/","title":{"rendered":"Roleta das Cores"},"content":{"rendered":"<p>Arquivo Roleta das Cores, recurso com 10 roletas interativas para trabalhar cores com crian\u00e7as da Educa\u00e7\u00e3o Especial.<\/p>\n<p>O material vai em PDF pronto para impress\u00e3o, e inclui a roleta das seguintes cores: amarelo, vermelho, azul, verde, rosa, marrom, preto, branco, laranja e roxo.<\/p>\n<p>Para montar as roletas \u00e9 necess\u00e1rio utilizar colchetes.<\/p>\n<p>Objetivos da proposta:<\/p>\n<ul>\n<li>Estimula\u00e7\u00e3o Visual<\/li>\n<li>Desenvolvimento Cognitivo<\/li>\n<li>Engajamento e Motiva\u00e7\u00e3o<\/li>\n<li>Coordena\u00e7\u00e3o Motora<\/li>\n<li>Habilidades Sociais<\/li>\n<li>Aprendizado Multissensorial<\/li>\n<li>Flexibilidade e Adapta\u00e7\u00e3o<\/li>\n<li>Refor\u00e7o Positivo<\/li>\n<li>Diversifica\u00e7\u00e3o das Atividades<\/li>\n<\/ul>\n","protected":false},"excerpt":{"rendered":"<p>Arquivo Roleta das Cores, recurso com 10 roletas interativas para trabalhar cores com crian\u00e7as da Educa\u00e7\u00e3o Especial. O material vai em PDF pronto para impress\u00e3o, e inclui a roleta das seguintes cores: amarelo, vermelho, azul, verde, rosa, marrom, preto, branco, laranja e roxo. Para montar as roletas \u00e9 necess\u00e1rio utilizar colchetes. Objetivos da proposta: Estimula\u00e7\u00e3o [&hellip;]<\/p>\n","protected":false},"featured_media":3550,"comment_status":"open","ping_status":"closed","template":"","meta":[],"product_brand":[],"product_cat":[24],"product_tag":[],"class_list":{"0":"post-3548","1":"product","2":"type-product","3":"status-publish","4":"has-post-thumbnail","6":"product_cat-recursos-pedagogicos","8":"first","9":"instock","10":"downloadable","11":"shipping-taxable","12":"purchasable","13":"product-type-simple"},"jetpack_sharing_enabled":true,"_links":{"self":[{"href":"https:\/\/ocantinhodepapel.com\/index.php\/wp-json\/wp\/v2\/product\/3548","targetHints":{"allow":["GET"]}}],"collection":[{"href":"https:\/\/ocantinhodepapel.com\/index.php\/wp-json\/wp\/v2\/product"}],"about":[{"href":"https:\/\/ocantinhodepapel.com\/index.php\/wp-json\/wp\/v2\/types\/product"}],"replies":[{"embeddable":true,"href":"https:\/\/ocantinhodepapel.com\/index.php\/wp-json\/wp\/v2\/comments?post=3548"}],"wp:featuredmedia":[{"embeddable":true,"href":"https:\/\/ocantinhodepapel.com\/index.php\/wp-json\/wp\/v2\/media\/3550"}],"wp:attachment":[{"href":"https:\/\/ocantinhodepapel.com\/index.php\/wp-json\/wp\/v2\/media?parent=3548"}],"wp:term":[{"taxonomy":"product_brand","embeddable":true,"href":"https:\/\/ocantinhodepapel.com\/index.php\/wp-json\/wp\/v2\/product_brand?post=3548"},{"taxonomy":"product_cat","embeddable":true,"href":"https:\/\/ocantinhodepapel.com\/index.php\/wp-json\/wp\/v2\/product_cat?post=3548"},{"taxonomy":"product_tag","embeddable":true,"href":"https:\/\/ocantinhodepapel.com\/index.php\/wp-json\/wp\/v2\/product_tag?post=3548"}],"curies":[{"name":"wp","href":"https:\/\/api.w.org\/{rel}","templated":true}]}}