{"id":3504,"date":"2025-10-06T02:17:13","date_gmt":"2025-10-06T05:17:13","guid":{"rendered":"https:\/\/ocantinhodepapel.com\/?post_type=product&#038;p=3504"},"modified":"2025-12-01T01:36:43","modified_gmt":"2025-12-01T04:36:43","slug":"bonequinhos-para-montar","status":"publish","type":"product","link":"https:\/\/ocantinhodepapel.com\/index.php\/produto\/bonequinhos-para-montar\/","title":{"rendered":"Bonequinhos Para Montar"},"content":{"rendered":"<p>A apostila possui 8 p\u00e1ginas com 6 op\u00e7\u00f5es de montagem dos bonequinhos, para a crian\u00e7a observar o modelo e reproduzir seguindo os mesmos elementos.<\/p>\n<p>Essa proposta desenvolve a percep\u00e7\u00e3o visual, aten\u00e7\u00e3o, criatividade e concentra\u00e7\u00e3o.<\/p>\n<p>Por ser l\u00fadica e atrativa favorece o interesse e a participa\u00e7\u00e3o das crian\u00e7as.<br \/>\nAp\u00f3s reproduzir as cria\u00e7\u00f5es propostas, a crian\u00e7a pode criar seu pr\u00f3prio bonequinho, utilizando os elementos dispon\u00edveis e fazendo seu pr\u00f3prio modelo de boneco.<\/p>\n","protected":false},"excerpt":{"rendered":"<p>A apostila possui 8 p\u00e1ginas com 6 op\u00e7\u00f5es de montagem dos bonequinhos, para a crian\u00e7a observar o modelo e reproduzir seguindo os mesmos elementos. Essa proposta desenvolve a percep\u00e7\u00e3o visual, aten\u00e7\u00e3o, criatividade e concentra\u00e7\u00e3o. Por ser l\u00fadica e atrativa favorece o interesse e a participa\u00e7\u00e3o das crian\u00e7as. Ap\u00f3s reproduzir as cria\u00e7\u00f5es propostas, a crian\u00e7a pode [&hellip;]<\/p>\n","protected":false},"featured_media":3507,"comment_status":"open","ping_status":"closed","template":"","meta":[],"product_brand":[],"product_cat":[24],"product_tag":[],"class_list":{"0":"post-3504","1":"product","2":"type-product","3":"status-publish","4":"has-post-thumbnail","6":"product_cat-recursos-pedagogicos","8":"first","9":"instock","10":"downloadable","11":"shipping-taxable","12":"purchasable","13":"product-type-simple"},"jetpack_sharing_enabled":true,"_links":{"self":[{"href":"https:\/\/ocantinhodepapel.com\/index.php\/wp-json\/wp\/v2\/product\/3504","targetHints":{"allow":["GET"]}}],"collection":[{"href":"https:\/\/ocantinhodepapel.com\/index.php\/wp-json\/wp\/v2\/product"}],"about":[{"href":"https:\/\/ocantinhodepapel.com\/index.php\/wp-json\/wp\/v2\/types\/product"}],"replies":[{"embeddable":true,"href":"https:\/\/ocantinhodepapel.com\/index.php\/wp-json\/wp\/v2\/comments?post=3504"}],"wp:featuredmedia":[{"embeddable":true,"href":"https:\/\/ocantinhodepapel.com\/index.php\/wp-json\/wp\/v2\/media\/3507"}],"wp:attachment":[{"href":"https:\/\/ocantinhodepapel.com\/index.php\/wp-json\/wp\/v2\/media?parent=3504"}],"wp:term":[{"taxonomy":"product_brand","embeddable":true,"href":"https:\/\/ocantinhodepapel.com\/index.php\/wp-json\/wp\/v2\/product_brand?post=3504"},{"taxonomy":"product_cat","embeddable":true,"href":"https:\/\/ocantinhodepapel.com\/index.php\/wp-json\/wp\/v2\/product_cat?post=3504"},{"taxonomy":"product_tag","embeddable":true,"href":"https:\/\/ocantinhodepapel.com\/index.php\/wp-json\/wp\/v2\/product_tag?post=3504"}],"curies":[{"name":"wp","href":"https:\/\/api.w.org\/{rel}","templated":true}]}}